{"id":248533,"date":"2022-12-21T12:48:14","date_gmt":"2022-12-21T12:48:14","guid":{"rendered":"https:\/\/promark365.com\/insights\/"},"modified":"2026-01-06T10:49:01","modified_gmt":"2026-01-06T10:49:01","slug":"indsigt","status":"publish","type":"page","link":"https:\/\/worklinq.com\/da\/indsigt\/","title":{"rendered":"Indsigt"},"content":{"rendered":"<p>[et_pb_section fb_built=&#8221;1&#8243; admin_label=&#8221;Sektion&#8221; _builder_version=&#8221;4.19.2&#8243; _module_preset=&#8221;default&#8221; background_enable_color=&#8221;off&#8221; use_background_color_gradient=&#8221;on&#8221; background_color_gradient_stops=&#8221;rgba(255,255,255,0.5) 0%|rgba(255,255,255,0.5) 100%&#8221; background_color_gradient_start=&#8221;rgba(255,255,255,0.5)&#8221; background_color_gradient_end=&#8221;rgba(255,255,255,0.5)&#8221; background_enable_image=&#8221;off&#8221; background_size=&#8221;initial&#8221; background_position=&#8221;center_left&#8221; custom_margin=&#8221;||||false|false&#8221; custom_padding=&#8221;||||false|false&#8221; animation_direction=&#8221;bottom&#8221; saved_tabs=&#8221;all&#8221; global_colors_info=&#8221;{}&#8221;][et_pb_row column_structure=&#8221;2_3,1_3&#8243; _builder_version=&#8221;4.27.4&#8243; _module_preset=&#8221;default&#8221; custom_margin=&#8221;||0px||false|false&#8221; custom_padding=&#8221;||0px||false|false&#8221; locked=&#8221;off&#8221; global_colors_info=&#8221;{}&#8221;][et_pb_column type=&#8221;2_3&#8243; module_class=&#8221;vertical-align&#8221; _builder_version=&#8221;4.19.2&#8243; _module_preset=&#8221;default&#8221; global_colors_info=&#8221;{}&#8221;][dsm_breadcrumbs show_home_icon=&#8221;off&#8221; _builder_version=&#8221;4.27.4&#8243; _module_preset=&#8221;default&#8221; global_colors_info=&#8221;{}&#8221;][\/dsm_breadcrumbs][et_pb_heading title=&#8221;Smartere arbejdsdage starter med bedre indsigt&#8221; _builder_version=&#8221;4.27.4&#8243; _module_preset=&#8221;default&#8221; global_colors_info=&#8221;{}&#8221;][\/et_pb_heading][et_pb_text module_class=&#8221;intro&#8221; _builder_version=&#8221;4.27.4&#8243; _module_preset=&#8221;4858b1ce-2105-4467-889d-e054ad94e761&#8243; custom_margin=&#8221;-40px||||false|false&#8221; custom_padding=&#8221;||||false|false&#8221; global_colors_info=&#8221;{}&#8221;]<\/p>\n<p><span>Bedre beslutninger i relation til arbejdsstyrken starter med en bedre forst\u00e5else. I vores indsigtssektion deler vi forskning, tendenser og ekspertr\u00e5d, der hj\u00e6lper dig med at navigere i den stadigt skiftende verden inden for workforce management.<\/span><\/p>\n<p><span>Uanset om du arbejder med HR, produktion, IT eller \u00f8konomi er disse indsigter udarbejdet for at hj\u00e6lpe dig med at l\u00f8se reelle problemer, l\u00e6re af dine kolleger og f\u00f8re din virksomhed mod mere produktive, menneskecentrerede arbejdsmetoder.<br \/><\/span><\/p>\n<p>[\/et_pb_text][\/et_pb_column][et_pb_column type=&#8221;1_3&#8243; module_class=&#8221;vertical-align&#8221; _builder_version=&#8221;4.19.2&#8243; _module_preset=&#8221;default&#8221; global_colors_info=&#8221;{}&#8221;][\/et_pb_column][\/et_pb_row][et_pb_row module_class=&#8221;nyheder&#8221; _builder_version=&#8221;4.19.2&#8243; _module_preset=&#8221;default&#8221; animation_direction=&#8221;bottom&#8221; hover_enabled=&#8221;0&#8243; locked=&#8221;off&#8221; global_colors_info=&#8221;%91%93&#8243; sticky_enabled=&#8221;0&#8243;][et_pb_column type=&#8221;4_4&#8243; _builder_version=&#8221;4.16&#8243; _module_preset=&#8221;default&#8221; global_colors_info=&#8221;{}&#8221;][et_pb_text module_class=&#8221;title-hero&#8221; _builder_version=&#8221;4.27.4&#8243; _module_preset=&#8221;default&#8221; custom_margin=&#8221;||0px||false|false&#8221; custom_padding=&#8221;||0px||false|false&#8221; global_colors_info=&#8221;{}&#8221;]<\/p>\n<h2>Vores nyeste indsigt<\/h2>\n<p>[\/et_pb_text][et_pb_code _builder_version=&#8221;4.27.4&#8243; _module_preset=&#8221;default&#8221; hover_enabled=&#8221;0&#8243; global_colors_info=&#8221;{}&#8221; sticky_enabled=&#8221;0&#8243;]    <div class=\"dp-dfg-skin-default insightsfilter\"><!-- wrapper -->\n\n        <!-- Filters -->\n        <div id=\"ptf-filter\" class=\"dp-dfg-filters\" data-allowed=\"post,e-books,newsroom,project\">\n            <button type=\"button\" class=\"ptf-btn active\" data-type=\"all\">Alle<\/button>\n                            <button type=\"button\" class=\"ptf-btn\" data-type=\"post\">\n                    Artikler                <\/button>\n                            <button type=\"button\" class=\"ptf-btn\" data-type=\"e-books\">\n                    Whitepapers                <\/button>\n                            <button type=\"button\" class=\"ptf-btn\" data-type=\"newsroom\">\n                    Nyheder                <\/button>\n                            <button type=\"button\" class=\"ptf-btn\" data-type=\"project\">\n                    Kundehistorier                <\/button>\n                    <\/div>\n\n        <!-- Divi style loader -->\n        <div id=\"ptf-spinner\" class=\"et-fb-loader-wrapper dp-dfg-loader\" style=\"display:none; top:100px; z-index: 99\">\n            <div class=\"et-fb-loader\"><\/div>\n        <\/div>\n\n        <!-- Results -->\n        <div id=\"ptf-results\"><\/div>\n\n    <\/div><!-- \/wrapper -->\n\n    <script>\n    jQuery(function ($) {\n      let currentType = \"all\"; \/\/ default to All on load\n\n      function loadResults(paged = 1) {\n        $(\"#ptf-spinner\").show();\n\n        const data = {\n          action: \"ptf_filter\",\n          ptype: currentType,\n          paged: paged\n        };\n\n        $.post(\"https:\/\/worklinq.com\/wp-admin\/admin-ajax.php\", data, function (res) {\n          $(\"#ptf-spinner\").hide();\n          if (res && res.success) {\n                $(\"#ptf-results\").fadeOut(150, function () {\n                    $(this).html(res.data).fadeIn(150);\n\n                    \/\/ Rebind pagination clicks\n                    $(\"#ptf-results .pagination-link\").off(\"click\").on(\"click\", function (e) {\n                    e.preventDefault();\n                    const page = $(this).data(\"page\");\n                    if (page) loadResults(page);\n                    });\n                });\n            }\n        });\n      }\n\n      \/\/ Initial load (All types)\n      loadResults();\n\n      \/\/ Button clicks\n      $(\"#ptf-filter\").on(\"click\", \".ptf-btn\", function () {\n        $(\"#ptf-filter .ptf-btn\").removeClass(\"active\");\n        $(this).addClass(\"active\");\n        currentType = $(this).data(\"type\") || \"all\";\n        loadResults(1);\n      });\n    });\n    <\/script>\n    [\/et_pb_code][\/et_pb_column][\/et_pb_row][\/et_pb_section]<\/p>\n","protected":false},"excerpt":{"rendered":"<p>Bedre beslutninger om arbejdsstyrken starter med en bedre forst\u00e5else. Bes\u00f8g vores videnscenter for inspiration.<\/p>\n","protected":false},"author":1,"featured_media":278351,"parent":0,"menu_order":0,"comment_status":"closed","ping_status":"closed","template":"","meta":{"_acf_changed":false,"_et_pb_use_builder":"on","_et_pb_old_content":"","_et_gb_content_width":"","footnotes":""},"class_list":["post-248533","page","type-page","status-publish","has-post-thumbnail","hentry"],"featured_image_src":"https:\/\/worklinq.com\/wp-content\/uploads\/2025\/08\/Project-level-workforce-insights.svg","acf":[],"yoast_head":"<!-- This site is optimized with the Yoast SEO plugin v27.3 - https:\/\/yoast.com\/product\/yoast-seo-wordpress\/ -->\n<title>Hold dig opdateret med indsigt i Workforce Management | Worklinq<\/title>\n<meta name=\"description\" content=\"L\u00e6s vores seneste tanker om Workforce Management for inspiration til, hvordan I f\u00e5r mest muligt ud af jeres medarbejdere og jeres virksomhed.\" \/>\n<meta name=\"robots\" content=\"index, follow, max-snippet:-1, max-image-preview:large, max-video-preview:-1\" \/>\n<link rel=\"canonical\" href=\"https:\/\/worklinq.com\/da\/indsigt\/\" \/>\n<meta property=\"og:locale\" content=\"da_DK\" \/>\n<meta property=\"og:type\" content=\"article\" \/>\n<meta property=\"og:title\" content=\"Hold dig opdateret med indsigt i Workforce Management | Worklinq\" \/>\n<meta property=\"og:description\" content=\"L\u00e6s vores seneste tanker om Workforce Management for inspiration til, hvordan I f\u00e5r mest muligt ud af jeres medarbejdere og jeres virksomhed.\" \/>\n<meta property=\"og:url\" content=\"https:\/\/worklinq.com\/da\/indsigt\/\" \/>\n<meta property=\"og:site_name\" content=\"Worklinq\" \/>\n<meta property=\"article:modified_time\" content=\"2026-01-06T10:49:01+00:00\" \/>\n<meta property=\"og:image\" content=\"https:\/\/worklinq.com\/wp-content\/uploads\/2025\/08\/Promo-PM-Worklinq.png\" \/>\n\t<meta property=\"og:image:width\" content=\"960\" \/>\n\t<meta property=\"og:image:height\" content=\"640\" \/>\n\t<meta property=\"og:image:type\" content=\"image\/png\" \/>\n<meta name=\"twitter:card\" content=\"summary_large_image\" \/>\n<meta name=\"twitter:label1\" content=\"Estimeret l\u00e6setid\" \/>\n\t<meta name=\"twitter:data1\" content=\"1 minut\" \/>\n<script type=\"application\/ld+json\" class=\"yoast-schema-graph\">{\"@context\":\"https:\\\/\\\/schema.org\",\"@graph\":[{\"@type\":\"WebPage\",\"@id\":\"https:\\\/\\\/worklinq.com\\\/da\\\/indsigt\\\/\",\"url\":\"https:\\\/\\\/worklinq.com\\\/da\\\/indsigt\\\/\",\"name\":\"Hold dig opdateret med indsigt i Workforce Management | Worklinq\",\"isPartOf\":{\"@id\":\"https:\\\/\\\/worklinq.com\\\/da\\\/#website\"},\"primaryImageOfPage\":{\"@id\":\"https:\\\/\\\/worklinq.com\\\/da\\\/indsigt\\\/#primaryimage\"},\"image\":{\"@id\":\"https:\\\/\\\/worklinq.com\\\/da\\\/indsigt\\\/#primaryimage\"},\"thumbnailUrl\":\"https:\\\/\\\/worklinq.com\\\/wp-content\\\/uploads\\\/2025\\\/08\\\/Project-level-workforce-insights.svg\",\"datePublished\":\"2022-12-21T12:48:14+00:00\",\"dateModified\":\"2026-01-06T10:49:01+00:00\",\"description\":\"L\u00e6s vores seneste tanker om Workforce Management for inspiration til, hvordan I f\u00e5r mest muligt ud af jeres medarbejdere og jeres virksomhed.\",\"breadcrumb\":{\"@id\":\"https:\\\/\\\/worklinq.com\\\/da\\\/indsigt\\\/#breadcrumb\"},\"inLanguage\":\"da-DK\",\"potentialAction\":[{\"@type\":\"ReadAction\",\"target\":[\"https:\\\/\\\/worklinq.com\\\/da\\\/indsigt\\\/\"]}]},{\"@type\":\"ImageObject\",\"inLanguage\":\"da-DK\",\"@id\":\"https:\\\/\\\/worklinq.com\\\/da\\\/indsigt\\\/#primaryimage\",\"url\":\"https:\\\/\\\/worklinq.com\\\/wp-content\\\/uploads\\\/2025\\\/08\\\/Project-level-workforce-insights.svg\",\"contentUrl\":\"https:\\\/\\\/worklinq.com\\\/wp-content\\\/uploads\\\/2025\\\/08\\\/Project-level-workforce-insights.svg\"},{\"@type\":\"BreadcrumbList\",\"@id\":\"https:\\\/\\\/worklinq.com\\\/da\\\/indsigt\\\/#breadcrumb\",\"itemListElement\":[{\"@type\":\"ListItem\",\"position\":1,\"name\":\"Hjem\",\"item\":\"https:\\\/\\\/worklinq.com\\\/da\\\/\"},{\"@type\":\"ListItem\",\"position\":2,\"name\":\"Indsigt\"}]},{\"@type\":\"WebSite\",\"@id\":\"https:\\\/\\\/worklinq.com\\\/da\\\/#website\",\"url\":\"https:\\\/\\\/worklinq.com\\\/da\\\/\",\"name\":\"Worklinq\",\"description\":\"Leading companies achieve results with ProMark\",\"publisher\":{\"@id\":\"https:\\\/\\\/worklinq.com\\\/da\\\/#organization\"},\"potentialAction\":[{\"@type\":\"SearchAction\",\"target\":{\"@type\":\"EntryPoint\",\"urlTemplate\":\"https:\\\/\\\/worklinq.com\\\/da\\\/?s={search_term_string}\"},\"query-input\":{\"@type\":\"PropertyValueSpecification\",\"valueRequired\":true,\"valueName\":\"search_term_string\"}}],\"inLanguage\":\"da-DK\"},{\"@type\":\"Organization\",\"@id\":\"https:\\\/\\\/worklinq.com\\\/da\\\/#organization\",\"name\":\"Worklinq\",\"url\":\"https:\\\/\\\/worklinq.com\\\/da\\\/\",\"logo\":{\"@type\":\"ImageObject\",\"inLanguage\":\"da-DK\",\"@id\":\"https:\\\/\\\/worklinq.com\\\/da\\\/#\\\/schema\\\/logo\\\/image\\\/\",\"url\":\"https:\\\/\\\/worklinq.com\\\/wp-content\\\/uploads\\\/2023\\\/01\\\/ProMark-compact-logo_trans.png\",\"contentUrl\":\"https:\\\/\\\/worklinq.com\\\/wp-content\\\/uploads\\\/2023\\\/01\\\/ProMark-compact-logo_trans.png\",\"width\":1155,\"height\":1155,\"caption\":\"Worklinq\"},\"image\":{\"@id\":\"https:\\\/\\\/worklinq.com\\\/da\\\/#\\\/schema\\\/logo\\\/image\\\/\"},\"sameAs\":[\"https:\\\/\\\/www.linkedin.com\\\/company\\\/mark-information-as\\\/\"]}]}<\/script>\n<!-- \/ Yoast SEO plugin. -->","yoast_head_json":{"title":"Hold dig opdateret med indsigt i Workforce Management | Worklinq","description":"L\u00e6s vores seneste tanker om Workforce Management for inspiration til, hvordan I f\u00e5r mest muligt ud af jeres medarbejdere og jeres virksomhed.","robots":{"index":"index","follow":"follow","max-snippet":"max-snippet:-1","max-image-preview":"max-image-preview:large","max-video-preview":"max-video-preview:-1"},"canonical":"https:\/\/worklinq.com\/da\/indsigt\/","og_locale":"da_DK","og_type":"article","og_title":"Hold dig opdateret med indsigt i Workforce Management | Worklinq","og_description":"L\u00e6s vores seneste tanker om Workforce Management for inspiration til, hvordan I f\u00e5r mest muligt ud af jeres medarbejdere og jeres virksomhed.","og_url":"https:\/\/worklinq.com\/da\/indsigt\/","og_site_name":"Worklinq","article_modified_time":"2026-01-06T10:49:01+00:00","og_image":[{"width":960,"height":640,"url":"https:\/\/worklinq.com\/wp-content\/uploads\/2025\/08\/Promo-PM-Worklinq.png","type":"image\/png"}],"twitter_card":"summary_large_image","twitter_misc":{"Estimeret l\u00e6setid":"1 minut"},"schema":{"@context":"https:\/\/schema.org","@graph":[{"@type":"WebPage","@id":"https:\/\/worklinq.com\/da\/indsigt\/","url":"https:\/\/worklinq.com\/da\/indsigt\/","name":"Hold dig opdateret med indsigt i Workforce Management | Worklinq","isPartOf":{"@id":"https:\/\/worklinq.com\/da\/#website"},"primaryImageOfPage":{"@id":"https:\/\/worklinq.com\/da\/indsigt\/#primaryimage"},"image":{"@id":"https:\/\/worklinq.com\/da\/indsigt\/#primaryimage"},"thumbnailUrl":"https:\/\/worklinq.com\/wp-content\/uploads\/2025\/08\/Project-level-workforce-insights.svg","datePublished":"2022-12-21T12:48:14+00:00","dateModified":"2026-01-06T10:49:01+00:00","description":"L\u00e6s vores seneste tanker om Workforce Management for inspiration til, hvordan I f\u00e5r mest muligt ud af jeres medarbejdere og jeres virksomhed.","breadcrumb":{"@id":"https:\/\/worklinq.com\/da\/indsigt\/#breadcrumb"},"inLanguage":"da-DK","potentialAction":[{"@type":"ReadAction","target":["https:\/\/worklinq.com\/da\/indsigt\/"]}]},{"@type":"ImageObject","inLanguage":"da-DK","@id":"https:\/\/worklinq.com\/da\/indsigt\/#primaryimage","url":"https:\/\/worklinq.com\/wp-content\/uploads\/2025\/08\/Project-level-workforce-insights.svg","contentUrl":"https:\/\/worklinq.com\/wp-content\/uploads\/2025\/08\/Project-level-workforce-insights.svg"},{"@type":"BreadcrumbList","@id":"https:\/\/worklinq.com\/da\/indsigt\/#breadcrumb","itemListElement":[{"@type":"ListItem","position":1,"name":"Hjem","item":"https:\/\/worklinq.com\/da\/"},{"@type":"ListItem","position":2,"name":"Indsigt"}]},{"@type":"WebSite","@id":"https:\/\/worklinq.com\/da\/#website","url":"https:\/\/worklinq.com\/da\/","name":"Worklinq","description":"Leading companies achieve results with ProMark","publisher":{"@id":"https:\/\/worklinq.com\/da\/#organization"},"potentialAction":[{"@type":"SearchAction","target":{"@type":"EntryPoint","urlTemplate":"https:\/\/worklinq.com\/da\/?s={search_term_string}"},"query-input":{"@type":"PropertyValueSpecification","valueRequired":true,"valueName":"search_term_string"}}],"inLanguage":"da-DK"},{"@type":"Organization","@id":"https:\/\/worklinq.com\/da\/#organization","name":"Worklinq","url":"https:\/\/worklinq.com\/da\/","logo":{"@type":"ImageObject","inLanguage":"da-DK","@id":"https:\/\/worklinq.com\/da\/#\/schema\/logo\/image\/","url":"https:\/\/worklinq.com\/wp-content\/uploads\/2023\/01\/ProMark-compact-logo_trans.png","contentUrl":"https:\/\/worklinq.com\/wp-content\/uploads\/2023\/01\/ProMark-compact-logo_trans.png","width":1155,"height":1155,"caption":"Worklinq"},"image":{"@id":"https:\/\/worklinq.com\/da\/#\/schema\/logo\/image\/"},"sameAs":["https:\/\/www.linkedin.com\/company\/mark-information-as\/"]}]}},"_links":{"self":[{"href":"https:\/\/worklinq.com\/da\/wp-json\/wp\/v2\/pages\/248533","targetHints":{"allow":["GET"]}}],"collection":[{"href":"https:\/\/worklinq.com\/da\/wp-json\/wp\/v2\/pages"}],"about":[{"href":"https:\/\/worklinq.com\/da\/wp-json\/wp\/v2\/types\/page"}],"author":[{"embeddable":true,"href":"https:\/\/worklinq.com\/da\/wp-json\/wp\/v2\/users\/1"}],"replies":[{"embeddable":true,"href":"https:\/\/worklinq.com\/da\/wp-json\/wp\/v2\/comments?post=248533"}],"version-history":[{"count":4,"href":"https:\/\/worklinq.com\/da\/wp-json\/wp\/v2\/pages\/248533\/revisions"}],"predecessor-version":[{"id":283459,"href":"https:\/\/worklinq.com\/da\/wp-json\/wp\/v2\/pages\/248533\/revisions\/283459"}],"wp:featuredmedia":[{"embeddable":true,"href":"https:\/\/worklinq.com\/da\/wp-json\/wp\/v2\/media\/278351"}],"wp:attachment":[{"href":"https:\/\/worklinq.com\/da\/wp-json\/wp\/v2\/media?parent=248533"}],"curies":[{"name":"wp","href":"https:\/\/api.w.org\/{rel}","templated":true}]}}