{"id":248603,"date":"2023-01-09T16:15:14","date_gmt":"2023-01-09T16:15:14","guid":{"rendered":"https:\/\/promark365.com\/about\/leadership\/"},"modified":"2026-02-12T21:12:48","modified_gmt":"2026-02-12T21:12:48","slug":"ledelsen","status":"publish","type":"page","link":"https:\/\/worklinq.com\/da\/om-os\/ledelsen\/","title":{"rendered":"Ledelsen"},"content":{"rendered":"<p>[et_pb_section fb_built=&#8221;1&#8243; _builder_version=&#8221;4.27.4&#8243; _module_preset=&#8221;default&#8221; background_image=&#8221;https:\/\/worklinq.com\/wp-content\/uploads\/2025\/08\/hero-background.svg&#8221; global_colors_info=&#8221;{}&#8221;][et_pb_row column_structure=&#8221;1_2,1_2&#8243; module_class=&#8221;chero subhero casehero&#8221; _builder_version=&#8221;4.27.4&#8243; _module_preset=&#8221;default&#8221; global_colors_info=&#8221;{}&#8221;][et_pb_column type=&#8221;1_2&#8243; _builder_version=&#8221;4.27.4&#8243; _module_preset=&#8221;default&#8221; global_colors_info=&#8221;{}&#8221;][dsm_breadcrumbs show_home_icon=&#8221;off&#8221; _builder_version=&#8221;4.27.4&#8243; _module_preset=&#8221;default&#8221; global_colors_info=&#8221;{}&#8221;][\/dsm_breadcrumbs][et_pb_heading title=&#8221;Vores ledelse&#8221; _builder_version=&#8221;4.27.4&#8243; _module_preset=&#8221;default&#8221; global_colors_info=&#8221;{}&#8221;][\/et_pb_heading][et_pb_text _builder_version=&#8221;4.27.4&#8243; _module_preset=&#8221;default&#8221; global_colors_info=&#8221;{}&#8221;]<\/p>\n<p class=\"p1\">M\u00f8d personerne, der leder Worklinq. Vores ledelsesteam har omfattende erfaring og ekspertise inden for teknologi, forretning og workforce management, som bidrager til at styre vores strategi og hj\u00e6lpe vores kunder.<\/p>\n<p>Fordi vi er menneskecentrerede af natur, er People &#038; Culture en del af vores ledelse \u2013 og danner grundlaget for, hvordan vi udvikler vores produkt, servicerer vores kunder og vokser som et team.<\/p>\n<p>[\/et_pb_text][\/et_pb_column][et_pb_column type=&#8221;1_2&#8243; _builder_version=&#8221;4.27.4&#8243; _module_preset=&#8221;default&#8221; background_enable_image=&#8221;off&#8221; global_colors_info=&#8221;{}&#8221;][et_pb_image src=&#8221;https:\/\/worklinq.com\/wp-content\/uploads\/2025\/08\/DSC9687-scaled.jpg&#8221; alt=&#8221;Worklinq Team&#8221; title_text=&#8221;_DSC9687&#8243; module_class=&#8221;objectfit&#8221; _builder_version=&#8221;4.27.4&#8243; _module_preset=&#8221;default&#8221; border_radii=&#8221;on|24px|24px|24px|24px&#8221; global_colors_info=&#8221;{}&#8221;][\/et_pb_image][\/et_pb_column][\/et_pb_row][\/et_pb_section][et_pb_section fb_built=&#8221;1&#8243; module_class=&#8221;col2 flex equalwidth leadership&#8221; _builder_version=&#8221;4.27.4&#8243; _module_preset=&#8221;default&#8221; global_colors_info=&#8221;{}&#8221;][et_pb_row column_structure=&#8221;1_2,1_2&#8243; module_class=&#8221;custom_row&#8221; _builder_version=&#8221;4.27.4&#8243; _module_preset=&#8221;default&#8221; module_alignment=&#8221;center&#8221; animation_direction=&#8221;bottom&#8221; global_colors_info=&#8221;%91%93&#8243;][et_pb_column type=&#8221;1_2&#8243; module_class=&#8221;first-on-mobile&#8221; _builder_version=&#8221;4.19.2&#8243; _module_preset=&#8221;default&#8221; global_colors_info=&#8221;{}&#8221;][et_pb_image src=&#8221;https:\/\/worklinq.com\/wp-content\/uploads\/2026\/01\/Anders-Rosenbeck-.png&#8221; alt=&#8221;CEO Torkel Olrik&#8221; title_text=&#8221;Anders Rosenbeck&#8221; force_fullwidth=&#8221;on&#8221; _builder_version=&#8221;4.27.4&#8243; _module_preset=&#8221;default&#8221; border_radii=&#8221;on|20px|20px|20px|20px&#8221; global_colors_info=&#8221;{}&#8221;][\/et_pb_image][\/et_pb_column][et_pb_column type=&#8221;1_2&#8243; module_class=&#8221;last-on-mobile&#8221; _builder_version=&#8221;4.19.2&#8243; _module_preset=&#8221;default&#8221; global_colors_info=&#8221;{}&#8221;][et_pb_heading title=&#8221;Chief Executive Officer&#8221; _builder_version=&#8221;4.27.4&#8243; _module_preset=&#8221;default&#8221; title_level=&#8221;h6&#8243; title_text_color=&#8221;#887DFD&#8221; global_colors_info=&#8221;{}&#8221;][\/et_pb_heading][et_pb_heading title=&#8221;Anders Rosenbeck&#8221; _builder_version=&#8221;4.27.4&#8243; _module_preset=&#8221;default&#8221; title_level=&#8221;h3&#8243; global_colors_info=&#8221;{}&#8221;][\/et_pb_heading][et_pb_text _builder_version=&#8221;4.27.4&#8243; _module_preset=&#8221;default&#8221; custom_padding=&#8221;0px||0px|||&#8221; global_colors_info=&#8221;{}&#8221;]<\/p>\n<p>Anders er administrerende direkt\u00f8r i Worklinq. Han blev en del af Worklinq i 2026 og kommer med dyb erfaring inden for SaaS og store virksomheder samt en solid track record inden for kundecentreret innovation, fusioner og opk\u00f8b samt platformsskalering p\u00e5 tv\u00e6rs af regulerede brancher. Som tidligere administrerende direkt\u00f8r og driftsdirekt\u00f8r for Tia Technology ledte han virksomheden gennem en betydelig v\u00e6kst, operationel transformation og en vellykket overtagelse af Sapiens International. Derudover har han haft ledende stillinger hos Collectia og Nykredit.<\/p>\n<p>[\/et_pb_text][\/et_pb_column][\/et_pb_row][et_pb_row column_structure=&#8221;1_2,1_2&#8243; module_class=&#8221;custom_row&#8221; _builder_version=&#8221;4.19.2&#8243; _module_preset=&#8221;default&#8221; animation_direction=&#8221;bottom&#8221; global_colors_info=&#8221;%91%93&#8243;][et_pb_column type=&#8221;1_2&#8243; module_class=&#8221;last-on-mobile&#8221; _builder_version=&#8221;4.19.2&#8243; _module_preset=&#8221;default&#8221; global_colors_info=&#8221;{}&#8221;][et_pb_heading title=&#8221;Chief Financial Officer&#8221; _builder_version=&#8221;4.27.4&#8243; _module_preset=&#8221;default&#8221; title_level=&#8221;h6&#8243; title_text_color=&#8221;#887DFD&#8221; global_colors_info=&#8221;{}&#8221;][\/et_pb_heading][et_pb_heading title=&#8221;Troels Kristensen&#8221; _builder_version=&#8221;4.27.4&#8243; _module_preset=&#8221;default&#8221; title_level=&#8221;h3&#8243; global_colors_info=&#8221;{}&#8221;][\/et_pb_heading][et_pb_text _builder_version=&#8221;4.27.5&#8243; _module_preset=&#8221;default&#8221; global_colors_info=&#8221;{}&#8221;]<\/p>\n<p>Troels er ansvarlig for Finance &amp; Administration i Worklinq og kommer med lang erfaring fra revisions- og r\u00e5dgivningsbranchen. Han blev en del af Worklinq i 2019 og har tidligere haft stillinger som revisor i KPMG og Financial Controller i PFA.<\/p>\n<p>Troels har en MSc i Business Economics and Auditing fra Copenhagen Business School.<\/p>\n<p>[\/et_pb_text][\/et_pb_column][et_pb_column type=&#8221;1_2&#8243; module_class=&#8221;first-on-mobile&#8221; _builder_version=&#8221;4.19.2&#8243; _module_preset=&#8221;default&#8221; global_colors_info=&#8221;{}&#8221;][et_pb_image src=&#8221;https:\/\/worklinq.com\/wp-content\/uploads\/2025\/08\/Troels-2.png&#8221; alt=&#8221;CTO Morten Janum&#8221; title_text=&#8221;Troels Kristensen&#8221; _builder_version=&#8221;4.27.4&#8243; _module_preset=&#8221;default&#8221; border_radii=&#8221;on|20px|20px|20px|20px&#8221; global_colors_info=&#8221;{}&#8221;][\/et_pb_image][\/et_pb_column][\/et_pb_row][et_pb_row column_structure=&#8221;1_2,1_2&#8243; module_class=&#8221;custom_row&#8221; _builder_version=&#8221;4.19.2&#8243; _module_preset=&#8221;default&#8221; animation_direction=&#8221;bottom&#8221; global_colors_info=&#8221;%91%93&#8243;][et_pb_column type=&#8221;1_2&#8243; module_class=&#8221;first-on-mobile&#8221; _builder_version=&#8221;4.19.2&#8243; _module_preset=&#8221;default&#8221; global_colors_info=&#8221;{}&#8221;][et_pb_image src=&#8221;https:\/\/worklinq.com\/wp-content\/uploads\/2025\/08\/Jonas.png&#8221; alt=&#8221;CFO Troels Kristensen&#8221; title_text=&#8221;Jonas Qvarfordt&#8221; _builder_version=&#8221;4.27.4&#8243; _module_preset=&#8221;default&#8221; border_radii=&#8221;on|20px|20px|20px|20px&#8221; global_colors_info=&#8221;{}&#8221;][\/et_pb_image][\/et_pb_column][et_pb_column type=&#8221;1_2&#8243; module_class=&#8221;last-on-mobile&#8221; _builder_version=&#8221;4.19.2&#8243; _module_preset=&#8221;default&#8221; global_colors_info=&#8221;{}&#8221;][et_pb_heading title=&#8221;Chief Revenue Officer&#8221; _builder_version=&#8221;4.27.4&#8243; _module_preset=&#8221;default&#8221; title_level=&#8221;h6&#8243; title_text_color=&#8221;#887DFD&#8221; global_colors_info=&#8221;{}&#8221;][\/et_pb_heading][et_pb_heading title=&#8221;Jonas Qvarfordt&#8221; _builder_version=&#8221;4.27.4&#8243; _module_preset=&#8221;default&#8221; title_level=&#8221;h3&#8243; global_colors_info=&#8221;{}&#8221;][\/et_pb_heading][et_pb_text _builder_version=&#8221;4.27.5&#8243; _module_preset=&#8221;default&#8221; global_colors_info=&#8221;{}&#8221;]<\/p>\n<p>Jonas er Chief Revenue Officer med ansvar for at skabe v\u00e6kst p\u00e5 det nordiske marked. Han blev en del af Worklinq i 2025 og har mere end 25 \u00e5rs erfaring inden for salgsledelse, operational excellence og digital transformation fra teknologibranchen. Jonas har tidligere haft stillinger som General Manager Nordics i CCH Tagetik og Sales Director i Oracle.<\/p>\n<p>Jonas har en kandidatgrad i Salg &amp; Marketing fra IHM Business School i Stockholm.<\/p>\n<p>[\/et_pb_text][\/et_pb_column][\/et_pb_row][et_pb_row column_structure=&#8221;1_2,1_2&#8243; module_class=&#8221;custom_row&#8221; _builder_version=&#8221;4.19.2&#8243; _module_preset=&#8221;default&#8221; animation_direction=&#8221;bottom&#8221; global_colors_info=&#8221;%91%93&#8243;][et_pb_column type=&#8221;1_2&#8243; module_class=&#8221;last-on-mobile&#8221; _builder_version=&#8221;4.19.2&#8243; _module_preset=&#8221;default&#8221; global_colors_info=&#8221;{}&#8221;][et_pb_heading title=&#8221;Chief Product &#038; Technology Officer&#8221; _builder_version=&#8221;4.27.5&#8243; _module_preset=&#8221;default&#8221; title_level=&#8221;h6&#8243; title_text_color=&#8221;#887DFD&#8221; global_colors_info=&#8221;{}&#8221;][\/et_pb_heading][et_pb_heading title=&#8221;Jesper Starch&#8221; _builder_version=&#8221;4.27.5&#8243; _module_preset=&#8221;default&#8221; title_level=&#8221;h3&#8243; global_colors_info=&#8221;{}&#8221;][\/et_pb_heading][et_pb_text _builder_version=&#8221;4.27.5&#8243; _module_preset=&#8221;default&#8221; hover_enabled=&#8221;0&#8243; global_colors_info=&#8221;{}&#8221; sticky_enabled=&#8221;0&#8243;]<\/p>\n<p>Jesper er for nylig tiltr\u00e5dt Worklinq som Chief Product &amp; Technology Officer, hvor han vil lede vores Product &amp; Engineering team.<\/p>\n<p>Jesper har 25 \u00e5rs erfaring med international B2B-software, heraf 15 \u00e5r i ledende stillinger. Han har stor erfaring med strategisk platformmodernisering, SaaS-produktstrategi og datadrevet og AI-baseret produktudvikling. Senest var han CPTO i et private equity-ejet MarTech SaaS-selskab.<\/p>\n<p>Jesper er uddannet inden for IT og softwareudvikling fra Copenhagen Business School.<\/p>\n<p>[\/et_pb_text][\/et_pb_column][et_pb_column type=&#8221;1_2&#8243; module_class=&#8221;first-on-mobile&#8221; _builder_version=&#8221;4.19.2&#8243; _module_preset=&#8221;default&#8221; global_colors_info=&#8221;{}&#8221;][et_pb_image src=&#8221;https:\/\/worklinq.com\/wp-content\/uploads\/2026\/02\/Jesper-Starch-web-v2.png&#8221; alt=&#8221;CTO Morten Janum&#8221; title_text=&#8221;Jesper Starch &#8211; web v2&#8243; _builder_version=&#8221;4.27.5&#8243; _module_preset=&#8221;default&#8221; border_radii=&#8221;on|20px|20px|20px|20px&#8221; global_colors_info=&#8221;{}&#8221;][\/et_pb_image][\/et_pb_column][\/et_pb_row][et_pb_row column_structure=&#8221;1_2,1_2&#8243; module_class=&#8221;custom_row&#8221; _builder_version=&#8221;4.19.2&#8243; _module_preset=&#8221;default&#8221; animation_direction=&#8221;bottom&#8221; global_colors_info=&#8221;%91%93&#8243;][et_pb_column type=&#8221;1_2&#8243; module_class=&#8221;first-on-mobile&#8221; _builder_version=&#8221;4.19.2&#8243; _module_preset=&#8221;default&#8221; global_colors_info=&#8221;{}&#8221;][et_pb_image src=&#8221;https:\/\/worklinq.com\/wp-content\/uploads\/2025\/08\/Daniel.png&#8221; alt=&#8221;Deputy Head of Sales and Marketing Henrik Trolle&#8221; title_text=&#8221;Daniel B. Stuhr&#8221; _builder_version=&#8221;4.27.4&#8243; _module_preset=&#8221;default&#8221; border_radii=&#8221;on|20px|20px|20px|20px&#8221; global_colors_info=&#8221;{}&#8221;][\/et_pb_image][\/et_pb_column][et_pb_column type=&#8221;1_2&#8243; module_class=&#8221;last-on-mobile&#8221; _builder_version=&#8221;4.19.2&#8243; _module_preset=&#8221;default&#8221; global_colors_info=&#8221;{}&#8221;][et_pb_heading title=&#8221;Chief Operating Officer&#8221; _builder_version=&#8221;4.27.5&#8243; _module_preset=&#8221;default&#8221; title_level=&#8221;h6&#8243; title_text_color=&#8221;#887DFD&#8221; global_colors_info=&#8221;{}&#8221;][\/et_pb_heading][et_pb_heading title=&#8221;Daniel B. Stuhr&#8221; _builder_version=&#8221;4.27.4&#8243; _module_preset=&#8221;default&#8221; title_level=&#8221;h3&#8243; global_colors_info=&#8221;{}&#8221;][\/et_pb_heading][et_pb_text _builder_version=&#8221;4.27.5&#8243; _module_preset=&#8221;default&#8221; global_colors_info=&#8221;{}&#8221;]<\/p>\n<p>Daniel er Chief Operating Officer hos Worklinq, hvor han leder vores Customer Operations &amp; Professional Services team.<\/p>\n<p>Daniel kom til Worklinq i 2023 og har mere end 15 \u00e5rs ekspertise inden for strategi, forretningsudvikling og transformation. Daniel spillede en central rolle i at drive Edlunds vellykkede overgang fra en on-premise til en SaaS-platform og har ogs\u00e5 haft ledende stillinger i organisationer som Falck, ISS osv.<\/p>\n<p>Daniel har en Cand.Merc. (Econ.) fra Copenhagen Business School.<\/p>\n<p>[\/et_pb_text][\/et_pb_column][\/et_pb_row][et_pb_row column_structure=&#8221;1_2,1_2&#8243; module_class=&#8221;custom_row&#8221; _builder_version=&#8221;4.19.2&#8243; _module_preset=&#8221;default&#8221; animation_direction=&#8221;bottom&#8221; global_colors_info=&#8221;%91%93&#8243;][et_pb_column type=&#8221;1_2&#8243; module_class=&#8221;last-on-mobile&#8221; _builder_version=&#8221;4.19.2&#8243; _module_preset=&#8221;default&#8221; global_colors_info=&#8221;{}&#8221;][et_pb_heading title=&#8221;Head of People &#038; Culture&#8221; _builder_version=&#8221;4.27.4&#8243; _module_preset=&#8221;default&#8221; title_level=&#8221;h6&#8243; title_text_color=&#8221;#887DFD&#8221; global_colors_info=&#8221;{}&#8221;][\/et_pb_heading][et_pb_heading title=&#8221;Camilla Folting&#8221; _builder_version=&#8221;4.27.4&#8243; _module_preset=&#8221;default&#8221; title_level=&#8221;h3&#8243; global_colors_info=&#8221;{}&#8221;][\/et_pb_heading][et_pb_text _builder_version=&#8221;4.27.4&#8243; _module_preset=&#8221;default&#8221; global_colors_info=&#8221;{}&#8221;]Camilla er ansvarlig for People &#038; Culture i Worklinq og har mere end 20 \u00e5rs HR-ekspertise.<\/p>\n<p>Camilla blev en del af Worklinq i 2023 og har tidligere haft forskellige HR-roller i K.W. Bruun Import A\/S (nu en del af Wismo Group), Zacco Denmark og Lundbeck.<\/p>\n<p>Camilla har en HD i organisation og ledelse (HDO) fra Copenhagen Business School.[\/et_pb_text][\/et_pb_column][et_pb_column type=&#8221;1_2&#8243; module_class=&#8221;first-on-mobile&#8221; _builder_version=&#8221;4.19.2&#8243; _module_preset=&#8221;default&#8221; global_colors_info=&#8221;{}&#8221;][et_pb_image src=&#8221;https:\/\/worklinq.com\/wp-content\/uploads\/2025\/08\/Camilla.png&#8221; alt=&#8221;CTO Morten Janum&#8221; title_text=&#8221;Camilla Folting&#8221; _builder_version=&#8221;4.27.4&#8243; _module_preset=&#8221;default&#8221; border_radii=&#8221;on|20px|20px|20px|20px&#8221; global_colors_info=&#8221;{}&#8221;][\/et_pb_image][\/et_pb_column][\/et_pb_row][\/et_pb_section]<\/p>\n","protected":false},"excerpt":{"rendered":"<p><div class=\"et_pb_module dsm_breadcrumbs dsm_breadcrumbs_0\">\n\t\t\t\t\n\t\t\t\t\n\t\t\t\t\n\t\t\t\t\n\t\t\t\t\n\t\t\t\t\n\t\t\t\t<div class=\"et_pb_module_inner\">\n\t\t\t\t\t<nav class=\"dsm_breadcrumbs_wrap\" role=\"navigation\" itemscope=\"\" itemtype=\"http:\/\/schema.org\/SiteNavigationElement\">\n\t\t\t\t<ul class=\"dsm_breadcrumbs\">\t\t\t<li class='dsm_breadcrumbs_item dsm_home_item dsm_home_item_custom'>\n\t\t\t\t<a href=\"https:\/\/worklinq.com\/da\/\" itemprop=\"url\" target=\"\">\n\t\t\t\t\t<span class='dsm_home_text_wrapper'>\n\t\t\t\t\t\t\t\t\t\t\t\t\t<span class=\"dsm_home_text\" itemprop=\"name\">\n\t\t\t\t\t\t\t\tHome\t\t\t\t\t\t\t<\/span>\n\t\t\t\t\t<\/span>\n\t\t\t\t<\/a>\n\t\t\t<\/li>\n\n\t\t<li class=\"dsm_breadcrumbs_separator\"> <span class=\"et-pb-icon dsm_separator_icon\">5<\/span><\/li><\/ul>\n\t\t\t<\/nav>\n\t\t\t\t<\/div>\n\t\t\t<\/div>M\u00f8d personerne, der leder Worklinq. Vores ledelsesteam har omfattende erfaring og ekspertise inden for teknologi, forretning og workforce management, som bidrager til at styre vores strategi og hj\u00e6lpe vores kunder. Fordi vi er menneskecentrerede af natur, er People &#038; Culture en del af vores ledelse \u2013 og danner grundlaget for, hvordan vi udvikler vores produkt, servicerer vores kunder og vokser som et team.Anders er administrerende direkt\u00f8r i Worklinq. Han blev en del af Worklinq i 2026 og kommer med dyb erfaring inden for SaaS og store virksomheder samt en solid track record inden for kundecentreret innovation, fusioner og opk\u00f8b samt platformsskalering p\u00e5 tv\u00e6rs af regulerede brancher. Som tidligere administrerende direkt\u00f8r og driftsdirekt\u00f8r for Tia Technology ledte han virksomheden gennem en betydelig v\u00e6kst, operationel transformation og en vellykket overtagelse af Sapiens International. Derudover har han haft ledende stillinger hos Collectia og Nykredit.Troels er ansvarlig for Finance &amp; Administration i Worklinq og kommer med lang erfaring fra revisions- og r\u00e5dgivningsbranchen. Han blev en del af Worklinq i 2019 og har tidligere haft stillinger som revisor i KPMG og Financial Controller i PFA. Troels har en MSc i Business Economics and Auditing fra Copenhagen Business School.Jonas er Chief Revenue [&hellip;]<\/p>\n","protected":false},"author":1,"featured_media":0,"parent":248551,"menu_order":0,"comment_status":"closed","ping_status":"closed","template":"","meta":{"_acf_changed":false,"_et_pb_use_builder":"on","_et_pb_old_content":"","_et_gb_content_width":"","footnotes":""},"class_list":["post-248603","page","type-page","status-publish","hentry"],"featured_image_src":null,"acf":[],"yoast_head":"<!-- This site is optimized with the Yoast SEO plugin v27.3 - https:\/\/yoast.com\/product\/yoast-seo-wordpress\/ -->\n<title>Worklinq&#039;s ledelsesteam | Worklinq<\/title>\n<meta name=\"description\" content=\"M\u00f8d personerne, der leder Worklinq. Teamet har omfattende erfaring og ekspertise inden for teknologi, forretning og workforce management.\" \/>\n<meta name=\"robots\" content=\"index, follow, max-snippet:-1, max-image-preview:large, max-video-preview:-1\" \/>\n<link rel=\"canonical\" href=\"https:\/\/worklinq.com\/da\/om-os\/ledelsen\/\" \/>\n<meta property=\"og:locale\" content=\"da_DK\" \/>\n<meta property=\"og:type\" content=\"article\" \/>\n<meta property=\"og:title\" content=\"Worklinq&#039;s ledelsesteam | Worklinq\" \/>\n<meta property=\"og:description\" content=\"M\u00f8d personerne, der leder Worklinq. Teamet har omfattende erfaring og ekspertise inden for teknologi, forretning og workforce management.\" \/>\n<meta property=\"og:url\" content=\"https:\/\/worklinq.com\/da\/om-os\/ledelsen\/\" \/>\n<meta property=\"og:site_name\" content=\"Worklinq\" \/>\n<meta property=\"article:modified_time\" content=\"2026-02-12T21:12:48+00:00\" \/>\n<meta property=\"og:image\" content=\"https:\/\/worklinq.com\/wp-content\/uploads\/2025\/08\/Promo-PM-Worklinq.png\" \/>\n\t<meta property=\"og:image:width\" content=\"960\" \/>\n\t<meta property=\"og:image:height\" content=\"640\" \/>\n\t<meta property=\"og:image:type\" content=\"image\/png\" \/>\n<meta name=\"twitter:card\" content=\"summary_large_image\" \/>\n<meta name=\"twitter:label1\" content=\"Estimeret l\u00e6setid\" \/>\n\t<meta name=\"twitter:data1\" content=\"4 minutter\" \/>\n<script type=\"application\/ld+json\" class=\"yoast-schema-graph\">{\"@context\":\"https:\\\/\\\/schema.org\",\"@graph\":[{\"@type\":\"WebPage\",\"@id\":\"https:\\\/\\\/worklinq.com\\\/da\\\/om-os\\\/ledelsen\\\/\",\"url\":\"https:\\\/\\\/worklinq.com\\\/da\\\/om-os\\\/ledelsen\\\/\",\"name\":\"Worklinq's ledelsesteam | Worklinq\",\"isPartOf\":{\"@id\":\"https:\\\/\\\/worklinq.com\\\/da\\\/#website\"},\"datePublished\":\"2023-01-09T16:15:14+00:00\",\"dateModified\":\"2026-02-12T21:12:48+00:00\",\"description\":\"M\u00f8d personerne, der leder Worklinq. Teamet har omfattende erfaring og ekspertise inden for teknologi, forretning og workforce management.\",\"breadcrumb\":{\"@id\":\"https:\\\/\\\/worklinq.com\\\/da\\\/om-os\\\/ledelsen\\\/#breadcrumb\"},\"inLanguage\":\"da-DK\",\"potentialAction\":[{\"@type\":\"ReadAction\",\"target\":[\"https:\\\/\\\/worklinq.com\\\/da\\\/om-os\\\/ledelsen\\\/\"]}]},{\"@type\":\"BreadcrumbList\",\"@id\":\"https:\\\/\\\/worklinq.com\\\/da\\\/om-os\\\/ledelsen\\\/#breadcrumb\",\"itemListElement\":[{\"@type\":\"ListItem\",\"position\":1,\"name\":\"Hjem\",\"item\":\"https:\\\/\\\/worklinq.com\\\/da\\\/\"},{\"@type\":\"ListItem\",\"position\":2,\"name\":\"Om os\",\"item\":\"https:\\\/\\\/worklinq.com\\\/da\\\/om-os\\\/\"},{\"@type\":\"ListItem\",\"position\":3,\"name\":\"Ledelsen\"}]},{\"@type\":\"WebSite\",\"@id\":\"https:\\\/\\\/worklinq.com\\\/da\\\/#website\",\"url\":\"https:\\\/\\\/worklinq.com\\\/da\\\/\",\"name\":\"Worklinq\",\"description\":\"Leading companies achieve results with ProMark\",\"publisher\":{\"@id\":\"https:\\\/\\\/worklinq.com\\\/da\\\/#organization\"},\"potentialAction\":[{\"@type\":\"SearchAction\",\"target\":{\"@type\":\"EntryPoint\",\"urlTemplate\":\"https:\\\/\\\/worklinq.com\\\/da\\\/?s={search_term_string}\"},\"query-input\":{\"@type\":\"PropertyValueSpecification\",\"valueRequired\":true,\"valueName\":\"search_term_string\"}}],\"inLanguage\":\"da-DK\"},{\"@type\":\"Organization\",\"@id\":\"https:\\\/\\\/worklinq.com\\\/da\\\/#organization\",\"name\":\"Worklinq\",\"url\":\"https:\\\/\\\/worklinq.com\\\/da\\\/\",\"logo\":{\"@type\":\"ImageObject\",\"inLanguage\":\"da-DK\",\"@id\":\"https:\\\/\\\/worklinq.com\\\/da\\\/#\\\/schema\\\/logo\\\/image\\\/\",\"url\":\"https:\\\/\\\/worklinq.com\\\/wp-content\\\/uploads\\\/2023\\\/01\\\/ProMark-compact-logo_trans.png\",\"contentUrl\":\"https:\\\/\\\/worklinq.com\\\/wp-content\\\/uploads\\\/2023\\\/01\\\/ProMark-compact-logo_trans.png\",\"width\":1155,\"height\":1155,\"caption\":\"Worklinq\"},\"image\":{\"@id\":\"https:\\\/\\\/worklinq.com\\\/da\\\/#\\\/schema\\\/logo\\\/image\\\/\"},\"sameAs\":[\"https:\\\/\\\/www.linkedin.com\\\/company\\\/mark-information-as\\\/\"]}]}<\/script>\n<!-- \/ Yoast SEO plugin. -->","yoast_head_json":{"title":"Worklinq's ledelsesteam | Worklinq","description":"M\u00f8d personerne, der leder Worklinq. Teamet har omfattende erfaring og ekspertise inden for teknologi, forretning og workforce management.","robots":{"index":"index","follow":"follow","max-snippet":"max-snippet:-1","max-image-preview":"max-image-preview:large","max-video-preview":"max-video-preview:-1"},"canonical":"https:\/\/worklinq.com\/da\/om-os\/ledelsen\/","og_locale":"da_DK","og_type":"article","og_title":"Worklinq's ledelsesteam | Worklinq","og_description":"M\u00f8d personerne, der leder Worklinq. Teamet har omfattende erfaring og ekspertise inden for teknologi, forretning og workforce management.","og_url":"https:\/\/worklinq.com\/da\/om-os\/ledelsen\/","og_site_name":"Worklinq","article_modified_time":"2026-02-12T21:12:48+00:00","og_image":[{"width":960,"height":640,"url":"https:\/\/worklinq.com\/wp-content\/uploads\/2025\/08\/Promo-PM-Worklinq.png","type":"image\/png"}],"twitter_card":"summary_large_image","twitter_misc":{"Estimeret l\u00e6setid":"4 minutter"},"schema":{"@context":"https:\/\/schema.org","@graph":[{"@type":"WebPage","@id":"https:\/\/worklinq.com\/da\/om-os\/ledelsen\/","url":"https:\/\/worklinq.com\/da\/om-os\/ledelsen\/","name":"Worklinq's ledelsesteam | Worklinq","isPartOf":{"@id":"https:\/\/worklinq.com\/da\/#website"},"datePublished":"2023-01-09T16:15:14+00:00","dateModified":"2026-02-12T21:12:48+00:00","description":"M\u00f8d personerne, der leder Worklinq. Teamet har omfattende erfaring og ekspertise inden for teknologi, forretning og workforce management.","breadcrumb":{"@id":"https:\/\/worklinq.com\/da\/om-os\/ledelsen\/#breadcrumb"},"inLanguage":"da-DK","potentialAction":[{"@type":"ReadAction","target":["https:\/\/worklinq.com\/da\/om-os\/ledelsen\/"]}]},{"@type":"BreadcrumbList","@id":"https:\/\/worklinq.com\/da\/om-os\/ledelsen\/#breadcrumb","itemListElement":[{"@type":"ListItem","position":1,"name":"Hjem","item":"https:\/\/worklinq.com\/da\/"},{"@type":"ListItem","position":2,"name":"Om os","item":"https:\/\/worklinq.com\/da\/om-os\/"},{"@type":"ListItem","position":3,"name":"Ledelsen"}]},{"@type":"WebSite","@id":"https:\/\/worklinq.com\/da\/#website","url":"https:\/\/worklinq.com\/da\/","name":"Worklinq","description":"Leading companies achieve results with ProMark","publisher":{"@id":"https:\/\/worklinq.com\/da\/#organization"},"potentialAction":[{"@type":"SearchAction","target":{"@type":"EntryPoint","urlTemplate":"https:\/\/worklinq.com\/da\/?s={search_term_string}"},"query-input":{"@type":"PropertyValueSpecification","valueRequired":true,"valueName":"search_term_string"}}],"inLanguage":"da-DK"},{"@type":"Organization","@id":"https:\/\/worklinq.com\/da\/#organization","name":"Worklinq","url":"https:\/\/worklinq.com\/da\/","logo":{"@type":"ImageObject","inLanguage":"da-DK","@id":"https:\/\/worklinq.com\/da\/#\/schema\/logo\/image\/","url":"https:\/\/worklinq.com\/wp-content\/uploads\/2023\/01\/ProMark-compact-logo_trans.png","contentUrl":"https:\/\/worklinq.com\/wp-content\/uploads\/2023\/01\/ProMark-compact-logo_trans.png","width":1155,"height":1155,"caption":"Worklinq"},"image":{"@id":"https:\/\/worklinq.com\/da\/#\/schema\/logo\/image\/"},"sameAs":["https:\/\/www.linkedin.com\/company\/mark-information-as\/"]}]}},"_links":{"self":[{"href":"https:\/\/worklinq.com\/da\/wp-json\/wp\/v2\/pages\/248603","targetHints":{"allow":["GET"]}}],"collection":[{"href":"https:\/\/worklinq.com\/da\/wp-json\/wp\/v2\/pages"}],"about":[{"href":"https:\/\/worklinq.com\/da\/wp-json\/wp\/v2\/types\/page"}],"author":[{"embeddable":true,"href":"https:\/\/worklinq.com\/da\/wp-json\/wp\/v2\/users\/1"}],"replies":[{"embeddable":true,"href":"https:\/\/worklinq.com\/da\/wp-json\/wp\/v2\/comments?post=248603"}],"version-history":[{"count":3,"href":"https:\/\/worklinq.com\/da\/wp-json\/wp\/v2\/pages\/248603\/revisions"}],"predecessor-version":[{"id":284091,"href":"https:\/\/worklinq.com\/da\/wp-json\/wp\/v2\/pages\/248603\/revisions\/284091"}],"up":[{"embeddable":true,"href":"https:\/\/worklinq.com\/da\/wp-json\/wp\/v2\/pages\/248551"}],"wp:attachment":[{"href":"https:\/\/worklinq.com\/da\/wp-json\/wp\/v2\/media?parent=248603"}],"curies":[{"name":"wp","href":"https:\/\/api.w.org\/{rel}","templated":true}]}}