{"id":249050,"date":"2023-01-27T08:20:26","date_gmt":"2023-01-27T08:20:26","guid":{"rendered":"https:\/\/promark365.com\/cases\/"},"modified":"2026-01-26T12:35:40","modified_gmt":"2026-01-26T12:35:40","slug":"kundecases","status":"publish","type":"page","link":"https:\/\/worklinq.com\/da\/kundecases\/","title":{"rendered":"Succeshistorier"},"content":{"rendered":"<p>[et_pb_section fb_built=&#8221;1&#8243; _builder_version=&#8221;4.27.4&#8243; _module_preset=&#8221;default&#8221; background_image=&#8221;https:\/\/worklinq.com\/wp-content\/uploads\/2025\/08\/hero-background.svg&#8221; custom_margin=&#8221;||0px||false|false&#8221; custom_padding=&#8221;||0px||false|false&#8221; global_colors_info=&#8221;{}&#8221;][et_pb_row column_structure=&#8221;1_2,1_2&#8243; module_class=&#8221;chero subhero&#8221; _builder_version=&#8221;4.27.4&#8243; _module_preset=&#8221;default&#8221; global_colors_info=&#8221;{}&#8221;][et_pb_column type=&#8221;1_2&#8243; _builder_version=&#8221;4.27.4&#8243; _module_preset=&#8221;default&#8221; global_colors_info=&#8221;{}&#8221;][dsm_breadcrumbs show_home_icon=&#8221;off&#8221; _builder_version=&#8221;4.27.4&#8243; _module_preset=&#8221;default&#8221; global_colors_info=&#8221;{}&#8221;][\/dsm_breadcrumbs][et_pb_heading title=&#8221;Bevist i praksis \u2013 anvendes af f\u00f8rende virksomheder i over 20 lande &#8221; _builder_version=&#8221;4.27.4&#8243; _module_preset=&#8221;default&#8221; global_colors_info=&#8221;{}&#8221;][\/et_pb_heading][et_pb_text _builder_version=&#8221;4.27.4&#8243; _module_preset=&#8221;default&#8221; global_colors_info=&#8221;{}&#8221;]Virkelige historier fra virkelige virksomheder. L\u00e6s hvordan virksomheder bruger Worklinq til at forenkle h\u00e5ndteringen af arbejdsstyrken, forbedre compliance og sikre problemfri drift \u2013 fra produktionsgulvet til \u00f8konomiafdelingen.<\/p>\n<p>Udforsk resultaterne. L\u00e6s om effekten. H\u00f8r det med kundernes egne ord.[\/et_pb_text][dsm_button button_one_id=&#8221;blue&#8221; button_two_id=&#8221;white&#8221; button_one_text=&#8221;Klar til en snak?&#8221; button_one_url=&#8221;\/da\/klar-til-en-snak\/&#8221; _builder_version=&#8221;4.27.4&#8243; _module_preset=&#8221;default&#8221; global_colors_info=&#8221;{}&#8221;][\/dsm_button][et_pb_text module_class=&#8221;iconline&#8221; _builder_version=&#8221;4.27.4&#8243; _module_preset=&#8221;default&#8221; global_colors_info=&#8221;{}&#8221;]<\/p>\n<p><img decoding=\"async\" src=\"https:\/\/worklinq.com\/wp-content\/uploads\/2025\/08\/globe.svg\" width=\"undefined\" height=\"undefined\" alt=\"\" class=\"wp-image-276184 alignnone size-full\" \/> 400+ kunder i 20+ lande\u00a0 <img decoding=\"async\" src=\"https:\/\/worklinq.com\/wp-content\/uploads\/2025\/08\/group.svg\" width=\"undefined\" height=\"undefined\" alt=\"\" class=\"wp-image-276188 alignnone size-full\" \/> 300.000+ daglige brugere<\/p>\n<p>[\/et_pb_text][\/et_pb_column][et_pb_column type=&#8221;1_2&#8243; _builder_version=&#8221;4.27.4&#8243; _module_preset=&#8221;default&#8221; background_enable_image=&#8221;off&#8221; global_colors_info=&#8221;{}&#8221;][et_pb_image src=&#8221;https:\/\/worklinq.com\/wp-content\/uploads\/2025\/08\/world-map.svg&#8221; title_text=&#8221;world map&#8221; _builder_version=&#8221;4.27.4&#8243; _module_preset=&#8221;default&#8221; custom_margin=&#8221;60px||||false|false&#8221; global_colors_info=&#8221;{}&#8221;][\/et_pb_image][\/et_pb_column][\/et_pb_row][\/et_pb_section][et_pb_section fb_built=&#8221;1&#8243; admin_label=&#8221;Sektion&#8221; _builder_version=&#8221;4.27.4&#8243; _module_preset=&#8221;default&#8221; background_enable_color=&#8221;off&#8221; use_background_color_gradient=&#8221;on&#8221; background_color_gradient_stops=&#8221;rgba(255,255,255,0.5) 0%|rgba(255,255,255,0.5) 100%&#8221; background_color_gradient_start=&#8221;rgba(255,255,255,0.5)&#8221; background_color_gradient_end=&#8221;rgba(255,255,255,0.5)&#8221; background_enable_image=&#8221;off&#8221; background_size=&#8221;initial&#8221; background_position=&#8221;center_left&#8221; custom_margin=&#8221;0px||0px||false|false&#8221; custom_padding=&#8221;0px||0px||false|false&#8221; animation_direction=&#8221;bottom&#8221; saved_tabs=&#8221;all&#8221; global_colors_info=&#8221;{}&#8221;][et_pb_row module_class=&#8221;nyheder&#8221; _builder_version=&#8221;4.19.2&#8243; _module_preset=&#8221;default&#8221; animation_direction=&#8221;bottom&#8221; global_colors_info=&#8221;%91%93&#8243;][et_pb_column type=&#8221;4_4&#8243; _builder_version=&#8221;4.16&#8243; _module_preset=&#8221;default&#8221; global_colors_info=&#8221;{}&#8221;][dpdfg_filtergrid custom_query=&#8221;advanced&#8221; multiple_cpt=&#8221;project&#8221; use_taxonomy_terms=&#8221;on&#8221; multiple_taxonomies=&#8221;project_category&#8221; include_children_terms=&#8221;off&#8221; exclude_terms=&#8221;44&#8243; use_overlay=&#8221;off&#8221; title_link=&#8221;on&#8221; show_author=&#8221;off&#8221; show_terms=&#8221;on&#8221; show_terms_taxonomy=&#8221;project_category&#8221; show_content=&#8221;on&#8221; read_more=&#8221;on&#8221; custom_content_container=&#8221;off&#8221; filter_taxonomies=&#8221;project_category&#8221; filter_layout=&#8221;select&#8221; filter_dropdown_placeholder=&#8221;Kategorier: &#8221; items_width=&#8221;30%&#8221; column_gutter=&#8221;4em&#8221; row_gutter=&#8221;4em&#8221; show_search=&#8221;on&#8221; search_position=&#8221;left&#8221; module_class=&#8221;cblogarchive&#8221; _builder_version=&#8221;4.27.5&#8243; _module_preset=&#8221;default&#8221; dpdfg_entry_title_level=&#8221;h4&#8243; custom_read_more_button=&#8221;on&#8221; read_more_button_use_icon=&#8221;off&#8221; hover_enabled=&#8221;0&#8243; locked=&#8221;off&#8221; global_colors_info=&#8221;{}&#8221; sticky_enabled=&#8221;0&#8243; previous_icon=&#8221;&#x34;||divi||400&#8243; next_icon=&#8221;&#x35;||divi||400&#8243;][\/dpdfg_filtergrid][\/et_pb_column][\/et_pb_row][\/et_pb_section][et_pb_section fb_built=&#8221;1&#8243; _builder_version=&#8221;4.27.4&#8243; _module_preset=&#8221;default&#8221; custom_margin=&#8221;0px||0px||false|false&#8221; custom_padding=&#8221;0px||0px||false|false&#8221; global_colors_info=&#8221;{}&#8221;][et_pb_row _builder_version=&#8221;4.19.2&#8243; _module_preset=&#8221;default&#8221; width=&#8221;100%&#8221; max_width=&#8221;1140px&#8221; custom_margin=&#8221;0px||0px||false|false&#8221; custom_padding=&#8221;0px||0px||false|false&#8221; animation_direction=&#8221;bottom&#8221; global_module=&#8221;241818&#8243; global_colors_info=&#8221;%91%93&#8243;][et_pb_column type=&#8221;4_4&#8243; _builder_version=&#8221;4.16&#8243; _module_preset=&#8221;default&#8221; global_colors_info=&#8221;{}&#8221;][et_pb_heading title=&#8221;Vi giver globale virksomheder kontrol over arbejdsstyrken&#8221; _builder_version=&#8221;4.27.4&#8243; _module_preset=&#8221;default&#8221; title_level=&#8221;h6&#8243; title_font=&#8221;|700|||||||&#8221; title_text_align=&#8221;center&#8221; global_colors_info=&#8221;{}&#8221;][\/et_pb_heading][dsm_image_carousel gallery_ids=&#8221;276608,276624,276571,276613,276619,241223,276590,277830,241219&#8243; slide_to_show=&#8221;6&#8243; space_between=&#8221;100&#8243; arrows=&#8221;off&#8221; dots=&#8221;off&#8221; slide_to_show_tablet=&#8221;&#8221; slide_to_show_phone=&#8221;2&#8243; slide_to_show_last_edited=&#8221;on|phone&#8221; space_between_tablet=&#8221;&#8221; space_between_phone=&#8221;34&#8243; space_between_last_edited=&#8221;on|phone&#8221; admin_label=&#8221;Supreme Image Carousel&#8221; _builder_version=&#8221;4.27.4&#8243; _module_preset=&#8221;default&#8221; custom_margin=&#8221;||0px||false|false&#8221; global_colors_info=&#8221;{}&#8221;][\/dsm_image_carousel][\/et_pb_column][\/et_pb_row][\/et_pb_section]<\/p>\n","protected":false},"excerpt":{"rendered":"<p>Virkelige historier fra virkelige virksomheder. L\u00e6s hvordan f\u00f8rende virksomheder bruger Worklinq til at forenkle h\u00e5ndteringen af arbejdsstyrken.<\/p>\n","protected":false},"author":1,"featured_media":276703,"parent":0,"menu_order":0,"comment_status":"closed","ping_status":"closed","template":"","meta":{"_acf_changed":false,"_et_pb_use_builder":"on","_et_pb_old_content":"","_et_gb_content_width":"","footnotes":""},"class_list":["post-249050","page","type-page","status-publish","has-post-thumbnail","hentry"],"featured_image_src":"https:\/\/worklinq.com\/wp-content\/uploads\/2025\/08\/world-map.svg","acf":[],"yoast_head":"<!-- This site is optimized with the Yoast SEO plugin v27.3 - https:\/\/yoast.com\/product\/yoast-seo-wordpress\/ -->\n<title>Kundernes historier om Worklinq in action | Worklinq<\/title>\n<meta name=\"description\" content=\"F\u00f8rende virksomheder bruger Worklinq hver dag. L\u00e6s deres historier for at l\u00e6re mere om de resultater, vi har skabt for virksomheder som din.\" \/>\n<meta name=\"robots\" content=\"index, follow, max-snippet:-1, max-image-preview:large, max-video-preview:-1\" \/>\n<link rel=\"canonical\" href=\"https:\/\/worklinq.com\/da\/kundecases\/\" \/>\n<meta property=\"og:locale\" content=\"da_DK\" \/>\n<meta property=\"og:type\" content=\"article\" \/>\n<meta property=\"og:title\" content=\"Kundernes historier om Worklinq in action | Worklinq\" \/>\n<meta property=\"og:description\" content=\"F\u00f8rende virksomheder bruger Worklinq hver dag. L\u00e6s deres historier for at l\u00e6re mere om de resultater, vi har skabt for virksomheder som din.\" \/>\n<meta property=\"og:url\" content=\"https:\/\/worklinq.com\/da\/kundecases\/\" \/>\n<meta property=\"og:site_name\" content=\"Worklinq\" \/>\n<meta property=\"article:modified_time\" content=\"2026-01-26T12:35:40+00:00\" \/>\n<meta property=\"og:image\" content=\"https:\/\/worklinq.com\/wp-content\/uploads\/2025\/08\/Promo-PM-Worklinq.png\" \/>\n\t<meta property=\"og:image:width\" content=\"960\" \/>\n\t<meta property=\"og:image:height\" content=\"640\" \/>\n\t<meta property=\"og:image:type\" content=\"image\/png\" \/>\n<meta name=\"twitter:card\" content=\"summary_large_image\" \/>\n<meta name=\"twitter:label1\" content=\"Estimeret l\u00e6setid\" \/>\n\t<meta name=\"twitter:data1\" content=\"7 minutter\" \/>\n<script type=\"application\/ld+json\" class=\"yoast-schema-graph\">{\"@context\":\"https:\\\/\\\/schema.org\",\"@graph\":[{\"@type\":\"WebPage\",\"@id\":\"https:\\\/\\\/worklinq.com\\\/da\\\/kundecases\\\/\",\"url\":\"https:\\\/\\\/worklinq.com\\\/da\\\/kundecases\\\/\",\"name\":\"Kundernes historier om Worklinq in action | Worklinq\",\"isPartOf\":{\"@id\":\"https:\\\/\\\/worklinq.com\\\/da\\\/#website\"},\"primaryImageOfPage\":{\"@id\":\"https:\\\/\\\/worklinq.com\\\/da\\\/kundecases\\\/#primaryimage\"},\"image\":{\"@id\":\"https:\\\/\\\/worklinq.com\\\/da\\\/kundecases\\\/#primaryimage\"},\"thumbnailUrl\":\"https:\\\/\\\/worklinq.com\\\/wp-content\\\/uploads\\\/2025\\\/08\\\/world-map.svg\",\"datePublished\":\"2023-01-27T08:20:26+00:00\",\"dateModified\":\"2026-01-26T12:35:40+00:00\",\"description\":\"F\u00f8rende virksomheder bruger Worklinq hver dag. L\u00e6s deres historier for at l\u00e6re mere om de resultater, vi har skabt for virksomheder som din.\",\"breadcrumb\":{\"@id\":\"https:\\\/\\\/worklinq.com\\\/da\\\/kundecases\\\/#breadcrumb\"},\"inLanguage\":\"da-DK\",\"potentialAction\":[{\"@type\":\"ReadAction\",\"target\":[\"https:\\\/\\\/worklinq.com\\\/da\\\/kundecases\\\/\"]}]},{\"@type\":\"ImageObject\",\"inLanguage\":\"da-DK\",\"@id\":\"https:\\\/\\\/worklinq.com\\\/da\\\/kundecases\\\/#primaryimage\",\"url\":\"https:\\\/\\\/worklinq.com\\\/wp-content\\\/uploads\\\/2025\\\/08\\\/world-map.svg\",\"contentUrl\":\"https:\\\/\\\/worklinq.com\\\/wp-content\\\/uploads\\\/2025\\\/08\\\/world-map.svg\"},{\"@type\":\"BreadcrumbList\",\"@id\":\"https:\\\/\\\/worklinq.com\\\/da\\\/kundecases\\\/#breadcrumb\",\"itemListElement\":[{\"@type\":\"ListItem\",\"position\":1,\"name\":\"Hjem\",\"item\":\"https:\\\/\\\/worklinq.com\\\/da\\\/\"},{\"@type\":\"ListItem\",\"position\":2,\"name\":\"Succeshistorier\"}]},{\"@type\":\"WebSite\",\"@id\":\"https:\\\/\\\/worklinq.com\\\/da\\\/#website\",\"url\":\"https:\\\/\\\/worklinq.com\\\/da\\\/\",\"name\":\"Worklinq\",\"description\":\"Leading companies achieve results with ProMark\",\"publisher\":{\"@id\":\"https:\\\/\\\/worklinq.com\\\/da\\\/#organization\"},\"potentialAction\":[{\"@type\":\"SearchAction\",\"target\":{\"@type\":\"EntryPoint\",\"urlTemplate\":\"https:\\\/\\\/worklinq.com\\\/da\\\/?s={search_term_string}\"},\"query-input\":{\"@type\":\"PropertyValueSpecification\",\"valueRequired\":true,\"valueName\":\"search_term_string\"}}],\"inLanguage\":\"da-DK\"},{\"@type\":\"Organization\",\"@id\":\"https:\\\/\\\/worklinq.com\\\/da\\\/#organization\",\"name\":\"Worklinq\",\"url\":\"https:\\\/\\\/worklinq.com\\\/da\\\/\",\"logo\":{\"@type\":\"ImageObject\",\"inLanguage\":\"da-DK\",\"@id\":\"https:\\\/\\\/worklinq.com\\\/da\\\/#\\\/schema\\\/logo\\\/image\\\/\",\"url\":\"https:\\\/\\\/worklinq.com\\\/wp-content\\\/uploads\\\/2023\\\/01\\\/ProMark-compact-logo_trans.png\",\"contentUrl\":\"https:\\\/\\\/worklinq.com\\\/wp-content\\\/uploads\\\/2023\\\/01\\\/ProMark-compact-logo_trans.png\",\"width\":1155,\"height\":1155,\"caption\":\"Worklinq\"},\"image\":{\"@id\":\"https:\\\/\\\/worklinq.com\\\/da\\\/#\\\/schema\\\/logo\\\/image\\\/\"},\"sameAs\":[\"https:\\\/\\\/www.linkedin.com\\\/company\\\/mark-information-as\\\/\"]}]}<\/script>\n<!-- \/ Yoast SEO plugin. -->","yoast_head_json":{"title":"Kundernes historier om Worklinq in action | Worklinq","description":"F\u00f8rende virksomheder bruger Worklinq hver dag. L\u00e6s deres historier for at l\u00e6re mere om de resultater, vi har skabt for virksomheder som din.","robots":{"index":"index","follow":"follow","max-snippet":"max-snippet:-1","max-image-preview":"max-image-preview:large","max-video-preview":"max-video-preview:-1"},"canonical":"https:\/\/worklinq.com\/da\/kundecases\/","og_locale":"da_DK","og_type":"article","og_title":"Kundernes historier om Worklinq in action | Worklinq","og_description":"F\u00f8rende virksomheder bruger Worklinq hver dag. L\u00e6s deres historier for at l\u00e6re mere om de resultater, vi har skabt for virksomheder som din.","og_url":"https:\/\/worklinq.com\/da\/kundecases\/","og_site_name":"Worklinq","article_modified_time":"2026-01-26T12:35:40+00:00","og_image":[{"width":960,"height":640,"url":"https:\/\/worklinq.com\/wp-content\/uploads\/2025\/08\/Promo-PM-Worklinq.png","type":"image\/png"}],"twitter_card":"summary_large_image","twitter_misc":{"Estimeret l\u00e6setid":"7 minutter"},"schema":{"@context":"https:\/\/schema.org","@graph":[{"@type":"WebPage","@id":"https:\/\/worklinq.com\/da\/kundecases\/","url":"https:\/\/worklinq.com\/da\/kundecases\/","name":"Kundernes historier om Worklinq in action | Worklinq","isPartOf":{"@id":"https:\/\/worklinq.com\/da\/#website"},"primaryImageOfPage":{"@id":"https:\/\/worklinq.com\/da\/kundecases\/#primaryimage"},"image":{"@id":"https:\/\/worklinq.com\/da\/kundecases\/#primaryimage"},"thumbnailUrl":"https:\/\/worklinq.com\/wp-content\/uploads\/2025\/08\/world-map.svg","datePublished":"2023-01-27T08:20:26+00:00","dateModified":"2026-01-26T12:35:40+00:00","description":"F\u00f8rende virksomheder bruger Worklinq hver dag. L\u00e6s deres historier for at l\u00e6re mere om de resultater, vi har skabt for virksomheder som din.","breadcrumb":{"@id":"https:\/\/worklinq.com\/da\/kundecases\/#breadcrumb"},"inLanguage":"da-DK","potentialAction":[{"@type":"ReadAction","target":["https:\/\/worklinq.com\/da\/kundecases\/"]}]},{"@type":"ImageObject","inLanguage":"da-DK","@id":"https:\/\/worklinq.com\/da\/kundecases\/#primaryimage","url":"https:\/\/worklinq.com\/wp-content\/uploads\/2025\/08\/world-map.svg","contentUrl":"https:\/\/worklinq.com\/wp-content\/uploads\/2025\/08\/world-map.svg"},{"@type":"BreadcrumbList","@id":"https:\/\/worklinq.com\/da\/kundecases\/#breadcrumb","itemListElement":[{"@type":"ListItem","position":1,"name":"Hjem","item":"https:\/\/worklinq.com\/da\/"},{"@type":"ListItem","position":2,"name":"Succeshistorier"}]},{"@type":"WebSite","@id":"https:\/\/worklinq.com\/da\/#website","url":"https:\/\/worklinq.com\/da\/","name":"Worklinq","description":"Leading companies achieve results with ProMark","publisher":{"@id":"https:\/\/worklinq.com\/da\/#organization"},"potentialAction":[{"@type":"SearchAction","target":{"@type":"EntryPoint","urlTemplate":"https:\/\/worklinq.com\/da\/?s={search_term_string}"},"query-input":{"@type":"PropertyValueSpecification","valueRequired":true,"valueName":"search_term_string"}}],"inLanguage":"da-DK"},{"@type":"Organization","@id":"https:\/\/worklinq.com\/da\/#organization","name":"Worklinq","url":"https:\/\/worklinq.com\/da\/","logo":{"@type":"ImageObject","inLanguage":"da-DK","@id":"https:\/\/worklinq.com\/da\/#\/schema\/logo\/image\/","url":"https:\/\/worklinq.com\/wp-content\/uploads\/2023\/01\/ProMark-compact-logo_trans.png","contentUrl":"https:\/\/worklinq.com\/wp-content\/uploads\/2023\/01\/ProMark-compact-logo_trans.png","width":1155,"height":1155,"caption":"Worklinq"},"image":{"@id":"https:\/\/worklinq.com\/da\/#\/schema\/logo\/image\/"},"sameAs":["https:\/\/www.linkedin.com\/company\/mark-information-as\/"]}]}},"_links":{"self":[{"href":"https:\/\/worklinq.com\/da\/wp-json\/wp\/v2\/pages\/249050","targetHints":{"allow":["GET"]}}],"collection":[{"href":"https:\/\/worklinq.com\/da\/wp-json\/wp\/v2\/pages"}],"about":[{"href":"https:\/\/worklinq.com\/da\/wp-json\/wp\/v2\/types\/page"}],"author":[{"embeddable":true,"href":"https:\/\/worklinq.com\/da\/wp-json\/wp\/v2\/users\/1"}],"replies":[{"embeddable":true,"href":"https:\/\/worklinq.com\/da\/wp-json\/wp\/v2\/comments?post=249050"}],"version-history":[{"count":4,"href":"https:\/\/worklinq.com\/da\/wp-json\/wp\/v2\/pages\/249050\/revisions"}],"predecessor-version":[{"id":283861,"href":"https:\/\/worklinq.com\/da\/wp-json\/wp\/v2\/pages\/249050\/revisions\/283861"}],"wp:featuredmedia":[{"embeddable":true,"href":"https:\/\/worklinq.com\/da\/wp-json\/wp\/v2\/media\/276703"}],"wp:attachment":[{"href":"https:\/\/worklinq.com\/da\/wp-json\/wp\/v2\/media?parent=249050"}],"curies":[{"name":"wp","href":"https:\/\/api.w.org\/{rel}","templated":true}]}}