{"id":280163,"date":"2025-08-10T09:47:24","date_gmt":"2025-08-10T09:47:24","guid":{"rendered":"https:\/\/worklinq.com\/?page_id=280163"},"modified":"2025-12-09T11:15:44","modified_gmt":"2025-12-09T11:15:44","slug":"produkter","status":"publish","type":"page","link":"https:\/\/worklinq.com\/da\/produkter\/","title":{"rendered":"Produkter"},"content":{"rendered":"","protected":false},"excerpt":{"rendered":"","protected":false},"author":14,"featured_media":0,"parent":0,"menu_order":0,"comment_status":"closed","ping_status":"closed","template":"","meta":{"_acf_changed":false,"_et_pb_use_builder":"on","_et_pb_old_content":"","_et_gb_content_width":"","footnotes":""},"class_list":["post-280163","page","type-page","status-publish","hentry"],"featured_image_src":null,"acf":[],"yoast_head":"<!-- This site is optimized with the Yoast SEO plugin v27.3 - https:\/\/yoast.com\/product\/yoast-seo-wordpress\/ -->\n<title>En alt-i-\u00e9n Workforce Management-l\u00f8sning | Worklinq<\/title>\n<meta name=\"description\" content=\"Tid, frav\u00e6r, medarbejderplanl\u00e6gning og opgavestyring i \u00e9n platform \u2013 udviklet til at sikre produktivitet og compliance i komplekse milj\u00f8er.\" \/>\n<meta name=\"robots\" content=\"index, follow, max-snippet:-1, max-image-preview:large, max-video-preview:-1\" \/>\n<link rel=\"canonical\" href=\"https:\/\/worklinq.com\/da\/produkter\/\" \/>\n<meta property=\"og:locale\" content=\"da_DK\" \/>\n<meta property=\"og:type\" content=\"article\" \/>\n<meta property=\"og:title\" content=\"En alt-i-\u00e9n Workforce Management-l\u00f8sning | Worklinq\" \/>\n<meta property=\"og:description\" content=\"Tid, frav\u00e6r, medarbejderplanl\u00e6gning og opgavestyring i \u00e9n platform \u2013 udviklet til at sikre produktivitet og compliance i komplekse milj\u00f8er.\" \/>\n<meta property=\"og:url\" content=\"https:\/\/worklinq.com\/da\/produkter\/\" \/>\n<meta property=\"og:site_name\" content=\"Worklinq\" \/>\n<meta property=\"article:modified_time\" content=\"2025-12-09T11:15:44+00:00\" \/>\n<meta property=\"og:image\" content=\"https:\/\/worklinq.com\/wp-content\/uploads\/2025\/08\/Promo-PM-Worklinq.png\" \/>\n\t<meta property=\"og:image:width\" content=\"960\" \/>\n\t<meta property=\"og:image:height\" content=\"640\" \/>\n\t<meta property=\"og:image:type\" content=\"image\/png\" \/>\n<meta name=\"twitter:card\" content=\"summary_large_image\" \/>\n<script type=\"application\/ld+json\" class=\"yoast-schema-graph\">{\"@context\":\"https:\\\/\\\/schema.org\",\"@graph\":[{\"@type\":\"WebPage\",\"@id\":\"https:\\\/\\\/worklinq.com\\\/da\\\/produkter\\\/\",\"url\":\"https:\\\/\\\/worklinq.com\\\/da\\\/produkter\\\/\",\"name\":\"En alt-i-\u00e9n Workforce Management-l\u00f8sning | Worklinq\",\"isPartOf\":{\"@id\":\"https:\\\/\\\/worklinq.com\\\/da\\\/#website\"},\"datePublished\":\"2025-08-10T09:47:24+00:00\",\"dateModified\":\"2025-12-09T11:15:44+00:00\",\"description\":\"Tid, frav\u00e6r, medarbejderplanl\u00e6gning og opgavestyring i \u00e9n platform \u2013 udviklet til at sikre produktivitet og compliance i komplekse milj\u00f8er.\",\"breadcrumb\":{\"@id\":\"https:\\\/\\\/worklinq.com\\\/da\\\/produkter\\\/#breadcrumb\"},\"inLanguage\":\"da-DK\",\"potentialAction\":[{\"@type\":\"ReadAction\",\"target\":[\"https:\\\/\\\/worklinq.com\\\/da\\\/produkter\\\/\"]}]},{\"@type\":\"BreadcrumbList\",\"@id\":\"https:\\\/\\\/worklinq.com\\\/da\\\/produkter\\\/#breadcrumb\",\"itemListElement\":[{\"@type\":\"ListItem\",\"position\":1,\"name\":\"Hjem\",\"item\":\"https:\\\/\\\/worklinq.com\\\/da\\\/\"},{\"@type\":\"ListItem\",\"position\":2,\"name\":\"Produkter\"}]},{\"@type\":\"WebSite\",\"@id\":\"https:\\\/\\\/worklinq.com\\\/da\\\/#website\",\"url\":\"https:\\\/\\\/worklinq.com\\\/da\\\/\",\"name\":\"Worklinq\",\"description\":\"Leading companies achieve results with ProMark\",\"publisher\":{\"@id\":\"https:\\\/\\\/worklinq.com\\\/da\\\/#organization\"},\"potentialAction\":[{\"@type\":\"SearchAction\",\"target\":{\"@type\":\"EntryPoint\",\"urlTemplate\":\"https:\\\/\\\/worklinq.com\\\/da\\\/?s={search_term_string}\"},\"query-input\":{\"@type\":\"PropertyValueSpecification\",\"valueRequired\":true,\"valueName\":\"search_term_string\"}}],\"inLanguage\":\"da-DK\"},{\"@type\":\"Organization\",\"@id\":\"https:\\\/\\\/worklinq.com\\\/da\\\/#organization\",\"name\":\"Worklinq\",\"url\":\"https:\\\/\\\/worklinq.com\\\/da\\\/\",\"logo\":{\"@type\":\"ImageObject\",\"inLanguage\":\"da-DK\",\"@id\":\"https:\\\/\\\/worklinq.com\\\/da\\\/#\\\/schema\\\/logo\\\/image\\\/\",\"url\":\"https:\\\/\\\/worklinq.com\\\/wp-content\\\/uploads\\\/2023\\\/01\\\/ProMark-compact-logo_trans.png\",\"contentUrl\":\"https:\\\/\\\/worklinq.com\\\/wp-content\\\/uploads\\\/2023\\\/01\\\/ProMark-compact-logo_trans.png\",\"width\":1155,\"height\":1155,\"caption\":\"Worklinq\"},\"image\":{\"@id\":\"https:\\\/\\\/worklinq.com\\\/da\\\/#\\\/schema\\\/logo\\\/image\\\/\"},\"sameAs\":[\"https:\\\/\\\/www.linkedin.com\\\/company\\\/mark-information-as\\\/\"]}]}<\/script>\n<!-- \/ Yoast SEO plugin. -->","yoast_head_json":{"title":"En alt-i-\u00e9n Workforce Management-l\u00f8sning | Worklinq","description":"Tid, frav\u00e6r, medarbejderplanl\u00e6gning og opgavestyring i \u00e9n platform \u2013 udviklet til at sikre produktivitet og compliance i komplekse milj\u00f8er.","robots":{"index":"index","follow":"follow","max-snippet":"max-snippet:-1","max-image-preview":"max-image-preview:large","max-video-preview":"max-video-preview:-1"},"canonical":"https:\/\/worklinq.com\/da\/produkter\/","og_locale":"da_DK","og_type":"article","og_title":"En alt-i-\u00e9n Workforce Management-l\u00f8sning | Worklinq","og_description":"Tid, frav\u00e6r, medarbejderplanl\u00e6gning og opgavestyring i \u00e9n platform \u2013 udviklet til at sikre produktivitet og compliance i komplekse milj\u00f8er.","og_url":"https:\/\/worklinq.com\/da\/produkter\/","og_site_name":"Worklinq","article_modified_time":"2025-12-09T11:15:44+00:00","og_image":[{"width":960,"height":640,"url":"https:\/\/worklinq.com\/wp-content\/uploads\/2025\/08\/Promo-PM-Worklinq.png","type":"image\/png"}],"twitter_card":"summary_large_image","schema":{"@context":"https:\/\/schema.org","@graph":[{"@type":"WebPage","@id":"https:\/\/worklinq.com\/da\/produkter\/","url":"https:\/\/worklinq.com\/da\/produkter\/","name":"En alt-i-\u00e9n Workforce Management-l\u00f8sning | Worklinq","isPartOf":{"@id":"https:\/\/worklinq.com\/da\/#website"},"datePublished":"2025-08-10T09:47:24+00:00","dateModified":"2025-12-09T11:15:44+00:00","description":"Tid, frav\u00e6r, medarbejderplanl\u00e6gning og opgavestyring i \u00e9n platform \u2013 udviklet til at sikre produktivitet og compliance i komplekse milj\u00f8er.","breadcrumb":{"@id":"https:\/\/worklinq.com\/da\/produkter\/#breadcrumb"},"inLanguage":"da-DK","potentialAction":[{"@type":"ReadAction","target":["https:\/\/worklinq.com\/da\/produkter\/"]}]},{"@type":"BreadcrumbList","@id":"https:\/\/worklinq.com\/da\/produkter\/#breadcrumb","itemListElement":[{"@type":"ListItem","position":1,"name":"Hjem","item":"https:\/\/worklinq.com\/da\/"},{"@type":"ListItem","position":2,"name":"Produkter"}]},{"@type":"WebSite","@id":"https:\/\/worklinq.com\/da\/#website","url":"https:\/\/worklinq.com\/da\/","name":"Worklinq","description":"Leading companies achieve results with ProMark","publisher":{"@id":"https:\/\/worklinq.com\/da\/#organization"},"potentialAction":[{"@type":"SearchAction","target":{"@type":"EntryPoint","urlTemplate":"https:\/\/worklinq.com\/da\/?s={search_term_string}"},"query-input":{"@type":"PropertyValueSpecification","valueRequired":true,"valueName":"search_term_string"}}],"inLanguage":"da-DK"},{"@type":"Organization","@id":"https:\/\/worklinq.com\/da\/#organization","name":"Worklinq","url":"https:\/\/worklinq.com\/da\/","logo":{"@type":"ImageObject","inLanguage":"da-DK","@id":"https:\/\/worklinq.com\/da\/#\/schema\/logo\/image\/","url":"https:\/\/worklinq.com\/wp-content\/uploads\/2023\/01\/ProMark-compact-logo_trans.png","contentUrl":"https:\/\/worklinq.com\/wp-content\/uploads\/2023\/01\/ProMark-compact-logo_trans.png","width":1155,"height":1155,"caption":"Worklinq"},"image":{"@id":"https:\/\/worklinq.com\/da\/#\/schema\/logo\/image\/"},"sameAs":["https:\/\/www.linkedin.com\/company\/mark-information-as\/"]}]}},"_links":{"self":[{"href":"https:\/\/worklinq.com\/da\/wp-json\/wp\/v2\/pages\/280163","targetHints":{"allow":["GET"]}}],"collection":[{"href":"https:\/\/worklinq.com\/da\/wp-json\/wp\/v2\/pages"}],"about":[{"href":"https:\/\/worklinq.com\/da\/wp-json\/wp\/v2\/types\/page"}],"author":[{"embeddable":true,"href":"https:\/\/worklinq.com\/da\/wp-json\/wp\/v2\/users\/14"}],"replies":[{"embeddable":true,"href":"https:\/\/worklinq.com\/da\/wp-json\/wp\/v2\/comments?post=280163"}],"version-history":[{"count":3,"href":"https:\/\/worklinq.com\/da\/wp-json\/wp\/v2\/pages\/280163\/revisions"}],"predecessor-version":[{"id":282028,"href":"https:\/\/worklinq.com\/da\/wp-json\/wp\/v2\/pages\/280163\/revisions\/282028"}],"wp:attachment":[{"href":"https:\/\/worklinq.com\/da\/wp-json\/wp\/v2\/media?parent=280163"}],"curies":[{"name":"wp","href":"https:\/\/api.w.org\/{rel}","templated":true}]}}