{"id":248539,"date":"2022-12-21T12:48:14","date_gmt":"2022-12-21T12:48:14","guid":{"rendered":"https:\/\/promark365.com\/insights\/"},"modified":"2025-12-17T11:42:35","modified_gmt":"2025-12-17T11:42:35","slug":"innsikt","status":"publish","type":"page","link":"https:\/\/worklinq.com\/no\/innsikt\/","title":{"rendered":"Innsikt"},"content":{"rendered":"<p>[et_pb_section fb_built=&raquo;1&#8243; admin_label=&raquo;Sektion&raquo; _builder_version=&raquo;4.19.2&#8243; _module_preset=&raquo;default&raquo; background_enable_color=&raquo;off&raquo; use_background_color_gradient=&raquo;on&raquo; background_color_gradient_stops=&raquo;rgba(255,255,255,0.5) 0%|rgba(255,255,255,0.5) 100%&raquo; background_color_gradient_start=&raquo;rgba(255,255,255,0.5)&raquo; background_color_gradient_end=&raquo;rgba(255,255,255,0.5)&raquo; background_enable_image=&raquo;off&raquo; background_size=&raquo;initial&raquo; background_position=&raquo;center_left&raquo; custom_margin=&raquo;||||false|false&raquo; custom_padding=&raquo;||||false|false&raquo; animation_direction=&raquo;bottom&raquo; saved_tabs=&raquo;all&raquo; global_colors_info=&raquo;{}&raquo;][et_pb_row column_structure=&raquo;2_3,1_3&#8243; _builder_version=&raquo;4.27.4&#8243; _module_preset=&raquo;default&raquo; custom_margin=&raquo;||0px||false|false&raquo; custom_padding=&raquo;||0px||false|false&raquo; locked=&raquo;off&raquo; global_colors_info=&raquo;{}&raquo;][et_pb_column type=&raquo;2_3&#8243; module_class=&raquo;vertical-align&raquo; _builder_version=&raquo;4.19.2&#8243; _module_preset=&raquo;default&raquo; global_colors_info=&raquo;{}&raquo;][dsm_breadcrumbs show_home_icon=&raquo;off&raquo; _builder_version=&raquo;4.27.4&#8243; _module_preset=&raquo;default&raquo; global_colors_info=&raquo;{}&raquo;][\/dsm_breadcrumbs][et_pb_heading title=&raquo;Smartere arbeidsdager starter med bedre innsikt&raquo; _builder_version=&raquo;4.27.4&#8243; _module_preset=&raquo;default&raquo; global_colors_info=&raquo;{}&raquo;][\/et_pb_heading][et_pb_text module_class=&raquo;intro&raquo; _builder_version=&raquo;4.27.4&#8243; _module_preset=&raquo;4858b1ce-2105-4467-889d-e054ad94e761&#8243; custom_margin=&raquo;-40px||||false|false&raquo; custom_padding=&raquo;||||false|false&raquo; global_colors_info=&raquo;{}&raquo;]<\/p>\n<p>Bedre beslutninger om arbeidsstyrken starter med bedre forst\u00e5else. I v\u00e5r insights-senter deler vi forskning, trender og ekspertr\u00e5d for \u00e5 hjelpe deg med \u00e5 navigere i den stadig skiftende Workforce Management-verden.\u00a0<\/p>\n<p>Enten du jobber innen HR, produksjon, IT eller \u00f8konomi, er disse innsiktene utformet for \u00e5 hjelpe deg med \u00e5 l\u00f8se reelle problemer, l\u00e6re av kolleger og lede organisasjonen mot mer produktive, menneskesentrerte arbeidsmetoder.<\/p>\n<p>[\/et_pb_text][\/et_pb_column][et_pb_column type=&raquo;1_3&#8243; module_class=&raquo;vertical-align&raquo; _builder_version=&raquo;4.19.2&#8243; _module_preset=&raquo;default&raquo; global_colors_info=&raquo;{}&raquo;][\/et_pb_column][\/et_pb_row][et_pb_row module_class=&raquo;nyheder&raquo; _builder_version=&raquo;4.19.2&#8243; _module_preset=&raquo;default&raquo; animation_direction=&raquo;bottom&raquo; locked=&raquo;off&raquo; global_colors_info=&raquo;%91%93&#8243;][et_pb_column type=&raquo;4_4&#8243; _builder_version=&raquo;4.16&#8243; _module_preset=&raquo;default&raquo; global_colors_info=&raquo;{}&raquo;][et_pb_text module_class=&raquo;title-hero&raquo; _builder_version=&raquo;4.27.4&#8243; _module_preset=&raquo;default&raquo; custom_margin=&raquo;||0px||false|false&raquo; custom_padding=&raquo;||0px||false|false&raquo; global_colors_info=&raquo;{}&raquo;]<\/p>\n<h2>V\u00e5re siste innsikter<\/h2>\n<p>[\/et_pb_text][et_pb_code _builder_version=&raquo;4.27.4&#8243; _module_preset=&raquo;default&raquo; hover_enabled=&raquo;0&#8243; global_colors_info=&raquo;{}&raquo; sticky_enabled=&raquo;0&#8243;]    <div class=\"dp-dfg-skin-default insightsfilter\"><!-- wrapper -->\n\n        <!-- Filters -->\n        <div id=\"ptf-filter\" class=\"dp-dfg-filters\" data-allowed=\"post,e-books,newsroom,project\">\n            <button type=\"button\" class=\"ptf-btn active\" data-type=\"all\">Alle<\/button>\n                            <button type=\"button\" class=\"ptf-btn\" data-type=\"post\">\n                    Artikler                <\/button>\n                            <button type=\"button\" class=\"ptf-btn\" data-type=\"e-books\">\n                    Whitepapers                <\/button>\n                            <button type=\"button\" class=\"ptf-btn\" data-type=\"newsroom\">\n                    Nyheter                <\/button>\n                            <button type=\"button\" class=\"ptf-btn\" data-type=\"project\">\n                    Kundehistorier                <\/button>\n                    <\/div>\n\n        <!-- Divi style loader -->\n        <div id=\"ptf-spinner\" class=\"et-fb-loader-wrapper dp-dfg-loader\" style=\"display:none; top:100px; z-index: 99\">\n            <div class=\"et-fb-loader\"><\/div>\n        <\/div>\n\n        <!-- Results -->\n        <div id=\"ptf-results\"><\/div>\n\n    <\/div><!-- \/wrapper -->\n\n    <script>\n    jQuery(function ($) {\n      let currentType = \"all\"; \/\/ default to All on load\n\n      function loadResults(paged = 1) {\n        $(\"#ptf-spinner\").show();\n\n        const data = {\n          action: \"ptf_filter\",\n          ptype: currentType,\n          paged: paged\n        };\n\n        $.post(\"https:\/\/worklinq.com\/wp-admin\/admin-ajax.php\", data, function (res) {\n          $(\"#ptf-spinner\").hide();\n          if (res && res.success) {\n                $(\"#ptf-results\").fadeOut(150, function () {\n                    $(this).html(res.data).fadeIn(150);\n\n                    \/\/ Rebind pagination clicks\n                    $(\"#ptf-results .pagination-link\").off(\"click\").on(\"click\", function (e) {\n                    e.preventDefault();\n                    const page = $(this).data(\"page\");\n                    if (page) loadResults(page);\n                    });\n                });\n            }\n        });\n      }\n\n      \/\/ Initial load (All types)\n      loadResults();\n\n      \/\/ Button clicks\n      $(\"#ptf-filter\").on(\"click\", \".ptf-btn\", function () {\n        $(\"#ptf-filter .ptf-btn\").removeClass(\"active\");\n        $(this).addClass(\"active\");\n        currentType = $(this).data(\"type\") || \"all\";\n        loadResults(1);\n      });\n    });\n    <\/script>\n    [\/et_pb_code][\/et_pb_column][\/et_pb_row][\/et_pb_section]<\/p>\n","protected":false},"excerpt":{"rendered":"<p>Bedre beslutninger om arbeidsstyrken starter med bedre forst\u00e5else. Bes\u00f8k v\u00e5rt kunnskapssenter for inspirasjon.<\/p>\n","protected":false},"author":1,"featured_media":278352,"parent":0,"menu_order":0,"comment_status":"closed","ping_status":"closed","template":"","meta":{"_acf_changed":false,"_et_pb_use_builder":"on","_et_pb_old_content":"","_et_gb_content_width":"","footnotes":""},"class_list":["post-248539","page","type-page","status-publish","has-post-thumbnail","hentry"],"featured_image_src":"https:\/\/worklinq.com\/wp-content\/uploads\/2025\/08\/Project-level-workforce-insights.svg","acf":[],"yoast_head":"<!-- This site is optimized with the Yoast SEO plugin v27.3 - https:\/\/yoast.com\/product\/yoast-seo-wordpress\/ -->\n<title>Hold deg oppdatert med innsikt i Workforce Management | Worklinq<\/title>\n<meta name=\"description\" content=\"Les v\u00e5re siste tanker om Workforce Management for \u00e5 f\u00e5 inspirasjon til hvordan du kan f\u00e5 mest mulig ut av dine ansatte og din virksomhet.\" \/>\n<meta name=\"robots\" content=\"index, follow, max-snippet:-1, max-image-preview:large, max-video-preview:-1\" \/>\n<link rel=\"canonical\" href=\"https:\/\/worklinq.com\/no\/innsikt\/\" \/>\n<meta property=\"og:locale\" content=\"nb_NO\" \/>\n<meta property=\"og:type\" content=\"article\" \/>\n<meta property=\"og:title\" content=\"Hold deg oppdatert med innsikt i Workforce Management | Worklinq\" \/>\n<meta property=\"og:description\" content=\"Les v\u00e5re siste tanker om Workforce Management for \u00e5 f\u00e5 inspirasjon til hvordan du kan f\u00e5 mest mulig ut av dine ansatte og din virksomhet.\" \/>\n<meta property=\"og:url\" content=\"https:\/\/worklinq.com\/no\/innsikt\/\" \/>\n<meta property=\"og:site_name\" content=\"Worklinq\" \/>\n<meta property=\"article:modified_time\" content=\"2025-12-17T11:42:35+00:00\" \/>\n<meta property=\"og:image\" content=\"https:\/\/worklinq.com\/wp-content\/uploads\/2025\/08\/Promo-PM-Worklinq.png\" \/>\n\t<meta property=\"og:image:width\" content=\"960\" \/>\n\t<meta property=\"og:image:height\" content=\"640\" \/>\n\t<meta property=\"og:image:type\" content=\"image\/png\" \/>\n<meta name=\"twitter:card\" content=\"summary_large_image\" \/>\n<meta name=\"twitter:label1\" content=\"Ansl. lesetid\" \/>\n\t<meta name=\"twitter:data1\" content=\"1 minutt\" \/>\n<script type=\"application\/ld+json\" class=\"yoast-schema-graph\">{\"@context\":\"https:\\\/\\\/schema.org\",\"@graph\":[{\"@type\":\"WebPage\",\"@id\":\"https:\\\/\\\/worklinq.com\\\/no\\\/innsikt\\\/\",\"url\":\"https:\\\/\\\/worklinq.com\\\/no\\\/innsikt\\\/\",\"name\":\"Hold deg oppdatert med innsikt i Workforce Management | Worklinq\",\"isPartOf\":{\"@id\":\"https:\\\/\\\/worklinq.com\\\/no\\\/#website\"},\"primaryImageOfPage\":{\"@id\":\"https:\\\/\\\/worklinq.com\\\/no\\\/innsikt\\\/#primaryimage\"},\"image\":{\"@id\":\"https:\\\/\\\/worklinq.com\\\/no\\\/innsikt\\\/#primaryimage\"},\"thumbnailUrl\":\"https:\\\/\\\/worklinq.com\\\/wp-content\\\/uploads\\\/2025\\\/08\\\/Project-level-workforce-insights.svg\",\"datePublished\":\"2022-12-21T12:48:14+00:00\",\"dateModified\":\"2025-12-17T11:42:35+00:00\",\"description\":\"Les v\u00e5re siste tanker om Workforce Management for \u00e5 f\u00e5 inspirasjon til hvordan du kan f\u00e5 mest mulig ut av dine ansatte og din virksomhet.\",\"breadcrumb\":{\"@id\":\"https:\\\/\\\/worklinq.com\\\/no\\\/innsikt\\\/#breadcrumb\"},\"inLanguage\":\"nb-NO\",\"potentialAction\":[{\"@type\":\"ReadAction\",\"target\":[\"https:\\\/\\\/worklinq.com\\\/no\\\/innsikt\\\/\"]}]},{\"@type\":\"ImageObject\",\"inLanguage\":\"nb-NO\",\"@id\":\"https:\\\/\\\/worklinq.com\\\/no\\\/innsikt\\\/#primaryimage\",\"url\":\"https:\\\/\\\/worklinq.com\\\/wp-content\\\/uploads\\\/2025\\\/08\\\/Project-level-workforce-insights.svg\",\"contentUrl\":\"https:\\\/\\\/worklinq.com\\\/wp-content\\\/uploads\\\/2025\\\/08\\\/Project-level-workforce-insights.svg\"},{\"@type\":\"BreadcrumbList\",\"@id\":\"https:\\\/\\\/worklinq.com\\\/no\\\/innsikt\\\/#breadcrumb\",\"itemListElement\":[{\"@type\":\"ListItem\",\"position\":1,\"name\":\"Home\",\"item\":\"https:\\\/\\\/worklinq.com\\\/no\\\/\"},{\"@type\":\"ListItem\",\"position\":2,\"name\":\"Innsikt\"}]},{\"@type\":\"WebSite\",\"@id\":\"https:\\\/\\\/worklinq.com\\\/no\\\/#website\",\"url\":\"https:\\\/\\\/worklinq.com\\\/no\\\/\",\"name\":\"Worklinq\",\"description\":\"Leading companies achieve results with Worklinq\",\"publisher\":{\"@id\":\"https:\\\/\\\/worklinq.com\\\/no\\\/#organization\"},\"potentialAction\":[{\"@type\":\"SearchAction\",\"target\":{\"@type\":\"EntryPoint\",\"urlTemplate\":\"https:\\\/\\\/worklinq.com\\\/no\\\/?s={search_term_string}\"},\"query-input\":{\"@type\":\"PropertyValueSpecification\",\"valueRequired\":true,\"valueName\":\"search_term_string\"}}],\"inLanguage\":\"nb-NO\"},{\"@type\":\"Organization\",\"@id\":\"https:\\\/\\\/worklinq.com\\\/no\\\/#organization\",\"name\":\"Worklinq\",\"url\":\"https:\\\/\\\/worklinq.com\\\/no\\\/\",\"logo\":{\"@type\":\"ImageObject\",\"inLanguage\":\"nb-NO\",\"@id\":\"https:\\\/\\\/worklinq.com\\\/no\\\/#\\\/schema\\\/logo\\\/image\\\/\",\"url\":\"https:\\\/\\\/worklinq.com\\\/wp-content\\\/uploads\\\/2023\\\/01\\\/ProMark-compact-logo_trans.png\",\"contentUrl\":\"https:\\\/\\\/worklinq.com\\\/wp-content\\\/uploads\\\/2023\\\/01\\\/ProMark-compact-logo_trans.png\",\"width\":1155,\"height\":1155,\"caption\":\"Worklinq\"},\"image\":{\"@id\":\"https:\\\/\\\/worklinq.com\\\/no\\\/#\\\/schema\\\/logo\\\/image\\\/\"},\"sameAs\":[\"https:\\\/\\\/www.linkedin.com\\\/company\\\/mark-information-as\\\/\"]}]}<\/script>\n<!-- \/ Yoast SEO plugin. -->","yoast_head_json":{"title":"Hold deg oppdatert med innsikt i Workforce Management | Worklinq","description":"Les v\u00e5re siste tanker om Workforce Management for \u00e5 f\u00e5 inspirasjon til hvordan du kan f\u00e5 mest mulig ut av dine ansatte og din virksomhet.","robots":{"index":"index","follow":"follow","max-snippet":"max-snippet:-1","max-image-preview":"max-image-preview:large","max-video-preview":"max-video-preview:-1"},"canonical":"https:\/\/worklinq.com\/no\/innsikt\/","og_locale":"nb_NO","og_type":"article","og_title":"Hold deg oppdatert med innsikt i Workforce Management | Worklinq","og_description":"Les v\u00e5re siste tanker om Workforce Management for \u00e5 f\u00e5 inspirasjon til hvordan du kan f\u00e5 mest mulig ut av dine ansatte og din virksomhet.","og_url":"https:\/\/worklinq.com\/no\/innsikt\/","og_site_name":"Worklinq","article_modified_time":"2025-12-17T11:42:35+00:00","og_image":[{"width":960,"height":640,"url":"https:\/\/worklinq.com\/wp-content\/uploads\/2025\/08\/Promo-PM-Worklinq.png","type":"image\/png"}],"twitter_card":"summary_large_image","twitter_misc":{"Ansl. lesetid":"1 minutt"},"schema":{"@context":"https:\/\/schema.org","@graph":[{"@type":"WebPage","@id":"https:\/\/worklinq.com\/no\/innsikt\/","url":"https:\/\/worklinq.com\/no\/innsikt\/","name":"Hold deg oppdatert med innsikt i Workforce Management | Worklinq","isPartOf":{"@id":"https:\/\/worklinq.com\/no\/#website"},"primaryImageOfPage":{"@id":"https:\/\/worklinq.com\/no\/innsikt\/#primaryimage"},"image":{"@id":"https:\/\/worklinq.com\/no\/innsikt\/#primaryimage"},"thumbnailUrl":"https:\/\/worklinq.com\/wp-content\/uploads\/2025\/08\/Project-level-workforce-insights.svg","datePublished":"2022-12-21T12:48:14+00:00","dateModified":"2025-12-17T11:42:35+00:00","description":"Les v\u00e5re siste tanker om Workforce Management for \u00e5 f\u00e5 inspirasjon til hvordan du kan f\u00e5 mest mulig ut av dine ansatte og din virksomhet.","breadcrumb":{"@id":"https:\/\/worklinq.com\/no\/innsikt\/#breadcrumb"},"inLanguage":"nb-NO","potentialAction":[{"@type":"ReadAction","target":["https:\/\/worklinq.com\/no\/innsikt\/"]}]},{"@type":"ImageObject","inLanguage":"nb-NO","@id":"https:\/\/worklinq.com\/no\/innsikt\/#primaryimage","url":"https:\/\/worklinq.com\/wp-content\/uploads\/2025\/08\/Project-level-workforce-insights.svg","contentUrl":"https:\/\/worklinq.com\/wp-content\/uploads\/2025\/08\/Project-level-workforce-insights.svg"},{"@type":"BreadcrumbList","@id":"https:\/\/worklinq.com\/no\/innsikt\/#breadcrumb","itemListElement":[{"@type":"ListItem","position":1,"name":"Home","item":"https:\/\/worklinq.com\/no\/"},{"@type":"ListItem","position":2,"name":"Innsikt"}]},{"@type":"WebSite","@id":"https:\/\/worklinq.com\/no\/#website","url":"https:\/\/worklinq.com\/no\/","name":"Worklinq","description":"Leading companies achieve results with Worklinq","publisher":{"@id":"https:\/\/worklinq.com\/no\/#organization"},"potentialAction":[{"@type":"SearchAction","target":{"@type":"EntryPoint","urlTemplate":"https:\/\/worklinq.com\/no\/?s={search_term_string}"},"query-input":{"@type":"PropertyValueSpecification","valueRequired":true,"valueName":"search_term_string"}}],"inLanguage":"nb-NO"},{"@type":"Organization","@id":"https:\/\/worklinq.com\/no\/#organization","name":"Worklinq","url":"https:\/\/worklinq.com\/no\/","logo":{"@type":"ImageObject","inLanguage":"nb-NO","@id":"https:\/\/worklinq.com\/no\/#\/schema\/logo\/image\/","url":"https:\/\/worklinq.com\/wp-content\/uploads\/2023\/01\/ProMark-compact-logo_trans.png","contentUrl":"https:\/\/worklinq.com\/wp-content\/uploads\/2023\/01\/ProMark-compact-logo_trans.png","width":1155,"height":1155,"caption":"Worklinq"},"image":{"@id":"https:\/\/worklinq.com\/no\/#\/schema\/logo\/image\/"},"sameAs":["https:\/\/www.linkedin.com\/company\/mark-information-as\/"]}]}},"_links":{"self":[{"href":"https:\/\/worklinq.com\/no\/wp-json\/wp\/v2\/pages\/248539","targetHints":{"allow":["GET"]}}],"collection":[{"href":"https:\/\/worklinq.com\/no\/wp-json\/wp\/v2\/pages"}],"about":[{"href":"https:\/\/worklinq.com\/no\/wp-json\/wp\/v2\/types\/page"}],"author":[{"embeddable":true,"href":"https:\/\/worklinq.com\/no\/wp-json\/wp\/v2\/users\/1"}],"replies":[{"embeddable":true,"href":"https:\/\/worklinq.com\/no\/wp-json\/wp\/v2\/comments?post=248539"}],"version-history":[{"count":4,"href":"https:\/\/worklinq.com\/no\/wp-json\/wp\/v2\/pages\/248539\/revisions"}],"predecessor-version":[{"id":282926,"href":"https:\/\/worklinq.com\/no\/wp-json\/wp\/v2\/pages\/248539\/revisions\/282926"}],"wp:featuredmedia":[{"embeddable":true,"href":"https:\/\/worklinq.com\/no\/wp-json\/wp\/v2\/media\/278352"}],"wp:attachment":[{"href":"https:\/\/worklinq.com\/no\/wp-json\/wp\/v2\/media?parent=248539"}],"curies":[{"name":"wp","href":"https:\/\/api.w.org\/{rel}","templated":true}]}}