{"id":248606,"date":"2023-01-09T16:15:14","date_gmt":"2023-01-09T16:15:14","guid":{"rendered":"https:\/\/promark365.com\/about\/leadership\/"},"modified":"2026-02-12T08:53:33","modified_gmt":"2026-02-12T08:53:33","slug":"lederskap","status":"publish","type":"page","link":"https:\/\/worklinq.com\/no\/om-oss\/lederskap\/","title":{"rendered":"V\u00e5rt lederskap"},"content":{"rendered":"<p>[et_pb_section fb_built=&raquo;1&#8243; _builder_version=&raquo;4.27.4&#8243; _module_preset=&raquo;default&raquo; background_image=&raquo;https:\/\/worklinq.com\/wp-content\/uploads\/2025\/08\/hero-background.svg&raquo; global_colors_info=&raquo;{}&raquo;][et_pb_row column_structure=&raquo;1_2,1_2&#8243; module_class=&raquo;chero subhero casehero&raquo; _builder_version=&raquo;4.27.4&#8243; _module_preset=&raquo;default&raquo; global_colors_info=&raquo;{}&raquo;][et_pb_column type=&raquo;1_2&#8243; _builder_version=&raquo;4.27.4&#8243; _module_preset=&raquo;default&raquo; global_colors_info=&raquo;{}&raquo;][dsm_breadcrumbs show_home_icon=&raquo;off&raquo; _builder_version=&raquo;4.27.4&#8243; _module_preset=&raquo;default&raquo; global_colors_info=&raquo;{}&raquo;][\/dsm_breadcrumbs][et_pb_heading title=&raquo;V\u00e5rt lederskap&raquo; _builder_version=&raquo;4.27.4&#8243; _module_preset=&raquo;default&raquo; global_colors_info=&raquo;{}&raquo;][\/et_pb_heading][et_pb_text _builder_version=&raquo;4.27.4&#8243; _module_preset=&raquo;default&raquo; global_colors_info=&raquo;{}&raquo;]<\/p>\n<p class=\"p1\">M\u00f8t menneskene som leder Worklinq. V\u00e5rt lederskapsteam har omfattende erfaring og ekspertise innen teknologi, forretningsdrift og personaladministrasjon, noe som hjelper oss med \u00e5 styre v\u00e5r strategi og bist\u00e5 v\u00e5re kunder.<\/p>\n<p>Fordi vi er menneskeorienterte av natur, er People &#038; Culture en del av v\u00e5rt lederskap \u2013 og danner grunnlaget for hvordan vi utvikler v\u00e5rt produkt, betjener v\u00e5re kunder og vokser som et team.[\/et_pb_text][\/et_pb_column][et_pb_column type=&raquo;1_2&#8243; _builder_version=&raquo;4.27.4&#8243; _module_preset=&raquo;default&raquo; background_enable_image=&raquo;off&raquo; global_colors_info=&raquo;{}&raquo;][et_pb_image src=&raquo;https:\/\/worklinq.com\/wp-content\/uploads\/2025\/08\/DSC9687-scaled.jpg&raquo; alt=&raquo;Worklinq Team&raquo; title_text=&raquo;_DSC9687&#8243; module_class=&raquo;objectfit&raquo; _builder_version=&raquo;4.27.4&#8243; _module_preset=&raquo;default&raquo; border_radii=&raquo;on|24px|24px|24px|24px&raquo; global_colors_info=&raquo;{}&raquo;][\/et_pb_image][\/et_pb_column][\/et_pb_row][\/et_pb_section][et_pb_section fb_built=&raquo;1&#8243; module_class=&raquo;col2 flex equalwidth leadership&raquo; _builder_version=&raquo;4.27.4&#8243; _module_preset=&raquo;default&raquo; global_colors_info=&raquo;{}&raquo;][et_pb_row column_structure=&raquo;1_2,1_2&#8243; module_class=&raquo;custom_row&raquo; _builder_version=&raquo;4.27.4&#8243; _module_preset=&raquo;default&raquo; module_alignment=&raquo;center&raquo; animation_direction=&raquo;bottom&raquo; global_colors_info=&raquo;%91%93&#8243;][et_pb_column type=&raquo;1_2&#8243; module_class=&raquo;first-on-mobile&raquo; _builder_version=&raquo;4.19.2&#8243; _module_preset=&raquo;default&raquo; global_colors_info=&raquo;{}&raquo;][et_pb_image src=&raquo;https:\/\/worklinq.com\/wp-content\/uploads\/2026\/01\/Anders-Rosenbeck-.png&raquo; alt=&raquo;CEO Torkel Olrik&raquo; title_text=&raquo;Anders Rosenbeck&raquo; force_fullwidth=&raquo;on&raquo; _builder_version=&raquo;4.27.4&#8243; _module_preset=&raquo;default&raquo; border_radii=&raquo;on|20px|20px|20px|20px&raquo; global_colors_info=&raquo;{}&raquo;][\/et_pb_image][\/et_pb_column][et_pb_column type=&raquo;1_2&#8243; module_class=&raquo;last-on-mobile&raquo; _builder_version=&raquo;4.19.2&#8243; _module_preset=&raquo;default&raquo; global_colors_info=&raquo;{}&raquo;][et_pb_heading title=&raquo;Chief Executive Officer&raquo; _builder_version=&raquo;4.27.4&#8243; _module_preset=&raquo;default&raquo; title_level=&raquo;h6&#8243; title_text_color=&raquo;#887DFD&raquo; global_colors_info=&raquo;{}&raquo;][\/et_pb_heading][et_pb_heading title=&raquo;Anders Rosenbeck&raquo; _builder_version=&raquo;4.27.4&#8243; _module_preset=&raquo;default&raquo; title_level=&raquo;h3&#8243; global_colors_info=&raquo;{}&raquo;][\/et_pb_heading][et_pb_text _builder_version=&raquo;4.27.5&#8243; _module_preset=&raquo;default&raquo; custom_padding=&raquo;0px||0px|||&raquo; global_colors_info=&raquo;{}&raquo;]<\/p>\n<p>Anders er administrerende direkt\u00f8r i Worklinq. Han begynte i Worklinq i 2026 og har med seg omfattende erfaring fra SaaS og store bedrifter, samt en sterk merittliste innen kundefokusert innovasjon, fusjoner og oppkj\u00f8p samt plattformskalering i regulerte bransjer. Som tidligere administrerende direkt\u00f8r og driftsdirekt\u00f8r i Tia Technology ledet han selskapet gjennom betydelig vekst, operasjonell transformasjon og en vellykket oppkj\u00f8p av Sapiens International. I tillegg har han hatt ledende stillinger i Collectia og Nykredit.<\/p>\n<p>[\/et_pb_text][\/et_pb_column][\/et_pb_row][et_pb_row column_structure=&raquo;1_2,1_2&#8243; module_class=&raquo;custom_row&raquo; _builder_version=&raquo;4.19.2&#8243; _module_preset=&raquo;default&raquo; animation_direction=&raquo;bottom&raquo; global_colors_info=&raquo;%91%93&#8243;][et_pb_column type=&raquo;1_2&#8243; module_class=&raquo;last-on-mobile&raquo; _builder_version=&raquo;4.19.2&#8243; _module_preset=&raquo;default&raquo; global_colors_info=&raquo;{}&raquo;][et_pb_heading title=&raquo;Chief Financial Officer&raquo; _builder_version=&raquo;4.27.4&#8243; _module_preset=&raquo;default&raquo; title_level=&raquo;h6&#8243; title_text_color=&raquo;#887DFD&raquo; global_colors_info=&raquo;{}&raquo;][\/et_pb_heading][et_pb_heading title=&raquo;Troels Kristensen&raquo; _builder_version=&raquo;4.27.4&#8243; _module_preset=&raquo;default&raquo; title_level=&raquo;h3&#8243; global_colors_info=&raquo;{}&raquo;][\/et_pb_heading][et_pb_text _builder_version=&raquo;4.27.5&#8243; _module_preset=&raquo;default&raquo; global_colors_info=&raquo;{}&raquo;]<\/p>\n<p>Troels er ansvarlig for Finance &amp; Administration i Worklinq og har lang erfaring fra revisjons- og konsulentbransjen. Han ble en del av Worklinq i 2019 og har tidligere hatt stillinger som revisor i KPMG og Financial Controller i PFA.<\/p>\n<p>Troels har en MSc i Business Economics and Auditing fra Copenhagen Business School.<\/p>\n<p>[\/et_pb_text][\/et_pb_column][et_pb_column type=&raquo;1_2&#8243; module_class=&raquo;first-on-mobile&raquo; _builder_version=&raquo;4.19.2&#8243; _module_preset=&raquo;default&raquo; global_colors_info=&raquo;{}&raquo;][et_pb_image src=&raquo;https:\/\/worklinq.com\/wp-content\/uploads\/2025\/08\/Troels-2.png&raquo; alt=&raquo;CTO Morten Janum&raquo; title_text=&raquo;Troels Kristensen&raquo; _builder_version=&raquo;4.27.4&#8243; _module_preset=&raquo;default&raquo; border_radii=&raquo;on|20px|20px|20px|20px&raquo; global_colors_info=&raquo;{}&raquo;][\/et_pb_image][\/et_pb_column][\/et_pb_row][et_pb_row column_structure=&raquo;1_2,1_2&#8243; module_class=&raquo;custom_row&raquo; _builder_version=&raquo;4.19.2&#8243; _module_preset=&raquo;default&raquo; animation_direction=&raquo;bottom&raquo; global_colors_info=&raquo;%91%93&#8243;][et_pb_column type=&raquo;1_2&#8243; module_class=&raquo;first-on-mobile&raquo; _builder_version=&raquo;4.19.2&#8243; _module_preset=&raquo;default&raquo; global_colors_info=&raquo;{}&raquo;][et_pb_image src=&raquo;https:\/\/worklinq.com\/wp-content\/uploads\/2025\/08\/Jonas.png&raquo; alt=&raquo;CFO Troels Kristensen&raquo; title_text=&raquo;Jonas Qvarfordt&raquo; _builder_version=&raquo;4.27.4&#8243; _module_preset=&raquo;default&raquo; border_radii=&raquo;on|20px|20px|20px|20px&raquo; global_colors_info=&raquo;{}&raquo;][\/et_pb_image][\/et_pb_column][et_pb_column type=&raquo;1_2&#8243; module_class=&raquo;last-on-mobile&raquo; _builder_version=&raquo;4.19.2&#8243; _module_preset=&raquo;default&raquo; global_colors_info=&raquo;{}&raquo;][et_pb_heading title=&raquo;Chief Revenue Officer&raquo; _builder_version=&raquo;4.27.4&#8243; _module_preset=&raquo;default&raquo; title_level=&raquo;h6&#8243; title_text_color=&raquo;#887DFD&raquo; global_colors_info=&raquo;{}&raquo;][\/et_pb_heading][et_pb_heading title=&raquo;Jonas Qvarfordt&raquo; _builder_version=&raquo;4.27.4&#8243; _module_preset=&raquo;default&raquo; title_level=&raquo;h3&#8243; global_colors_info=&raquo;{}&raquo;][\/et_pb_heading][et_pb_text _builder_version=&raquo;4.27.4&#8243; _module_preset=&raquo;default&raquo; global_colors_info=&raquo;{}&raquo;]<\/p>\n<p>Jonas er Chief Revenue Officer med ansvar for \u00e5 skape vekst i det nordiske markedet. Han begynte i Worklinq i 2025 og har mer enn 25 \u00e5rs erfaring innen salgsledelse, operasjonell excellence og digital transformasjon fra teknologibransjen. Jonas har tidligere hatt stillinger som General Manager Nordics hos CCH Tagetik og Sales Director hos Oracle.<\/p>\n<p>Jonas har en mastergrad i salg og markedsf\u00f8ring fra IHM Business School i Stockholm.<\/p>\n<p>[\/et_pb_text][\/et_pb_column][\/et_pb_row][et_pb_row column_structure=&raquo;1_2,1_2&#8243; module_class=&raquo;custom_row&raquo; _builder_version=&raquo;4.19.2&#8243; _module_preset=&raquo;default&raquo; animation_direction=&raquo;bottom&raquo; global_colors_info=&raquo;%91%93&#8243;][et_pb_column type=&raquo;1_2&#8243; module_class=&raquo;last-on-mobile&raquo; _builder_version=&raquo;4.19.2&#8243; _module_preset=&raquo;default&raquo; global_colors_info=&raquo;{}&raquo;][et_pb_heading title=&raquo;Chief Product &#038; Technology Officer&raquo; _builder_version=&raquo;4.27.5&#8243; _module_preset=&raquo;default&raquo; title_level=&raquo;h6&#8243; title_text_color=&raquo;#887DFD&raquo; hover_enabled=&raquo;0&#8243; global_colors_info=&raquo;{}&raquo; sticky_enabled=&raquo;0&#8243;][\/et_pb_heading][et_pb_heading title=&raquo;Jesper Starch&raquo; _builder_version=&raquo;4.27.5&#8243; _module_preset=&raquo;default&raquo; title_level=&raquo;h3&#8243; hover_enabled=&raquo;0&#8243; global_colors_info=&raquo;{}&raquo; sticky_enabled=&raquo;0&#8243;][\/et_pb_heading][et_pb_text _builder_version=&raquo;4.27.5&#8243; _module_preset=&raquo;default&raquo; hover_enabled=&raquo;0&#8243; global_colors_info=&raquo;{}&raquo; sticky_enabled=&raquo;0&#8243;]<\/p>\n<p>Jesper begynte nylig i Worklinq som Chief Product &amp; Technology Officer, hvor han vil lede v\u00e5rt Product &amp; Engineering team.<\/p>\n<p>Jesper har 25 \u00e5rs erfaring med internasjonal B2B-programvare, inkludert 15 \u00e5r i ledende stillinger. Han har lang erfaring med strategisk plattformmodernisering, SaaS-produktstrategi og datadrevet og AI-basert produktutvikling. Senest var han CPTO i et MarTech SaaS-selskap eid av Private Equity.<\/p>\n<p>Jesper har en informatikkgrad fra Copenhagen Business School.<\/p>\n<p>[\/et_pb_text][\/et_pb_column][et_pb_column type=&raquo;1_2&#8243; module_class=&raquo;first-on-mobile&raquo; _builder_version=&raquo;4.19.2&#8243; _module_preset=&raquo;default&raquo; global_colors_info=&raquo;{}&raquo;][et_pb_image src=&raquo;https:\/\/worklinq.com\/wp-content\/uploads\/2026\/02\/Jesper-Starch-web-v2.png&raquo; alt=&raquo;CTO Morten Janum&raquo; title_text=&raquo;Jesper Starch &#8211; web v2&#8243; _builder_version=&raquo;4.27.5&#8243; _module_preset=&raquo;default&raquo; hover_enabled=&raquo;0&#8243; border_radii=&raquo;on|20px|20px|20px|20px&raquo; global_colors_info=&raquo;{}&raquo; sticky_enabled=&raquo;0&#8243;][\/et_pb_image][\/et_pb_column][\/et_pb_row][et_pb_row column_structure=&raquo;1_2,1_2&#8243; module_class=&raquo;custom_row&raquo; _builder_version=&raquo;4.19.2&#8243; _module_preset=&raquo;default&raquo; animation_direction=&raquo;bottom&raquo; global_colors_info=&raquo;%91%93&#8243;][et_pb_column type=&raquo;1_2&#8243; module_class=&raquo;first-on-mobile&raquo; _builder_version=&raquo;4.19.2&#8243; _module_preset=&raquo;default&raquo; global_colors_info=&raquo;{}&raquo;][et_pb_image src=&raquo;https:\/\/worklinq.com\/wp-content\/uploads\/2025\/08\/Daniel.png&raquo; alt=&raquo;Deputy Head of Sales and Marketing Henrik Trolle&raquo; title_text=&raquo;Daniel B. Stuhr&raquo; _builder_version=&raquo;4.27.4&#8243; _module_preset=&raquo;default&raquo; border_radii=&raquo;on|20px|20px|20px|20px&raquo; global_colors_info=&raquo;{}&raquo;][\/et_pb_image][\/et_pb_column][et_pb_column type=&raquo;1_2&#8243; module_class=&raquo;last-on-mobile&raquo; _builder_version=&raquo;4.19.2&#8243; _module_preset=&raquo;default&raquo; global_colors_info=&raquo;{}&raquo;][et_pb_heading title=&raquo;Chief Operating Officer&raquo; _builder_version=&raquo;4.27.5&#8243; _module_preset=&raquo;default&raquo; title_level=&raquo;h6&#8243; title_text_color=&raquo;#887DFD&raquo; global_colors_info=&raquo;{}&raquo;][\/et_pb_heading][et_pb_heading title=&raquo;Daniel B. Stuhr&raquo; _builder_version=&raquo;4.27.4&#8243; _module_preset=&raquo;default&raquo; title_level=&raquo;h3&#8243; global_colors_info=&raquo;{}&raquo;][\/et_pb_heading][et_pb_text _builder_version=&raquo;4.27.5&#8243; _module_preset=&raquo;default&raquo; global_colors_info=&raquo;{}&raquo;]<\/p>\n<p>Daniel er Chief Operating Officer i Worklinq, hvor han leder v\u00e5rt Customer Operations &amp; Professional Services team.<\/p>\n<p>Daniel begynte i Worklinq i 2023 og har med seg over 15 \u00e5rs erfaring innen strategi, forretningsutvikling og transformasjon. Daniel hadde en sentral rolle i Edlunds vellykkede overgang fra en on-premise til en SaaS-plattform, og har ogs\u00e5 hatt ledende stillinger i organisasjoner som Falck, ISS osv.<\/p>\n<p>Daniel har en Cand.Merc. (Econ.) fra Copenhagen Business School.<\/p>\n<p>[\/et_pb_text][\/et_pb_column][\/et_pb_row][et_pb_row column_structure=&raquo;1_2,1_2&#8243; module_class=&raquo;custom_row&raquo; _builder_version=&raquo;4.19.2&#8243; _module_preset=&raquo;default&raquo; animation_direction=&raquo;bottom&raquo; global_colors_info=&raquo;%91%93&#8243;][et_pb_column type=&raquo;1_2&#8243; module_class=&raquo;last-on-mobile&raquo; _builder_version=&raquo;4.19.2&#8243; _module_preset=&raquo;default&raquo; global_colors_info=&raquo;{}&raquo;][et_pb_heading title=&raquo;Head of People &#038; Culture&raquo; _builder_version=&raquo;4.27.4&#8243; _module_preset=&raquo;default&raquo; title_level=&raquo;h6&#8243; title_text_color=&raquo;#887DFD&raquo; global_colors_info=&raquo;{}&raquo;][\/et_pb_heading][et_pb_heading title=&raquo;Camilla Folting&raquo; _builder_version=&raquo;4.27.4&#8243; _module_preset=&raquo;default&raquo; title_level=&raquo;h3&#8243; global_colors_info=&raquo;{}&raquo;][\/et_pb_heading][et_pb_text _builder_version=&raquo;4.27.5&#8243; _module_preset=&raquo;default&raquo; global_colors_info=&raquo;{}&raquo;]<\/p>\n<p>Camilla er ansvarlig for People &amp; Culture i Worklinq og har mer enn 20 \u00e5rs erfaring innen HR.<\/p>\n<p>Camilla ble en del av Worklinq i 2023 og har tidligere hatt forskjellige HR-roller i K.W. Bruun Import A\/S (n\u00e5 en del av Wismo Group), Zacco Denmark og Lundbeck.<\/p>\n<p>Camilla har en HD i organisasjon og ledelse (HDO) fra Copenhagen Business School.<\/p>\n<p>[\/et_pb_text][\/et_pb_column][et_pb_column type=&raquo;1_2&#8243; module_class=&raquo;first-on-mobile&raquo; _builder_version=&raquo;4.19.2&#8243; _module_preset=&raquo;default&raquo; global_colors_info=&raquo;{}&raquo;][et_pb_image src=&raquo;https:\/\/worklinq.com\/wp-content\/uploads\/2025\/08\/Camilla.png&raquo; alt=&raquo;CTO Morten Janum&raquo; title_text=&raquo;Camilla Folting&raquo; _builder_version=&raquo;4.27.4&#8243; _module_preset=&raquo;default&raquo; border_radii=&raquo;on|20px|20px|20px|20px&raquo; global_colors_info=&raquo;{}&raquo;][\/et_pb_image][\/et_pb_column][\/et_pb_row][\/et_pb_section]<\/p>\n","protected":false},"excerpt":{"rendered":"<p><div class=\"et_pb_module dsm_breadcrumbs dsm_breadcrumbs_0\">\n\t\t\t\t\n\t\t\t\t\n\t\t\t\t\n\t\t\t\t\n\t\t\t\t\n\t\t\t\t\n\t\t\t\t<div class=\"et_pb_module_inner\">\n\t\t\t\t\t<nav class=\"dsm_breadcrumbs_wrap\" role=\"navigation\" itemscope=\"\" itemtype=\"http:\/\/schema.org\/SiteNavigationElement\">\n\t\t\t\t<ul class=\"dsm_breadcrumbs\">\t\t\t<li class='dsm_breadcrumbs_item dsm_home_item dsm_home_item_custom'>\n\t\t\t\t<a href=\"https:\/\/worklinq.com\/no\/\" itemprop=\"url\" target=\"\">\n\t\t\t\t\t<span class='dsm_home_text_wrapper'>\n\t\t\t\t\t\t\t\t\t\t\t\t\t<span class=\"dsm_home_text\" itemprop=\"name\">\n\t\t\t\t\t\t\t\tHome\t\t\t\t\t\t\t<\/span>\n\t\t\t\t\t<\/span>\n\t\t\t\t<\/a>\n\t\t\t<\/li>\n\n\t\t<li class=\"dsm_breadcrumbs_separator\"> <span class=\"et-pb-icon dsm_separator_icon\">5<\/span><\/li><\/ul>\n\t\t\t<\/nav>\n\t\t\t\t<\/div>\n\t\t\t<\/div>M\u00f8t menneskene som leder Worklinq. V\u00e5rt lederskapsteam har omfattende erfaring og ekspertise innen teknologi, forretningsdrift og personaladministrasjon, noe som hjelper oss med \u00e5 styre v\u00e5r strategi og bist\u00e5 v\u00e5re kunder. Fordi vi er menneskeorienterte av natur, er People &#038; Culture en del av v\u00e5rt lederskap \u2013 og danner grunnlaget for hvordan vi utvikler v\u00e5rt produkt, betjener v\u00e5re kunder og vokser som et team.Anders er administrerende direkt\u00f8r i Worklinq. Han begynte i Worklinq i 2026 og har med seg omfattende erfaring fra SaaS og store bedrifter, samt en sterk merittliste innen kundefokusert innovasjon, fusjoner og oppkj\u00f8p samt plattformskalering i regulerte bransjer. Som tidligere administrerende direkt\u00f8r og driftsdirekt\u00f8r i Tia Technology ledet han selskapet gjennom betydelig vekst, operasjonell transformasjon og en vellykket oppkj\u00f8p av Sapiens International. I tillegg har han hatt ledende stillinger i Collectia og Nykredit.Troels er ansvarlig for Finance &amp; Administration i Worklinq og har lang erfaring fra revisjons- og konsulentbransjen. Han ble en del av Worklinq i 2019 og har tidligere hatt stillinger som revisor i KPMG og Financial Controller i PFA. Troels har en MSc i Business Economics and Auditing fra Copenhagen Business School.Jonas er Chief Revenue Officer med ansvar for \u00e5 skape vekst [&hellip;]<\/p>\n","protected":false},"author":1,"featured_media":0,"parent":248554,"menu_order":0,"comment_status":"closed","ping_status":"closed","template":"","meta":{"_acf_changed":false,"_et_pb_use_builder":"on","_et_pb_old_content":"","_et_gb_content_width":"","footnotes":""},"class_list":["post-248606","page","type-page","status-publish","hentry"],"featured_image_src":null,"acf":[],"yoast_head":"<!-- This site is optimized with the Yoast SEO plugin v27.3 - https:\/\/yoast.com\/product\/yoast-seo-wordpress\/ -->\n<title>Worklinqs lederteam | Worklinq<\/title>\n<meta name=\"description\" content=\"M\u00f8t menneskene som driver Worklinq. Teamet har lang erfaring og ekspertise innen teknologi, forretningsdrift og workforce management.\" \/>\n<meta name=\"robots\" content=\"index, follow, max-snippet:-1, max-image-preview:large, max-video-preview:-1\" \/>\n<link rel=\"canonical\" href=\"https:\/\/worklinq.com\/no\/om-oss\/lederskap\/\" \/>\n<meta property=\"og:locale\" content=\"nb_NO\" \/>\n<meta property=\"og:type\" content=\"article\" \/>\n<meta property=\"og:title\" content=\"Worklinqs lederteam | Worklinq\" \/>\n<meta property=\"og:description\" content=\"M\u00f8t menneskene som driver Worklinq. Teamet har lang erfaring og ekspertise innen teknologi, forretningsdrift og workforce management.\" \/>\n<meta property=\"og:url\" content=\"https:\/\/worklinq.com\/no\/om-oss\/lederskap\/\" \/>\n<meta property=\"og:site_name\" content=\"Worklinq\" \/>\n<meta property=\"article:modified_time\" content=\"2026-02-12T08:53:33+00:00\" \/>\n<meta property=\"og:image\" content=\"https:\/\/worklinq.com\/wp-content\/uploads\/2025\/08\/Promo-PM-Worklinq.png\" \/>\n\t<meta property=\"og:image:width\" content=\"960\" \/>\n\t<meta property=\"og:image:height\" content=\"640\" \/>\n\t<meta property=\"og:image:type\" content=\"image\/png\" \/>\n<meta name=\"twitter:card\" content=\"summary_large_image\" \/>\n<meta name=\"twitter:label1\" content=\"Ansl. lesetid\" \/>\n\t<meta name=\"twitter:data1\" content=\"4 minutter\" \/>\n<script type=\"application\/ld+json\" class=\"yoast-schema-graph\">{\"@context\":\"https:\\\/\\\/schema.org\",\"@graph\":[{\"@type\":\"WebPage\",\"@id\":\"https:\\\/\\\/worklinq.com\\\/no\\\/om-oss\\\/lederskap\\\/\",\"url\":\"https:\\\/\\\/worklinq.com\\\/no\\\/om-oss\\\/lederskap\\\/\",\"name\":\"Worklinqs lederteam | Worklinq\",\"isPartOf\":{\"@id\":\"https:\\\/\\\/worklinq.com\\\/no\\\/#website\"},\"datePublished\":\"2023-01-09T16:15:14+00:00\",\"dateModified\":\"2026-02-12T08:53:33+00:00\",\"description\":\"M\u00f8t menneskene som driver Worklinq. Teamet har lang erfaring og ekspertise innen teknologi, forretningsdrift og workforce management.\",\"breadcrumb\":{\"@id\":\"https:\\\/\\\/worklinq.com\\\/no\\\/om-oss\\\/lederskap\\\/#breadcrumb\"},\"inLanguage\":\"nb-NO\",\"potentialAction\":[{\"@type\":\"ReadAction\",\"target\":[\"https:\\\/\\\/worklinq.com\\\/no\\\/om-oss\\\/lederskap\\\/\"]}]},{\"@type\":\"BreadcrumbList\",\"@id\":\"https:\\\/\\\/worklinq.com\\\/no\\\/om-oss\\\/lederskap\\\/#breadcrumb\",\"itemListElement\":[{\"@type\":\"ListItem\",\"position\":1,\"name\":\"Home\",\"item\":\"https:\\\/\\\/worklinq.com\\\/no\\\/\"},{\"@type\":\"ListItem\",\"position\":2,\"name\":\"Om oss\",\"item\":\"https:\\\/\\\/worklinq.com\\\/no\\\/om-oss\\\/\"},{\"@type\":\"ListItem\",\"position\":3,\"name\":\"V\u00e5rt lederskap\"}]},{\"@type\":\"WebSite\",\"@id\":\"https:\\\/\\\/worklinq.com\\\/no\\\/#website\",\"url\":\"https:\\\/\\\/worklinq.com\\\/no\\\/\",\"name\":\"Worklinq\",\"description\":\"Leading companies achieve results with Worklinq\",\"publisher\":{\"@id\":\"https:\\\/\\\/worklinq.com\\\/no\\\/#organization\"},\"potentialAction\":[{\"@type\":\"SearchAction\",\"target\":{\"@type\":\"EntryPoint\",\"urlTemplate\":\"https:\\\/\\\/worklinq.com\\\/no\\\/?s={search_term_string}\"},\"query-input\":{\"@type\":\"PropertyValueSpecification\",\"valueRequired\":true,\"valueName\":\"search_term_string\"}}],\"inLanguage\":\"nb-NO\"},{\"@type\":\"Organization\",\"@id\":\"https:\\\/\\\/worklinq.com\\\/no\\\/#organization\",\"name\":\"Worklinq\",\"url\":\"https:\\\/\\\/worklinq.com\\\/no\\\/\",\"logo\":{\"@type\":\"ImageObject\",\"inLanguage\":\"nb-NO\",\"@id\":\"https:\\\/\\\/worklinq.com\\\/no\\\/#\\\/schema\\\/logo\\\/image\\\/\",\"url\":\"https:\\\/\\\/worklinq.com\\\/wp-content\\\/uploads\\\/2023\\\/01\\\/ProMark-compact-logo_trans.png\",\"contentUrl\":\"https:\\\/\\\/worklinq.com\\\/wp-content\\\/uploads\\\/2023\\\/01\\\/ProMark-compact-logo_trans.png\",\"width\":1155,\"height\":1155,\"caption\":\"Worklinq\"},\"image\":{\"@id\":\"https:\\\/\\\/worklinq.com\\\/no\\\/#\\\/schema\\\/logo\\\/image\\\/\"},\"sameAs\":[\"https:\\\/\\\/www.linkedin.com\\\/company\\\/mark-information-as\\\/\"]}]}<\/script>\n<!-- \/ Yoast SEO plugin. -->","yoast_head_json":{"title":"Worklinqs lederteam | Worklinq","description":"M\u00f8t menneskene som driver Worklinq. Teamet har lang erfaring og ekspertise innen teknologi, forretningsdrift og workforce management.","robots":{"index":"index","follow":"follow","max-snippet":"max-snippet:-1","max-image-preview":"max-image-preview:large","max-video-preview":"max-video-preview:-1"},"canonical":"https:\/\/worklinq.com\/no\/om-oss\/lederskap\/","og_locale":"nb_NO","og_type":"article","og_title":"Worklinqs lederteam | Worklinq","og_description":"M\u00f8t menneskene som driver Worklinq. Teamet har lang erfaring og ekspertise innen teknologi, forretningsdrift og workforce management.","og_url":"https:\/\/worklinq.com\/no\/om-oss\/lederskap\/","og_site_name":"Worklinq","article_modified_time":"2026-02-12T08:53:33+00:00","og_image":[{"width":960,"height":640,"url":"https:\/\/worklinq.com\/wp-content\/uploads\/2025\/08\/Promo-PM-Worklinq.png","type":"image\/png"}],"twitter_card":"summary_large_image","twitter_misc":{"Ansl. lesetid":"4 minutter"},"schema":{"@context":"https:\/\/schema.org","@graph":[{"@type":"WebPage","@id":"https:\/\/worklinq.com\/no\/om-oss\/lederskap\/","url":"https:\/\/worklinq.com\/no\/om-oss\/lederskap\/","name":"Worklinqs lederteam | Worklinq","isPartOf":{"@id":"https:\/\/worklinq.com\/no\/#website"},"datePublished":"2023-01-09T16:15:14+00:00","dateModified":"2026-02-12T08:53:33+00:00","description":"M\u00f8t menneskene som driver Worklinq. Teamet har lang erfaring og ekspertise innen teknologi, forretningsdrift og workforce management.","breadcrumb":{"@id":"https:\/\/worklinq.com\/no\/om-oss\/lederskap\/#breadcrumb"},"inLanguage":"nb-NO","potentialAction":[{"@type":"ReadAction","target":["https:\/\/worklinq.com\/no\/om-oss\/lederskap\/"]}]},{"@type":"BreadcrumbList","@id":"https:\/\/worklinq.com\/no\/om-oss\/lederskap\/#breadcrumb","itemListElement":[{"@type":"ListItem","position":1,"name":"Home","item":"https:\/\/worklinq.com\/no\/"},{"@type":"ListItem","position":2,"name":"Om oss","item":"https:\/\/worklinq.com\/no\/om-oss\/"},{"@type":"ListItem","position":3,"name":"V\u00e5rt lederskap"}]},{"@type":"WebSite","@id":"https:\/\/worklinq.com\/no\/#website","url":"https:\/\/worklinq.com\/no\/","name":"Worklinq","description":"Leading companies achieve results with Worklinq","publisher":{"@id":"https:\/\/worklinq.com\/no\/#organization"},"potentialAction":[{"@type":"SearchAction","target":{"@type":"EntryPoint","urlTemplate":"https:\/\/worklinq.com\/no\/?s={search_term_string}"},"query-input":{"@type":"PropertyValueSpecification","valueRequired":true,"valueName":"search_term_string"}}],"inLanguage":"nb-NO"},{"@type":"Organization","@id":"https:\/\/worklinq.com\/no\/#organization","name":"Worklinq","url":"https:\/\/worklinq.com\/no\/","logo":{"@type":"ImageObject","inLanguage":"nb-NO","@id":"https:\/\/worklinq.com\/no\/#\/schema\/logo\/image\/","url":"https:\/\/worklinq.com\/wp-content\/uploads\/2023\/01\/ProMark-compact-logo_trans.png","contentUrl":"https:\/\/worklinq.com\/wp-content\/uploads\/2023\/01\/ProMark-compact-logo_trans.png","width":1155,"height":1155,"caption":"Worklinq"},"image":{"@id":"https:\/\/worklinq.com\/no\/#\/schema\/logo\/image\/"},"sameAs":["https:\/\/www.linkedin.com\/company\/mark-information-as\/"]}]}},"_links":{"self":[{"href":"https:\/\/worklinq.com\/no\/wp-json\/wp\/v2\/pages\/248606","targetHints":{"allow":["GET"]}}],"collection":[{"href":"https:\/\/worklinq.com\/no\/wp-json\/wp\/v2\/pages"}],"about":[{"href":"https:\/\/worklinq.com\/no\/wp-json\/wp\/v2\/types\/page"}],"author":[{"embeddable":true,"href":"https:\/\/worklinq.com\/no\/wp-json\/wp\/v2\/users\/1"}],"replies":[{"embeddable":true,"href":"https:\/\/worklinq.com\/no\/wp-json\/wp\/v2\/comments?post=248606"}],"version-history":[{"count":4,"href":"https:\/\/worklinq.com\/no\/wp-json\/wp\/v2\/pages\/248606\/revisions"}],"predecessor-version":[{"id":284087,"href":"https:\/\/worklinq.com\/no\/wp-json\/wp\/v2\/pages\/248606\/revisions\/284087"}],"up":[{"embeddable":true,"href":"https:\/\/worklinq.com\/no\/wp-json\/wp\/v2\/pages\/248554"}],"wp:attachment":[{"href":"https:\/\/worklinq.com\/no\/wp-json\/wp\/v2\/media?parent=248606"}],"curies":[{"name":"wp","href":"https:\/\/api.w.org\/{rel}","templated":true}]}}