{"id":248681,"date":"2023-01-09T16:21:25","date_gmt":"2023-01-09T16:21:25","guid":{"rendered":"https:\/\/promark365.com\/contact\/"},"modified":"2026-02-16T10:03:17","modified_gmt":"2026-02-16T10:03:17","slug":"kontakt-oss","status":"publish","type":"page","link":"https:\/\/worklinq.com\/no\/kontakt-oss\/","title":{"rendered":"Kontakt oss"},"content":{"rendered":"<p>[et_pb_section fb_built=&raquo;1&#8243; module_class=&raquo;hero-subpages&raquo; _builder_version=&raquo;4.27.4&#8243; _module_preset=&raquo;default&raquo; background_color=&raquo;#001A35&#8243; background_image=&raquo;https:\/\/worklinq.com\/wp-content\/uploads\/2025\/08\/contact-us.jpg&raquo; custom_padding=&raquo;8%||8%||false|false&raquo; global_colors_info=&raquo;{}&raquo;][et_pb_row _builder_version=&raquo;4.19.2&#8243; _module_preset=&raquo;default&raquo; max_width=&raquo;940px&raquo; module_alignment=&raquo;center&raquo; global_colors_info=&raquo;{}&raquo;][et_pb_column type=&raquo;4_4&#8243; _builder_version=&raquo;4.16&#8243; _module_preset=&raquo;default&raquo; global_colors_info=&raquo;%91%93&#8243;][et_pb_heading title=&raquo;Vi vil gjerne h\u00f8re fra deg. Du finner v\u00e5r kontaktinformasjon nedenfor.&raquo; module_class=&raquo;darkmode&raquo; _builder_version=&raquo;4.27.4&#8243; _module_preset=&raquo;default&raquo; title_text_align=&raquo;center&raquo; global_colors_info=&raquo;{}&raquo;][\/et_pb_heading][\/et_pb_column][\/et_pb_row][\/et_pb_section][et_pb_section fb_built=&raquo;1&#8243; _builder_version=&raquo;4.19.2&#8243; _module_preset=&raquo;default&raquo; background_color=&raquo;RGBA(255,255,255,0)&raquo; custom_padding=&raquo;0px||||false|false&raquo; global_colors_info=&raquo;{}&raquo;][et_pb_row column_structure=&raquo;1_2,1_2&#8243; _builder_version=&raquo;4.19.2&#8243; _module_preset=&raquo;default&raquo; custom_padding=&raquo;0px||||false|false&raquo; custom_css_main_element=&raquo;margin-top: -68px;&raquo; global_colors_info=&raquo;{}&raquo;][et_pb_column type=&raquo;1_2&#8243; module_class=&raquo;content-box&raquo; _builder_version=&raquo;4.19.2&#8243; _module_preset=&raquo;default&raquo; global_colors_info=&raquo;{}&raquo;][et_pb_image src=&raquo;https:\/\/worklinq.com\/wp-content\/uploads\/2025\/08\/Book-a-call.svg&raquo; title_text=&raquo;Book a call&raquo; _builder_version=&raquo;4.27.4&#8243; _module_preset=&raquo;default&raquo; width=&raquo;50px&raquo; max_width=&raquo;50px&raquo; module_alignment=&raquo;center&raquo; global_colors_info=&raquo;{}&raquo;][\/et_pb_image][et_pb_blurb image_icon_width=&raquo;46px&raquo; _builder_version=&raquo;4.27.4&#8243; _module_preset=&raquo;default&raquo; text_orientation=&raquo;center&raquo; global_colors_info=&raquo;{}&raquo;]<\/p>\n<h5>Bli kontaktet av v\u00e5re eksperter<\/h5>\n<p>Er du interessert i Worklinq Workforce Management? Del dine opplysninger, s\u00e5 kontakter vi deg.[\/et_pb_blurb][et_pb_button button_url=&raquo;@ET-DC@eyJkeW5hbWljIjp0cnVlLCJjb250ZW50IjoicG9zdF9saW5rX3VybF9wYWdlIiwic2V0dGluZ3MiOnsicG9zdF9pZCI6IjI0MjcwMiJ9fQ==@&raquo; button_text=&raquo;Send inn skjemaet v\u00e5rt &raquo; button_alignment=&raquo;center&raquo; module_id=&raquo;blue&raquo; module_class=&raquo;btn-primary&raquo; _builder_version=&raquo;4.27.4&#8243; _dynamic_attributes=&raquo;button_url&raquo; _module_preset=&raquo;default&raquo; global_colors_info=&raquo;{}&raquo;][\/et_pb_button][\/et_pb_column][et_pb_column type=&raquo;1_2&#8243; module_class=&raquo;content-box&raquo; _builder_version=&raquo;4.19.2&#8243; _module_preset=&raquo;default&raquo; global_colors_info=&raquo;{}&raquo;][et_pb_image src=&raquo;https:\/\/worklinq.com\/wp-content\/uploads\/2025\/08\/Service-Desk.svg&raquo; title_text=&raquo;Service Desk&raquo; _builder_version=&raquo;4.27.4&#8243; _module_preset=&raquo;default&raquo; width=&raquo;50px&raquo; max_width=&raquo;50px&raquo; module_alignment=&raquo;center&raquo; global_colors_info=&raquo;{}&raquo;][\/et_pb_image][et_pb_blurb image_icon_width=&raquo;46px&raquo; _builder_version=&raquo;4.27.4&#8243; _module_preset=&raquo;default&raquo; text_orientation=&raquo;center&raquo; global_colors_info=&raquo;{}&raquo;]<\/p>\n<h5>Kontakt kundeservice<\/h5>\n<p>Logg inn for \u00e5 opprette en sak. Du kan ogs\u00e5 <a href=\"mailto:servicedesk@worklinq.com\">sende oss en e-post<\/a> eller ringe oss p\u00e5 +45 4525 8575.[\/et_pb_blurb][et_pb_button button_url=&raquo;https:\/\/servicedesk.worklinq.com\/&raquo; url_new_window=&raquo;on&raquo; button_text=&raquo;Opprett en supportsak&raquo; button_alignment=&raquo;center&raquo; module_id=&raquo;blue&raquo; module_class=&raquo;btn-primary&raquo; _builder_version=&raquo;4.27.4&#8243; _module_preset=&raquo;default&raquo; global_colors_info=&raquo;{}&raquo;][\/et_pb_button][\/et_pb_column][\/et_pb_row][et_pb_row _builder_version=&raquo;4.19.2&#8243; _module_preset=&raquo;default&raquo; custom_padding=&raquo;0px||0px|||&raquo; global_colors_info=&raquo;{}&raquo;][et_pb_column type=&raquo;4_4&#8243; _builder_version=&raquo;4.19.2&#8243; _module_preset=&raquo;default&raquo; global_colors_info=&raquo;{}&raquo;][et_pb_text _builder_version=&raquo;4.27.4&#8243; _module_preset=&raquo;default&raquo; text_orientation=&raquo;center&raquo; global_colors_info=&raquo;{}&raquo;]<\/p>\n<h2>Andre henvendelser:<\/h2>\n<p>[\/et_pb_text][\/et_pb_column][\/et_pb_row][et_pb_row column_structure=&raquo;1_4,1_4,1_4,1_4&#8243; _builder_version=&raquo;4.19.2&#8243; _module_preset=&raquo;default&raquo; global_colors_info=&raquo;{}&raquo;][et_pb_column type=&raquo;1_4&#8243; _builder_version=&raquo;4.19.2&#8243; _module_preset=&raquo;default&raquo; global_colors_info=&raquo;{}&raquo;][et_pb_text _builder_version=&raquo;4.27.4&#8243; _module_preset=&raquo;default&raquo; custom_margin=&raquo;|||20px|false|false&raquo; custom_padding=&raquo;|||20px|false|false&raquo; border_color_all=&raquo;#002C5B&raquo; border_width_left=&raquo;4px&raquo; border_color_left=&raquo;#006af9&#8243; global_colors_info=&raquo;{}&raquo;]<strong>Generelle henvendelser<\/strong><br \/>\n<a href=\"mailto:info@worklinq.com\">info@worklinq.com<\/a>[\/et_pb_text][\/et_pb_column][et_pb_column type=&raquo;1_4&#8243; _builder_version=&raquo;4.19.2&#8243; _module_preset=&raquo;default&raquo; global_colors_info=&raquo;{}&raquo;][et_pb_text _builder_version=&raquo;4.27.4&#8243; _module_preset=&raquo;default&raquo; custom_margin=&raquo;|||20px|false|false&raquo; custom_padding=&raquo;|||20px|false|false&raquo; border_width_left=&raquo;4px&raquo; border_color_left=&raquo;#006af9&#8243; locked=&raquo;off&raquo; global_colors_info=&raquo;{}&raquo;]<strong>\u00d8konomi og regnskap<\/strong><br \/>\n<a href=\"mailto:finance@worklinq.com\">finance@worklinq.com<\/a>[\/et_pb_text][\/et_pb_column][et_pb_column type=&raquo;1_4&#8243; _builder_version=&raquo;4.19.2&#8243; _module_preset=&raquo;default&raquo; global_colors_info=&raquo;{}&raquo;][et_pb_text _builder_version=&raquo;4.27.4&#8243; _module_preset=&raquo;default&raquo; custom_margin=&raquo;|||20px|false|false&raquo; custom_padding=&raquo;|||20px|false|false&raquo; border_width_left=&raquo;4px&raquo; border_color_left=&raquo;#006af9&#8243; locked=&raquo;off&raquo; global_colors_info=&raquo;{}&raquo;]<strong>Jobbs\u00f8knader<\/strong><br \/>\n<a href=\"mailto:job@worklinq.com\">job@worklinq.com<\/a>[\/et_pb_text][\/et_pb_column][et_pb_column type=&raquo;1_4&#8243; _builder_version=&raquo;4.19.2&#8243; _module_preset=&raquo;default&raquo; global_colors_info=&raquo;{}&raquo;][et_pb_text _builder_version=&raquo;4.27.4&#8243; _module_preset=&raquo;default&raquo; custom_margin=&raquo;|||20px|false|false&raquo; custom_padding=&raquo;|||20px|false|false&raquo; border_width_left=&raquo;4px&raquo; border_color_left=&raquo;#006af9&#8243; locked=&raquo;off&raquo; global_colors_info=&raquo;{}&raquo;]<strong>GDPR &#038; sikkerhet<\/strong><br \/>\n<a href=\"mailto:gdpr@worklinq.com\">gdpr@worklinq.com<\/a>[\/et_pb_text][\/et_pb_column][\/et_pb_row][\/et_pb_section][et_pb_section fb_built=&raquo;1&#8243; _builder_version=&raquo;4.19.2&#8243; _module_preset=&raquo;default&raquo; background_color=&raquo;#F2F4F9&#8243; custom_margin=&raquo;||||false|false&raquo; global_colors_info=&raquo;{}&raquo;][et_pb_row column_structure=&raquo;2_5,3_5&#8243; module_class=&raquo;border-radius&raquo; _builder_version=&raquo;4.27.4&#8243; _module_preset=&raquo;default&raquo; background_image=&raquo;https:\/\/worklinq.com\/wp-content\/uploads\/2025\/08\/Tree-tops-foggy.jpeg&raquo; custom_padding=&raquo;5%|50px|15%|50px|false|false&raquo; global_colors_info=&raquo;{}&raquo;][et_pb_column type=&raquo;2_5&#8243; _builder_version=&raquo;4.16&#8243; _module_preset=&raquo;default&raquo; global_colors_info=&raquo;%91%93&#8243;][et_pb_text module_class=&raquo;content-box&raquo; _builder_version=&raquo;4.27.4&#8243; _module_preset=&raquo;default&raquo; global_colors_info=&raquo;{}&raquo;]<\/p>\n<h2 class=\"title-medium\">V\u00e5re kontorer<\/h2>\n<p>Worklinq har flere kontorer i Europa, hvorfra vi betjener kunder i mer enn 20 land.[\/et_pb_text][\/et_pb_column][et_pb_column type=&raquo;3_5&#8243; _builder_version=&raquo;4.16&#8243; _module_preset=&raquo;default&raquo; global_colors_info=&raquo;%91%93&#8243;][\/et_pb_column][\/et_pb_row][et_pb_row column_structure=&raquo;1_3,1_3,1_3&#8243; _builder_version=&raquo;4.22.2&#8243; _module_preset=&raquo;default&raquo; global_colors_info=&raquo;{}&raquo;][et_pb_column type=&raquo;1_3&#8243; _builder_version=&raquo;4.16&#8243; _module_preset=&raquo;default&raquo; global_colors_info=&raquo;%91%93&#8243;][et_pb_text _builder_version=&raquo;4.27.4&#8243; _module_preset=&raquo;default&raquo; header_3_font_size=&raquo;26px&raquo; global_colors_info=&raquo;{}&raquo;]<\/p>\n<h3><img decoding=\"async\" src=\"https:\/\/worklinq.com\/wp-content\/uploads\/2023\/01\/promark-norway.webp\" width=\"36\" height=\"\" alt=\"\" class=\"wp-image-242097 alignnone size-full\" style=\"margin-right: 10px;\" \/>Norge<\/h3>\n<p><strong>Worklinq AS<\/strong><br \/><span data-olk-copy-source=\"MessageBody\">Schweigaards Gate 14<\/span><br \/>0188 Oslo<\/p>\n<p><span>Reg.no.: 917233659MVA<\/span><\/p>\n<p>+47 2319 1450<br \/><a href=\"mailto:info.no@worklinq.com\">info.no@worklinq.com<\/a><\/p>\n<p>[\/et_pb_text][\/et_pb_column][et_pb_column type=&raquo;1_3&#8243; _builder_version=&raquo;4.16&#8243; _module_preset=&raquo;default&raquo; global_colors_info=&raquo;%91%93&#8243;][et_pb_text _builder_version=&raquo;4.27.4&#8243; _module_preset=&raquo;default&raquo; header_3_font_size=&raquo;26px&raquo; global_colors_info=&raquo;{}&raquo;]<\/p>\n<h3><img decoding=\"async\" src=\"https:\/\/worklinq.com\/wp-content\/uploads\/2023\/01\/promark-denmark.webp\" width=\"36\" height=\"\" alt=\"\" class=\"wp-image-242097 alignnone size-full\" style=\"margin-right: 10px;\" \/>Danmark<\/h3>\n<p><strong>Worklinq A\/S<\/strong><br \/>Lyngby Hovedgade 4<br \/>2800 Kgs. Lyngby<\/p>\n<p>CVR: 31 07 52 62<\/p>\n<p>+45 4690 0000<br \/><a href=\"mailto:info@worklinq.com\">info@worklinq.com<\/a><\/p>\n<p>[\/et_pb_text][\/et_pb_column][et_pb_column type=&raquo;1_3&#8243; _builder_version=&raquo;4.16&#8243; _module_preset=&raquo;default&raquo; global_colors_info=&raquo;%91%93&#8243;][et_pb_text _builder_version=&raquo;4.27.5&#8243; _module_preset=&raquo;default&raquo; header_3_font_size=&raquo;26px&raquo; hover_enabled=&raquo;0&#8243; global_colors_info=&raquo;{}&raquo; sticky_enabled=&raquo;0&#8243;]<\/p>\n<h3><img decoding=\"async\" src=\"https:\/\/worklinq.com\/wp-content\/uploads\/2023\/01\/promark-sweden.webp\" width=\"36\" height=\"\" alt=\"\" class=\"wp-image-242097 alignnone size-full\" style=\"margin-right: 10px;\" \/>Sverige<\/h3>\n<p><strong>Worklinq AB<\/strong><br \/>Convendum, Kungsgatan 9<br \/>111 43 Stockholm<\/p>\n<p><span>Reg.no.: SE556479-715601<\/span><\/p>\n<p>+46 8 739 12 00<br \/><a href=\"mailto:info.se@worklinq.com\">info.se@worklinq.com<\/a><\/p>\n<p>[\/et_pb_text][\/et_pb_column][\/et_pb_row][et_pb_row column_structure=&raquo;1_3,1_3,1_3&#8243; _builder_version=&raquo;4.22.2&#8243; _module_preset=&raquo;default&raquo; global_colors_info=&raquo;{}&raquo;][et_pb_column type=&raquo;1_3&#8243; _builder_version=&raquo;4.16&#8243; _module_preset=&raquo;default&raquo; global_colors_info=&raquo;%91%93&#8243;][et_pb_text disabled_on=&raquo;on|on|on&raquo; _builder_version=&raquo;4.22.2&#8243; _module_preset=&raquo;default&raquo; header_3_font_size=&raquo;26px&raquo; disabled=&raquo;on&raquo; global_colors_info=&raquo;{}&raquo;]<\/p>\n<h3><img decoding=\"async\" src=\"https:\/\/worklinq.com\/wp-content\/uploads\/2023\/01\/promark-uk.webp\" width=\"36\" height=\"\" alt=\"\" class=\"wp-image-242097 alignnone size-full\" style=\"margin-right: 10px;\" \/>UK<\/h3>\n<p><strong>ProMark Software UK Ltd.<br \/><\/strong>Gloucester House<br \/>399 Silbury Boulevard<br \/>MK9 2AH Milton Keynes<\/p>\n<p><span>Reg.no.: 815 6456 20<\/span><\/p>\n<p>Tel. <a href=\"tel:4545258575\">+45 4525 8575<\/a><br \/><a href=\"mailto:info.uk@worklinq.com\">info.uk@worklinq.com<\/a><\/p>\n<p>[\/et_pb_text][\/et_pb_column][et_pb_column type=&raquo;1_3&#8243; _builder_version=&raquo;4.16&#8243; _module_preset=&raquo;default&raquo; global_colors_info=&raquo;%91%93&#8243;][et_pb_text _builder_version=&raquo;4.27.4&#8243; _module_preset=&raquo;default&raquo; header_3_font_size=&raquo;26px&raquo; global_colors_info=&raquo;{}&raquo;]<\/p>\n<h3><img decoding=\"async\" src=\"https:\/\/worklinq.com\/wp-content\/uploads\/2023\/01\/promark-uk.webp\" width=\"36\" height=\"\" alt=\"\" class=\"wp-image-242097 alignnone size-full\" style=\"margin-right: 10px;\" \/>Storbritannia<\/h3>\n<p><strong>Worklinq UK Ltd.<br \/><\/strong>Gloucester House<br \/>399 Silbury Boulevard<br \/>MK9 2AH Milton Keynes<\/p>\n<p><span>Reg.no.: 815 6456 20<\/span><\/p>\n<p>+45 4525 8575<br \/><a href=\"mailto:info.uk@worklinq.com\">info.uk@worklinq.com<\/a><\/p>\n<p>[\/et_pb_text][\/et_pb_column][et_pb_column type=&raquo;1_3&#8243; _builder_version=&raquo;4.16&#8243; _module_preset=&raquo;default&raquo; global_colors_info=&raquo;%91%93&#8243;][et_pb_text _builder_version=&raquo;4.27.4&#8243; _module_preset=&raquo;default&raquo; header_3_font_size=&raquo;26px&raquo; global_colors_info=&raquo;{}&raquo;]<\/p>\n<h3><img decoding=\"async\" src=\"https:\/\/worklinq.com\/wp-content\/uploads\/2023\/10\/RO-flag.jpg\" width=\"36\" height=\"\" alt=\"\" class=\"wp-image-242097 alignnone size-full\" style=\"margin-right: 10px;\" \/>Romania<\/h3>\n<p><strong>Worklinq SRL<\/strong><br \/>Opera Center 1 building, 5th floor<br \/>Costache Negri nr. 1-5<br \/>District 5<br \/>050552 Bucharest<\/p>\n<p><span>Reg.no.: 37240525<\/span><\/p>\n<p>[\/et_pb_text][\/et_pb_column][\/et_pb_row][\/et_pb_section]<\/p>\n","protected":false},"excerpt":{"rendered":"<p>Bli kontaktet av v\u00e5re eksperter Er du interessert i Worklinq Workforce Management? Del dine opplysninger, s\u00e5 kontakter vi deg.Kontakt kundeservice Logg inn for \u00e5 opprette en sak. Du kan ogs\u00e5 sende oss en e-post eller ringe oss p\u00e5 +45 4525 8575.Andre henvendelser:Generelle henvendelser info@worklinq.com\u00d8konomi og regnskap finance@worklinq.comJobbs\u00f8knader job@worklinq.comGDPR &#038; sikkerhet gdpr@worklinq.comV\u00e5re kontorer Worklinq har flere kontorer i Europa, hvorfra vi betjener kunder i mer enn 20 land.Norge Worklinq ASSchweigaards Gate 140188 Oslo Reg.no.: 917233659MVA +47 2319 1450info.no@worklinq.comDanmark Worklinq A\/SLyngby Hovedgade 42800 Kgs. Lyngby CVR: 31 07 52 62 +45 4690 0000info@worklinq.comSverige Worklinq ABConvendum, Kungsgatan 9111 43 Stockholm Reg.no.: SE556479-715601 +46 8 739 12 00info.se@worklinq.comUK ProMark Software UK Ltd.Gloucester House399 Silbury BoulevardMK9 2AH Milton Keynes Reg.no.: 815 6456 20 Tel. +45 4525 8575info.uk@worklinq.comStorbritannia Worklinq UK Ltd.Gloucester House399 Silbury BoulevardMK9 2AH Milton Keynes Reg.no.: 815 6456 20 +45 4525 8575info.uk@worklinq.comRomania Worklinq SRLOpera Center 1 building, 5th floorCostache Negri nr. 1-5District 5050552 Bucharest Reg.no.: 37240525<\/p>\n","protected":false},"author":1,"featured_media":0,"parent":0,"menu_order":0,"comment_status":"closed","ping_status":"closed","template":"","meta":{"_acf_changed":false,"_et_pb_use_builder":"on","_et_pb_old_content":"","_et_gb_content_width":"","footnotes":""},"class_list":["post-248681","page","type-page","status-publish","hentry"],"featured_image_src":null,"acf":[],"yoast_head":"<!-- This site is optimized with the Yoast SEO plugin v27.3 - https:\/\/yoast.com\/product\/yoast-seo-wordpress\/ -->\n<title>Slik kan du kontakte oss | Worklinq<\/title>\n<meta name=\"description\" content=\"Vi vil gjerne h\u00f8re fra deg. Finn v\u00e5r kontaktinformasjonen \u2013 uansett om du \u00f8nsker \u00e5 snakke med kundeservice, s\u00f8ke jobb eller annet.\" \/>\n<meta name=\"robots\" content=\"index, follow, max-snippet:-1, max-image-preview:large, max-video-preview:-1\" \/>\n<link rel=\"canonical\" href=\"https:\/\/worklinq.com\/no\/kontakt-oss\/\" \/>\n<meta property=\"og:locale\" content=\"nb_NO\" \/>\n<meta property=\"og:type\" content=\"article\" \/>\n<meta property=\"og:title\" content=\"Slik kan du kontakte oss | Worklinq\" \/>\n<meta property=\"og:description\" content=\"Vi vil gjerne h\u00f8re fra deg. Finn v\u00e5r kontaktinformasjonen \u2013 uansett om du \u00f8nsker \u00e5 snakke med kundeservice, s\u00f8ke jobb eller annet.\" \/>\n<meta property=\"og:url\" content=\"https:\/\/worklinq.com\/no\/kontakt-oss\/\" \/>\n<meta property=\"og:site_name\" content=\"Worklinq\" \/>\n<meta property=\"article:modified_time\" content=\"2026-02-16T10:03:17+00:00\" \/>\n<meta property=\"og:image\" content=\"https:\/\/worklinq.com\/wp-content\/uploads\/2025\/08\/Promo-PM-Worklinq.png\" \/>\n\t<meta property=\"og:image:width\" content=\"960\" \/>\n\t<meta property=\"og:image:height\" content=\"640\" \/>\n\t<meta property=\"og:image:type\" content=\"image\/png\" \/>\n<meta name=\"twitter:card\" content=\"summary_large_image\" \/>\n<meta name=\"twitter:label1\" content=\"Ansl. lesetid\" \/>\n\t<meta name=\"twitter:data1\" content=\"3 minutter\" \/>\n<script type=\"application\/ld+json\" class=\"yoast-schema-graph\">{\"@context\":\"https:\\\/\\\/schema.org\",\"@graph\":[{\"@type\":\"WebPage\",\"@id\":\"https:\\\/\\\/worklinq.com\\\/no\\\/kontakt-oss\\\/\",\"url\":\"https:\\\/\\\/worklinq.com\\\/no\\\/kontakt-oss\\\/\",\"name\":\"Slik kan du kontakte oss | Worklinq\",\"isPartOf\":{\"@id\":\"https:\\\/\\\/worklinq.com\\\/no\\\/#website\"},\"primaryImageOfPage\":{\"@id\":\"https:\\\/\\\/worklinq.com\\\/no\\\/kontakt-oss\\\/#primaryimage\"},\"image\":{\"@id\":\"https:\\\/\\\/worklinq.com\\\/no\\\/kontakt-oss\\\/#primaryimage\"},\"thumbnailUrl\":\"https:\\\/\\\/worklinq.com\\\/wp-content\\\/uploads\\\/2023\\\/01\\\/promark-norway.webp\",\"datePublished\":\"2023-01-09T16:21:25+00:00\",\"dateModified\":\"2026-02-16T10:03:17+00:00\",\"description\":\"Vi vil gjerne h\u00f8re fra deg. Finn v\u00e5r kontaktinformasjonen \u2013 uansett om du \u00f8nsker \u00e5 snakke med kundeservice, s\u00f8ke jobb eller annet.\",\"breadcrumb\":{\"@id\":\"https:\\\/\\\/worklinq.com\\\/no\\\/kontakt-oss\\\/#breadcrumb\"},\"inLanguage\":\"nb-NO\",\"potentialAction\":[{\"@type\":\"ReadAction\",\"target\":[\"https:\\\/\\\/worklinq.com\\\/no\\\/kontakt-oss\\\/\"]}]},{\"@type\":\"ImageObject\",\"inLanguage\":\"nb-NO\",\"@id\":\"https:\\\/\\\/worklinq.com\\\/no\\\/kontakt-oss\\\/#primaryimage\",\"url\":\"https:\\\/\\\/worklinq.com\\\/wp-content\\\/uploads\\\/2023\\\/01\\\/promark-norway.webp\",\"contentUrl\":\"https:\\\/\\\/worklinq.com\\\/wp-content\\\/uploads\\\/2023\\\/01\\\/promark-norway.webp\"},{\"@type\":\"BreadcrumbList\",\"@id\":\"https:\\\/\\\/worklinq.com\\\/no\\\/kontakt-oss\\\/#breadcrumb\",\"itemListElement\":[{\"@type\":\"ListItem\",\"position\":1,\"name\":\"Home\",\"item\":\"https:\\\/\\\/worklinq.com\\\/no\\\/\"},{\"@type\":\"ListItem\",\"position\":2,\"name\":\"Kontakt oss\"}]},{\"@type\":\"WebSite\",\"@id\":\"https:\\\/\\\/worklinq.com\\\/no\\\/#website\",\"url\":\"https:\\\/\\\/worklinq.com\\\/no\\\/\",\"name\":\"Worklinq\",\"description\":\"Leading companies achieve results with Worklinq\",\"publisher\":{\"@id\":\"https:\\\/\\\/worklinq.com\\\/no\\\/#organization\"},\"potentialAction\":[{\"@type\":\"SearchAction\",\"target\":{\"@type\":\"EntryPoint\",\"urlTemplate\":\"https:\\\/\\\/worklinq.com\\\/no\\\/?s={search_term_string}\"},\"query-input\":{\"@type\":\"PropertyValueSpecification\",\"valueRequired\":true,\"valueName\":\"search_term_string\"}}],\"inLanguage\":\"nb-NO\"},{\"@type\":\"Organization\",\"@id\":\"https:\\\/\\\/worklinq.com\\\/no\\\/#organization\",\"name\":\"Worklinq\",\"url\":\"https:\\\/\\\/worklinq.com\\\/no\\\/\",\"logo\":{\"@type\":\"ImageObject\",\"inLanguage\":\"nb-NO\",\"@id\":\"https:\\\/\\\/worklinq.com\\\/no\\\/#\\\/schema\\\/logo\\\/image\\\/\",\"url\":\"https:\\\/\\\/worklinq.com\\\/wp-content\\\/uploads\\\/2023\\\/01\\\/ProMark-compact-logo_trans.png\",\"contentUrl\":\"https:\\\/\\\/worklinq.com\\\/wp-content\\\/uploads\\\/2023\\\/01\\\/ProMark-compact-logo_trans.png\",\"width\":1155,\"height\":1155,\"caption\":\"Worklinq\"},\"image\":{\"@id\":\"https:\\\/\\\/worklinq.com\\\/no\\\/#\\\/schema\\\/logo\\\/image\\\/\"},\"sameAs\":[\"https:\\\/\\\/www.linkedin.com\\\/company\\\/mark-information-as\\\/\"]}]}<\/script>\n<!-- \/ Yoast SEO plugin. -->","yoast_head_json":{"title":"Slik kan du kontakte oss | Worklinq","description":"Vi vil gjerne h\u00f8re fra deg. Finn v\u00e5r kontaktinformasjonen \u2013 uansett om du \u00f8nsker \u00e5 snakke med kundeservice, s\u00f8ke jobb eller annet.","robots":{"index":"index","follow":"follow","max-snippet":"max-snippet:-1","max-image-preview":"max-image-preview:large","max-video-preview":"max-video-preview:-1"},"canonical":"https:\/\/worklinq.com\/no\/kontakt-oss\/","og_locale":"nb_NO","og_type":"article","og_title":"Slik kan du kontakte oss | Worklinq","og_description":"Vi vil gjerne h\u00f8re fra deg. Finn v\u00e5r kontaktinformasjonen \u2013 uansett om du \u00f8nsker \u00e5 snakke med kundeservice, s\u00f8ke jobb eller annet.","og_url":"https:\/\/worklinq.com\/no\/kontakt-oss\/","og_site_name":"Worklinq","article_modified_time":"2026-02-16T10:03:17+00:00","og_image":[{"width":960,"height":640,"url":"https:\/\/worklinq.com\/wp-content\/uploads\/2025\/08\/Promo-PM-Worklinq.png","type":"image\/png"}],"twitter_card":"summary_large_image","twitter_misc":{"Ansl. lesetid":"3 minutter"},"schema":{"@context":"https:\/\/schema.org","@graph":[{"@type":"WebPage","@id":"https:\/\/worklinq.com\/no\/kontakt-oss\/","url":"https:\/\/worklinq.com\/no\/kontakt-oss\/","name":"Slik kan du kontakte oss | Worklinq","isPartOf":{"@id":"https:\/\/worklinq.com\/no\/#website"},"primaryImageOfPage":{"@id":"https:\/\/worklinq.com\/no\/kontakt-oss\/#primaryimage"},"image":{"@id":"https:\/\/worklinq.com\/no\/kontakt-oss\/#primaryimage"},"thumbnailUrl":"https:\/\/worklinq.com\/wp-content\/uploads\/2023\/01\/promark-norway.webp","datePublished":"2023-01-09T16:21:25+00:00","dateModified":"2026-02-16T10:03:17+00:00","description":"Vi vil gjerne h\u00f8re fra deg. Finn v\u00e5r kontaktinformasjonen \u2013 uansett om du \u00f8nsker \u00e5 snakke med kundeservice, s\u00f8ke jobb eller annet.","breadcrumb":{"@id":"https:\/\/worklinq.com\/no\/kontakt-oss\/#breadcrumb"},"inLanguage":"nb-NO","potentialAction":[{"@type":"ReadAction","target":["https:\/\/worklinq.com\/no\/kontakt-oss\/"]}]},{"@type":"ImageObject","inLanguage":"nb-NO","@id":"https:\/\/worklinq.com\/no\/kontakt-oss\/#primaryimage","url":"https:\/\/worklinq.com\/wp-content\/uploads\/2023\/01\/promark-norway.webp","contentUrl":"https:\/\/worklinq.com\/wp-content\/uploads\/2023\/01\/promark-norway.webp"},{"@type":"BreadcrumbList","@id":"https:\/\/worklinq.com\/no\/kontakt-oss\/#breadcrumb","itemListElement":[{"@type":"ListItem","position":1,"name":"Home","item":"https:\/\/worklinq.com\/no\/"},{"@type":"ListItem","position":2,"name":"Kontakt oss"}]},{"@type":"WebSite","@id":"https:\/\/worklinq.com\/no\/#website","url":"https:\/\/worklinq.com\/no\/","name":"Worklinq","description":"Leading companies achieve results with Worklinq","publisher":{"@id":"https:\/\/worklinq.com\/no\/#organization"},"potentialAction":[{"@type":"SearchAction","target":{"@type":"EntryPoint","urlTemplate":"https:\/\/worklinq.com\/no\/?s={search_term_string}"},"query-input":{"@type":"PropertyValueSpecification","valueRequired":true,"valueName":"search_term_string"}}],"inLanguage":"nb-NO"},{"@type":"Organization","@id":"https:\/\/worklinq.com\/no\/#organization","name":"Worklinq","url":"https:\/\/worklinq.com\/no\/","logo":{"@type":"ImageObject","inLanguage":"nb-NO","@id":"https:\/\/worklinq.com\/no\/#\/schema\/logo\/image\/","url":"https:\/\/worklinq.com\/wp-content\/uploads\/2023\/01\/ProMark-compact-logo_trans.png","contentUrl":"https:\/\/worklinq.com\/wp-content\/uploads\/2023\/01\/ProMark-compact-logo_trans.png","width":1155,"height":1155,"caption":"Worklinq"},"image":{"@id":"https:\/\/worklinq.com\/no\/#\/schema\/logo\/image\/"},"sameAs":["https:\/\/www.linkedin.com\/company\/mark-information-as\/"]}]}},"_links":{"self":[{"href":"https:\/\/worklinq.com\/no\/wp-json\/wp\/v2\/pages\/248681","targetHints":{"allow":["GET"]}}],"collection":[{"href":"https:\/\/worklinq.com\/no\/wp-json\/wp\/v2\/pages"}],"about":[{"href":"https:\/\/worklinq.com\/no\/wp-json\/wp\/v2\/types\/page"}],"author":[{"embeddable":true,"href":"https:\/\/worklinq.com\/no\/wp-json\/wp\/v2\/users\/1"}],"replies":[{"embeddable":true,"href":"https:\/\/worklinq.com\/no\/wp-json\/wp\/v2\/comments?post=248681"}],"version-history":[{"count":4,"href":"https:\/\/worklinq.com\/no\/wp-json\/wp\/v2\/pages\/248681\/revisions"}],"predecessor-version":[{"id":284100,"href":"https:\/\/worklinq.com\/no\/wp-json\/wp\/v2\/pages\/248681\/revisions\/284100"}],"wp:attachment":[{"href":"https:\/\/worklinq.com\/no\/wp-json\/wp\/v2\/media?parent=248681"}],"curies":[{"name":"wp","href":"https:\/\/api.w.org\/{rel}","templated":true}]}}