{"id":248722,"date":"2023-02-01T15:07:14","date_gmt":"2023-02-01T15:07:14","guid":{"rendered":"https:\/\/promark365.com\/terms-of-use-of-our-website\/"},"modified":"2025-11-20T15:02:14","modified_gmt":"2025-11-20T15:02:14","slug":"terms-of-use-of-our-website","status":"publish","type":"page","link":"https:\/\/worklinq.com\/no\/terms-of-use-of-our-website\/","title":{"rendered":"Vilk\u00e5r for bruk av nettstedet"},"content":{"rendered":"\n<p>N\u00e5r du bruker dette nettstedet, godtar du \u00e5 overholde vilk\u00e5rene nedenfor. Hvis du ikke godtar vilk\u00e5rene, ber vi deg forlate nettstedet.<\/p>\n\n\n\n<h3 class=\"wp-block-heading\">Bruk av material p\u00e5 dette nettstedet<\/h3>\n\n\n\n<p>Materialet p\u00e5 dette nettstedet eller andre nettsteder som eies og forvaltes av Worklinq A\/S skal ikke gjenbrukes uten klar angivelse av kilde eller forh\u00e5ndssamtykke fra Worklinq. Du har lov til \u00e5 laste ned en kopi av materialet p\u00e5 en datamaskin for personlig, ikke-kommersiell bruk s\u00e5 lenge du s\u00f8rger for at ikke endre materiale som er opphavsrettsbeskyttet eller p\u00e5 annen m\u00e5te IP-beskyttet. Endring av materiale eller bruk av materialet til andre form\u00e5l er i strid med Worklinq A\/S sin intellektuelle eiendom, inkludert opphavsrettigheter. Det er forbudt \u00e5 bruke slikt materiale p\u00e5 noen annen nettside eller lignende.<\/p>\n\n\n\n<h3 class=\"wp-block-heading\">Ansvarsfraskrivelse<\/h3>\n\n\n\n<p>Informasjonen p\u00e5 dette nettstedet kan inneholde skrivefeil eller un\u00f8yaktigheter som Worklinq A\/S ikke vil bli holdt ansvarlig for. Tilsvarende skal Worklinq A\/S ikke holdes ansvarlig for direkte eller indirekte tap som f\u00f8lge av bruk av dette nettstedet eller noe nettsted som eies av Worklinq A\/S, inkludert driftsavbrudd, tap av data eller andre indirekte tap.<\/p>\n","protected":false},"excerpt":{"rendered":"<p>N\u00e5r du bruker dette nettstedet, godtar du \u00e5 overholde vilk\u00e5rene nedenfor. Hvis du ikke godtar vilk\u00e5rene, ber vi deg forlate nettstedet. Bruk av material p\u00e5 dette nettstedet Materialet p\u00e5 dette nettstedet eller andre nettsteder som eies og forvaltes av Worklinq A\/S skal ikke gjenbrukes uten klar angivelse av kilde eller forh\u00e5ndssamtykke fra Worklinq. Du har [&hellip;]<\/p>\n","protected":false},"author":1,"featured_media":0,"parent":0,"menu_order":0,"comment_status":"closed","ping_status":"closed","template":"","meta":{"_acf_changed":false,"_et_pb_use_builder":"off","_et_pb_old_content":"<!-- wp:paragraph -->\n<p>When using this site, you agree to comply with the terms below. If you do not agree with the terms, please leave the website.<\/p>\n<!-- \/wp:paragraph -->\n\n<!-- wp:heading -->\n<h2>USE OF MATERIAL ON THIS WEBSITE<\/h2>\n<!-- \/wp:heading -->\n\n<!-- wp:paragraph -->\n<p>Material on this website or other websites that are owned and managed by Mark Information A\/S shall not be reused without clearly stating the source or prior consent from Mark Information. You are permitted to download a copy of the material on a computer for your own personal non-commercial use provided you do not change material that is copyrighted or otherwise IP protected. Changing the material or using the material for other purposes is contrary to Mark Information A\/S' intellectual property rights, including copyrights. Use of such material on any other website or the like is prohibited.<\/p>\n<!-- \/wp:paragraph -->\n\n<!-- wp:heading -->\n<h2>DISCLAIMER<\/h2>\n<!-- \/wp:heading -->\n\n<!-- wp:paragraph -->\n<p>The information on this website may contain typing errors or inaccuracies that Mark Information A\/S cannot be held responsible for. Similarly, Mark Information A\/S shall under no circumstances be liable for any direct or indirect loss arising from the use of this site or any site owned by Mark Information A\/S, including business interruption, loss of data or other indirect losses.<\/p>\n<!-- \/wp:paragraph -->","_et_gb_content_width":"","footnotes":""},"class_list":["post-248722","page","type-page","status-publish","hentry"],"featured_image_src":null,"acf":[],"yoast_head":"<!-- This site is optimized with the Yoast SEO plugin v27.3 - https:\/\/yoast.com\/product\/yoast-seo-wordpress\/ -->\n<title>Vilk\u00e5r for bruk av nettstedet | Worklinq<\/title>\n<meta name=\"robots\" content=\"index, follow, max-snippet:-1, max-image-preview:large, max-video-preview:-1\" \/>\n<link rel=\"canonical\" href=\"https:\/\/worklinq.com\/no\/terms-of-use-of-our-website\/\" \/>\n<meta property=\"og:locale\" content=\"nb_NO\" \/>\n<meta property=\"og:type\" content=\"article\" \/>\n<meta property=\"og:title\" content=\"Vilk\u00e5r for bruk av nettstedet | Worklinq\" \/>\n<meta property=\"og:description\" content=\"N\u00e5r du bruker dette nettstedet, godtar du \u00e5 overholde vilk\u00e5rene nedenfor. Hvis du ikke godtar vilk\u00e5rene, ber vi deg forlate nettstedet. Bruk av material p\u00e5 dette nettstedet Materialet p\u00e5 dette nettstedet eller andre nettsteder som eies og forvaltes av Worklinq A\/S skal ikke gjenbrukes uten klar angivelse av kilde eller forh\u00e5ndssamtykke fra Worklinq. Du har [&hellip;]\" \/>\n<meta property=\"og:url\" content=\"https:\/\/worklinq.com\/no\/terms-of-use-of-our-website\/\" \/>\n<meta property=\"og:site_name\" content=\"Worklinq\" \/>\n<meta property=\"article:modified_time\" content=\"2025-11-20T15:02:14+00:00\" \/>\n<meta property=\"og:image\" content=\"https:\/\/worklinq.com\/wp-content\/uploads\/2025\/08\/Promo-PM-Worklinq.png\" \/>\n\t<meta property=\"og:image:width\" content=\"960\" \/>\n\t<meta property=\"og:image:height\" content=\"640\" \/>\n\t<meta property=\"og:image:type\" content=\"image\/png\" \/>\n<meta name=\"twitter:card\" content=\"summary_large_image\" \/>\n<meta name=\"twitter:label1\" content=\"Ansl. lesetid\" \/>\n\t<meta name=\"twitter:data1\" content=\"1 minutt\" \/>\n<script type=\"application\/ld+json\" class=\"yoast-schema-graph\">{\"@context\":\"https:\\\/\\\/schema.org\",\"@graph\":[{\"@type\":\"WebPage\",\"@id\":\"https:\\\/\\\/worklinq.com\\\/no\\\/terms-of-use-of-our-website\\\/\",\"url\":\"https:\\\/\\\/worklinq.com\\\/no\\\/terms-of-use-of-our-website\\\/\",\"name\":\"Vilk\u00e5r for bruk av nettstedet | Worklinq\",\"isPartOf\":{\"@id\":\"https:\\\/\\\/worklinq.com\\\/no\\\/#website\"},\"datePublished\":\"2023-02-01T15:07:14+00:00\",\"dateModified\":\"2025-11-20T15:02:14+00:00\",\"breadcrumb\":{\"@id\":\"https:\\\/\\\/worklinq.com\\\/no\\\/terms-of-use-of-our-website\\\/#breadcrumb\"},\"inLanguage\":\"nb-NO\",\"potentialAction\":[{\"@type\":\"ReadAction\",\"target\":[\"https:\\\/\\\/worklinq.com\\\/no\\\/terms-of-use-of-our-website\\\/\"]}]},{\"@type\":\"BreadcrumbList\",\"@id\":\"https:\\\/\\\/worklinq.com\\\/no\\\/terms-of-use-of-our-website\\\/#breadcrumb\",\"itemListElement\":[{\"@type\":\"ListItem\",\"position\":1,\"name\":\"Home\",\"item\":\"https:\\\/\\\/worklinq.com\\\/no\\\/\"},{\"@type\":\"ListItem\",\"position\":2,\"name\":\"Vilk\u00e5r for bruk av nettstedet\"}]},{\"@type\":\"WebSite\",\"@id\":\"https:\\\/\\\/worklinq.com\\\/no\\\/#website\",\"url\":\"https:\\\/\\\/worklinq.com\\\/no\\\/\",\"name\":\"Worklinq\",\"description\":\"Leading companies achieve results with Worklinq\",\"publisher\":{\"@id\":\"https:\\\/\\\/worklinq.com\\\/no\\\/#organization\"},\"potentialAction\":[{\"@type\":\"SearchAction\",\"target\":{\"@type\":\"EntryPoint\",\"urlTemplate\":\"https:\\\/\\\/worklinq.com\\\/no\\\/?s={search_term_string}\"},\"query-input\":{\"@type\":\"PropertyValueSpecification\",\"valueRequired\":true,\"valueName\":\"search_term_string\"}}],\"inLanguage\":\"nb-NO\"},{\"@type\":\"Organization\",\"@id\":\"https:\\\/\\\/worklinq.com\\\/no\\\/#organization\",\"name\":\"Worklinq\",\"url\":\"https:\\\/\\\/worklinq.com\\\/no\\\/\",\"logo\":{\"@type\":\"ImageObject\",\"inLanguage\":\"nb-NO\",\"@id\":\"https:\\\/\\\/worklinq.com\\\/no\\\/#\\\/schema\\\/logo\\\/image\\\/\",\"url\":\"https:\\\/\\\/worklinq.com\\\/wp-content\\\/uploads\\\/2023\\\/01\\\/ProMark-compact-logo_trans.png\",\"contentUrl\":\"https:\\\/\\\/worklinq.com\\\/wp-content\\\/uploads\\\/2023\\\/01\\\/ProMark-compact-logo_trans.png\",\"width\":1155,\"height\":1155,\"caption\":\"Worklinq\"},\"image\":{\"@id\":\"https:\\\/\\\/worklinq.com\\\/no\\\/#\\\/schema\\\/logo\\\/image\\\/\"},\"sameAs\":[\"https:\\\/\\\/www.linkedin.com\\\/company\\\/mark-information-as\\\/\"]}]}<\/script>\n<!-- \/ Yoast SEO plugin. -->","yoast_head_json":{"title":"Vilk\u00e5r for bruk av nettstedet | Worklinq","robots":{"index":"index","follow":"follow","max-snippet":"max-snippet:-1","max-image-preview":"max-image-preview:large","max-video-preview":"max-video-preview:-1"},"canonical":"https:\/\/worklinq.com\/no\/terms-of-use-of-our-website\/","og_locale":"nb_NO","og_type":"article","og_title":"Vilk\u00e5r for bruk av nettstedet | Worklinq","og_description":"N\u00e5r du bruker dette nettstedet, godtar du \u00e5 overholde vilk\u00e5rene nedenfor. Hvis du ikke godtar vilk\u00e5rene, ber vi deg forlate nettstedet. Bruk av material p\u00e5 dette nettstedet Materialet p\u00e5 dette nettstedet eller andre nettsteder som eies og forvaltes av Worklinq A\/S skal ikke gjenbrukes uten klar angivelse av kilde eller forh\u00e5ndssamtykke fra Worklinq. Du har [&hellip;]","og_url":"https:\/\/worklinq.com\/no\/terms-of-use-of-our-website\/","og_site_name":"Worklinq","article_modified_time":"2025-11-20T15:02:14+00:00","og_image":[{"width":960,"height":640,"url":"https:\/\/worklinq.com\/wp-content\/uploads\/2025\/08\/Promo-PM-Worklinq.png","type":"image\/png"}],"twitter_card":"summary_large_image","twitter_misc":{"Ansl. lesetid":"1 minutt"},"schema":{"@context":"https:\/\/schema.org","@graph":[{"@type":"WebPage","@id":"https:\/\/worklinq.com\/no\/terms-of-use-of-our-website\/","url":"https:\/\/worklinq.com\/no\/terms-of-use-of-our-website\/","name":"Vilk\u00e5r for bruk av nettstedet | Worklinq","isPartOf":{"@id":"https:\/\/worklinq.com\/no\/#website"},"datePublished":"2023-02-01T15:07:14+00:00","dateModified":"2025-11-20T15:02:14+00:00","breadcrumb":{"@id":"https:\/\/worklinq.com\/no\/terms-of-use-of-our-website\/#breadcrumb"},"inLanguage":"nb-NO","potentialAction":[{"@type":"ReadAction","target":["https:\/\/worklinq.com\/no\/terms-of-use-of-our-website\/"]}]},{"@type":"BreadcrumbList","@id":"https:\/\/worklinq.com\/no\/terms-of-use-of-our-website\/#breadcrumb","itemListElement":[{"@type":"ListItem","position":1,"name":"Home","item":"https:\/\/worklinq.com\/no\/"},{"@type":"ListItem","position":2,"name":"Vilk\u00e5r for bruk av nettstedet"}]},{"@type":"WebSite","@id":"https:\/\/worklinq.com\/no\/#website","url":"https:\/\/worklinq.com\/no\/","name":"Worklinq","description":"Leading companies achieve results with Worklinq","publisher":{"@id":"https:\/\/worklinq.com\/no\/#organization"},"potentialAction":[{"@type":"SearchAction","target":{"@type":"EntryPoint","urlTemplate":"https:\/\/worklinq.com\/no\/?s={search_term_string}"},"query-input":{"@type":"PropertyValueSpecification","valueRequired":true,"valueName":"search_term_string"}}],"inLanguage":"nb-NO"},{"@type":"Organization","@id":"https:\/\/worklinq.com\/no\/#organization","name":"Worklinq","url":"https:\/\/worklinq.com\/no\/","logo":{"@type":"ImageObject","inLanguage":"nb-NO","@id":"https:\/\/worklinq.com\/no\/#\/schema\/logo\/image\/","url":"https:\/\/worklinq.com\/wp-content\/uploads\/2023\/01\/ProMark-compact-logo_trans.png","contentUrl":"https:\/\/worklinq.com\/wp-content\/uploads\/2023\/01\/ProMark-compact-logo_trans.png","width":1155,"height":1155,"caption":"Worklinq"},"image":{"@id":"https:\/\/worklinq.com\/no\/#\/schema\/logo\/image\/"},"sameAs":["https:\/\/www.linkedin.com\/company\/mark-information-as\/"]}]}},"_links":{"self":[{"href":"https:\/\/worklinq.com\/no\/wp-json\/wp\/v2\/pages\/248722","targetHints":{"allow":["GET"]}}],"collection":[{"href":"https:\/\/worklinq.com\/no\/wp-json\/wp\/v2\/pages"}],"about":[{"href":"https:\/\/worklinq.com\/no\/wp-json\/wp\/v2\/types\/page"}],"author":[{"embeddable":true,"href":"https:\/\/worklinq.com\/no\/wp-json\/wp\/v2\/users\/1"}],"replies":[{"embeddable":true,"href":"https:\/\/worklinq.com\/no\/wp-json\/wp\/v2\/comments?post=248722"}],"version-history":[{"count":2,"href":"https:\/\/worklinq.com\/no\/wp-json\/wp\/v2\/pages\/248722\/revisions"}],"predecessor-version":[{"id":281222,"href":"https:\/\/worklinq.com\/no\/wp-json\/wp\/v2\/pages\/248722\/revisions\/281222"}],"wp:attachment":[{"href":"https:\/\/worklinq.com\/no\/wp-json\/wp\/v2\/media?parent=248722"}],"curies":[{"name":"wp","href":"https:\/\/api.w.org\/{rel}","templated":true}]}}