{"id":248735,"date":"2023-01-18T11:47:59","date_gmt":"2023-01-18T11:47:59","guid":{"rendered":"https:\/\/promark365.com\/ready-to-talk\/"},"modified":"2025-12-17T12:56:09","modified_gmt":"2025-12-17T12:56:09","slug":"klar-for-en-prat","status":"publish","type":"page","link":"https:\/\/worklinq.com\/no\/klar-for-en-prat\/","title":{"rendered":"Klar for en prat?"},"content":{"rendered":"<p>[et_pb_section fb_built=&raquo;1&#8243; _builder_version=&raquo;4.27.4&#8243; _module_preset=&raquo;default&raquo; background_image=&raquo;https:\/\/worklinq.com\/wp-content\/uploads\/2025\/08\/hero-background.svg&raquo; global_colors_info=&raquo;{}&raquo;][et_pb_row column_structure=&raquo;1_2,1_2&#8243; module_class=&raquo;chero subhero hero50 contacthero&raquo; _builder_version=&raquo;4.27.4&#8243; _module_preset=&raquo;default&raquo; global_colors_info=&raquo;{}&raquo;][et_pb_column type=&raquo;1_2&#8243; _builder_version=&raquo;4.27.4&#8243; _module_preset=&raquo;default&raquo; global_colors_info=&raquo;{}&raquo;][dsm_breadcrumbs show_home_icon=&raquo;off&raquo; _builder_version=&raquo;4.27.4&#8243; _module_preset=&raquo;default&raquo; global_colors_info=&raquo;{}&raquo;][\/dsm_breadcrumbs][et_pb_heading title=&raquo;Snakk med v\u00e5re eksperter&raquo; _builder_version=&raquo;4.27.4&#8243; _module_preset=&raquo;default&raquo; global_colors_info=&raquo;{}&raquo;][\/et_pb_heading][et_pb_text module_class=&raquo;intro&raquo; _builder_version=&raquo;4.27.4&#8243; _module_preset=&raquo;default&raquo; global_colors_info=&raquo;{}&raquo;]<\/p>\n<p>Hundrevis av store selskaper over hele verden stoler p\u00e5 Worklinq, den ledende alt-i-ett-l\u00f8sningen for Workforce Management, for \u00e5 skape en smartere arbeidsdag, hver dag.<\/p>\n<p>Kontakt v\u00e5rt team av eksperter i dag. Vi svarer gjerne p\u00e5 dine sp\u00f8rsm\u00e5l og introduserer deg for Worklinq.<\/p>\n<ul class=\"dsm_icon_list_items dsm_icon_list_ltr_direction dsm_icon_list_layout_vertical\">\n<li>L\u00e6r hvordan du kan \u00f8ke teamets produktivitet<\/li>\n<li>Utforsk bruksomr\u00e5der for ditt team<\/li>\n<li>Oppdag v\u00e5re brukergrensesnitt som dekker alle behov<\/li>\n<li>L\u00e6r hvordan du kan komme i gang innen 3-6 m\u00e5neder<\/li>\n<\/ul>\n<p>[\/et_pb_text][et_pb_text _builder_version=&raquo;4.27.4&#8243; _module_preset=&raquo;default&raquo; custom_margin=&raquo;24px||||false|false&raquo; global_colors_info=&raquo;{}&raquo;]<\/p>\n<p>&nbsp;<\/p>\n<p>&nbsp;<\/p>\n<p><strong>Er du kunde og har et sp\u00f8rsm\u00e5l til kundest\u00f8tte?<\/strong><\/p>\n<p>[\/et_pb_text][et_pb_button button_url=&raquo;\/no\/kontakt-oss\/&raquo; button_text=&raquo;Kontakt v\u00e5r Service Desk&raquo; module_id=&raquo;blue&raquo; _builder_version=&raquo;4.27.4&#8243; _module_preset=&raquo;default&raquo; custom_margin=&raquo;24px||||false|false&raquo; hover_enabled=&raquo;0&#8243; global_colors_info=&raquo;{}&raquo; sticky_enabled=&raquo;0&#8243;][\/et_pb_button][\/et_pb_column][et_pb_column type=&raquo;1_2&#8243; _builder_version=&raquo;4.27.4&#8243; _module_preset=&raquo;default&raquo; background_enable_image=&raquo;off&raquo; global_colors_info=&raquo;{}&raquo;][et_pb_heading title=&raquo;Fortell oss om deg selv&raquo; _builder_version=&raquo;4.27.4&#8243; _module_preset=&raquo;default&raquo; title_level=&raquo;h3&#8243; global_colors_info=&raquo;{}&raquo;][\/et_pb_heading][et_pb_heading title=&raquo;Vi vil kontakte deg s\u00e5 snart som mulig!&raquo; _builder_version=&raquo;4.27.4&#8243; _module_preset=&raquo;default&raquo; title_level=&raquo;h4&#8243; global_colors_info=&raquo;{}&raquo;][\/et_pb_heading][et_pb_code _builder_version=&raquo;4.27.4&#8243; _module_preset=&raquo;default&raquo; global_colors_info=&raquo;{}&raquo;]<iframe src=\"https:\/\/go.worklinq.com\/l\/1102452\/2025-12-02\/2d7fl3n\" width=\"100%\" height=\"500\" type=\"text\/html\" frameborder=\"0\" allowTransparency=\"true\" style=\"border: 0\"><\/iframe><!-- [et_pb_line_break_holder] --><!-- [et_pb_line_break_holder] --><script type=\"text\/javascript\"><!-- [et_pb_line_break_holder] -->  iFrameResize({<!-- [et_pb_line_break_holder] -->    log: false,<!-- [et_pb_line_break_holder] -->    checkOrigin: ['https:\/\/go.worklinq.com']<!-- [et_pb_line_break_holder] -->  });<!-- [et_pb_line_break_holder] --><\/script>[\/et_pb_code][\/et_pb_column][\/et_pb_row][\/et_pb_section][et_pb_section fb_built=&raquo;1&#8243; _builder_version=&raquo;4.27.4&#8243; _module_preset=&raquo;default&raquo; custom_margin=&raquo;||0px||false|false&raquo; custom_padding=&raquo;||0px||false|false&raquo; global_colors_info=&raquo;{}&raquo;][et_pb_row _builder_version=&raquo;4.19.2&#8243; _module_preset=&raquo;default&raquo; width=&raquo;100%&raquo; max_width=&raquo;1140px&raquo; custom_margin=&raquo;0px||0px||false|false&raquo; custom_padding=&raquo;0px||0px||false|false&raquo; animation_direction=&raquo;bottom&raquo; global_module=&raquo;241818&#8243; global_colors_info=&raquo;%91%93&#8243;][et_pb_column type=&raquo;4_4&#8243; _builder_version=&raquo;4.16&#8243; _module_preset=&raquo;default&raquo; global_colors_info=&raquo;{}&raquo;][dsm_image_carousel gallery_ids=&raquo;241214,241216,241217,241220,241221,241222,241224,241223,241215,241218,241219&#8243; slide_to_show=&raquo;6&#8243; autoplay=&raquo;off&raquo; space_between=&raquo;100&#8243; arrows=&raquo;off&raquo; dots=&raquo;off&raquo; slide_to_show_tablet=&raquo;&raquo; slide_to_show_phone=&raquo;2&#8243; slide_to_show_last_edited=&raquo;on|phone&raquo; space_between_tablet=&raquo;&raquo; space_between_phone=&raquo;34&#8243; space_between_last_edited=&raquo;on|phone&raquo; _builder_version=&raquo;4.19.2&#8243; _module_preset=&raquo;default&raquo; custom_margin=&raquo;||0px||false|false&raquo; global_colors_info=&raquo;{}&raquo;][\/dsm_image_carousel][\/et_pb_column][\/et_pb_row][\/et_pb_section]<\/p>\n","protected":false},"excerpt":{"rendered":"<p>Kontakt v\u00e5rt team av eksperter i dag. Vi svarer gjerne p\u00e5 dine sp\u00f8rsm\u00e5l og presenterer Worklinq for deg.<\/p>\n","protected":false},"author":1,"featured_media":278378,"parent":0,"menu_order":0,"comment_status":"closed","ping_status":"closed","template":"","meta":{"_acf_changed":false,"_et_pb_use_builder":"on","_et_pb_old_content":"","_et_gb_content_width":"","footnotes":""},"class_list":["post-248735","page","type-page","status-publish","has-post-thumbnail","hentry"],"featured_image_src":"https:\/\/worklinq.com\/wp-content\/uploads\/2025\/08\/Compliance-across-every-rule.svg","acf":[],"yoast_head":"<!-- This site is optimized with the Yoast SEO plugin v27.3 - https:\/\/yoast.com\/product\/yoast-seo-wordpress\/ -->\n<title>Snakk med v\u00e5re eksperter og l\u00e6r mer om Worklinq | Worklinq<\/title>\n<meta name=\"description\" content=\"Vi svarer gjerne p\u00e5 dine sp\u00f8rsm\u00e5l og gir deg en introduksjon til hvordan du kan \u00f8ke teamets produktivitet med Worklinq.\" \/>\n<meta name=\"robots\" content=\"index, follow, max-snippet:-1, max-image-preview:large, max-video-preview:-1\" \/>\n<link rel=\"canonical\" href=\"https:\/\/worklinq.com\/no\/klar-for-en-prat\/\" \/>\n<meta property=\"og:locale\" content=\"nb_NO\" \/>\n<meta property=\"og:type\" content=\"article\" \/>\n<meta property=\"og:title\" content=\"Snakk med v\u00e5re eksperter og l\u00e6r mer om Worklinq | Worklinq\" \/>\n<meta property=\"og:description\" content=\"Vi svarer gjerne p\u00e5 dine sp\u00f8rsm\u00e5l og gir deg en introduksjon til hvordan du kan \u00f8ke teamets produktivitet med Worklinq.\" \/>\n<meta property=\"og:url\" content=\"https:\/\/worklinq.com\/no\/klar-for-en-prat\/\" \/>\n<meta property=\"og:site_name\" content=\"Worklinq\" \/>\n<meta property=\"article:modified_time\" content=\"2025-12-17T12:56:09+00:00\" \/>\n<meta property=\"og:image\" content=\"https:\/\/worklinq.com\/wp-content\/uploads\/2025\/08\/Promo-PM-Worklinq.png\" \/>\n\t<meta property=\"og:image:width\" content=\"960\" \/>\n\t<meta property=\"og:image:height\" content=\"640\" \/>\n\t<meta property=\"og:image:type\" content=\"image\/png\" \/>\n<meta name=\"twitter:card\" content=\"summary_large_image\" \/>\n<meta name=\"twitter:label1\" content=\"Ansl. lesetid\" \/>\n\t<meta name=\"twitter:data1\" content=\"3 minutter\" \/>\n<script type=\"application\/ld+json\" class=\"yoast-schema-graph\">{\"@context\":\"https:\\\/\\\/schema.org\",\"@graph\":[{\"@type\":\"WebPage\",\"@id\":\"https:\\\/\\\/worklinq.com\\\/no\\\/klar-for-en-prat\\\/\",\"url\":\"https:\\\/\\\/worklinq.com\\\/no\\\/klar-for-en-prat\\\/\",\"name\":\"Snakk med v\u00e5re eksperter og l\u00e6r mer om Worklinq | Worklinq\",\"isPartOf\":{\"@id\":\"https:\\\/\\\/worklinq.com\\\/no\\\/#website\"},\"primaryImageOfPage\":{\"@id\":\"https:\\\/\\\/worklinq.com\\\/no\\\/klar-for-en-prat\\\/#primaryimage\"},\"image\":{\"@id\":\"https:\\\/\\\/worklinq.com\\\/no\\\/klar-for-en-prat\\\/#primaryimage\"},\"thumbnailUrl\":\"https:\\\/\\\/worklinq.com\\\/wp-content\\\/uploads\\\/2025\\\/08\\\/Compliance-across-every-rule.svg\",\"datePublished\":\"2023-01-18T11:47:59+00:00\",\"dateModified\":\"2025-12-17T12:56:09+00:00\",\"description\":\"Vi svarer gjerne p\u00e5 dine sp\u00f8rsm\u00e5l og gir deg en introduksjon til hvordan du kan \u00f8ke teamets produktivitet med Worklinq.\",\"breadcrumb\":{\"@id\":\"https:\\\/\\\/worklinq.com\\\/no\\\/klar-for-en-prat\\\/#breadcrumb\"},\"inLanguage\":\"nb-NO\",\"potentialAction\":[{\"@type\":\"ReadAction\",\"target\":[\"https:\\\/\\\/worklinq.com\\\/no\\\/klar-for-en-prat\\\/\"]}]},{\"@type\":\"ImageObject\",\"inLanguage\":\"nb-NO\",\"@id\":\"https:\\\/\\\/worklinq.com\\\/no\\\/klar-for-en-prat\\\/#primaryimage\",\"url\":\"https:\\\/\\\/worklinq.com\\\/wp-content\\\/uploads\\\/2025\\\/08\\\/Compliance-across-every-rule.svg\",\"contentUrl\":\"https:\\\/\\\/worklinq.com\\\/wp-content\\\/uploads\\\/2025\\\/08\\\/Compliance-across-every-rule.svg\"},{\"@type\":\"BreadcrumbList\",\"@id\":\"https:\\\/\\\/worklinq.com\\\/no\\\/klar-for-en-prat\\\/#breadcrumb\",\"itemListElement\":[{\"@type\":\"ListItem\",\"position\":1,\"name\":\"Home\",\"item\":\"https:\\\/\\\/worklinq.com\\\/no\\\/\"},{\"@type\":\"ListItem\",\"position\":2,\"name\":\"Klar for en prat?\"}]},{\"@type\":\"WebSite\",\"@id\":\"https:\\\/\\\/worklinq.com\\\/no\\\/#website\",\"url\":\"https:\\\/\\\/worklinq.com\\\/no\\\/\",\"name\":\"Worklinq\",\"description\":\"Leading companies achieve results with Worklinq\",\"publisher\":{\"@id\":\"https:\\\/\\\/worklinq.com\\\/no\\\/#organization\"},\"potentialAction\":[{\"@type\":\"SearchAction\",\"target\":{\"@type\":\"EntryPoint\",\"urlTemplate\":\"https:\\\/\\\/worklinq.com\\\/no\\\/?s={search_term_string}\"},\"query-input\":{\"@type\":\"PropertyValueSpecification\",\"valueRequired\":true,\"valueName\":\"search_term_string\"}}],\"inLanguage\":\"nb-NO\"},{\"@type\":\"Organization\",\"@id\":\"https:\\\/\\\/worklinq.com\\\/no\\\/#organization\",\"name\":\"Worklinq\",\"url\":\"https:\\\/\\\/worklinq.com\\\/no\\\/\",\"logo\":{\"@type\":\"ImageObject\",\"inLanguage\":\"nb-NO\",\"@id\":\"https:\\\/\\\/worklinq.com\\\/no\\\/#\\\/schema\\\/logo\\\/image\\\/\",\"url\":\"https:\\\/\\\/worklinq.com\\\/wp-content\\\/uploads\\\/2023\\\/01\\\/ProMark-compact-logo_trans.png\",\"contentUrl\":\"https:\\\/\\\/worklinq.com\\\/wp-content\\\/uploads\\\/2023\\\/01\\\/ProMark-compact-logo_trans.png\",\"width\":1155,\"height\":1155,\"caption\":\"Worklinq\"},\"image\":{\"@id\":\"https:\\\/\\\/worklinq.com\\\/no\\\/#\\\/schema\\\/logo\\\/image\\\/\"},\"sameAs\":[\"https:\\\/\\\/www.linkedin.com\\\/company\\\/mark-information-as\\\/\"]}]}<\/script>\n<!-- \/ Yoast SEO plugin. -->","yoast_head_json":{"title":"Snakk med v\u00e5re eksperter og l\u00e6r mer om Worklinq | Worklinq","description":"Vi svarer gjerne p\u00e5 dine sp\u00f8rsm\u00e5l og gir deg en introduksjon til hvordan du kan \u00f8ke teamets produktivitet med Worklinq.","robots":{"index":"index","follow":"follow","max-snippet":"max-snippet:-1","max-image-preview":"max-image-preview:large","max-video-preview":"max-video-preview:-1"},"canonical":"https:\/\/worklinq.com\/no\/klar-for-en-prat\/","og_locale":"nb_NO","og_type":"article","og_title":"Snakk med v\u00e5re eksperter og l\u00e6r mer om Worklinq | Worklinq","og_description":"Vi svarer gjerne p\u00e5 dine sp\u00f8rsm\u00e5l og gir deg en introduksjon til hvordan du kan \u00f8ke teamets produktivitet med Worklinq.","og_url":"https:\/\/worklinq.com\/no\/klar-for-en-prat\/","og_site_name":"Worklinq","article_modified_time":"2025-12-17T12:56:09+00:00","og_image":[{"width":960,"height":640,"url":"https:\/\/worklinq.com\/wp-content\/uploads\/2025\/08\/Promo-PM-Worklinq.png","type":"image\/png"}],"twitter_card":"summary_large_image","twitter_misc":{"Ansl. lesetid":"3 minutter"},"schema":{"@context":"https:\/\/schema.org","@graph":[{"@type":"WebPage","@id":"https:\/\/worklinq.com\/no\/klar-for-en-prat\/","url":"https:\/\/worklinq.com\/no\/klar-for-en-prat\/","name":"Snakk med v\u00e5re eksperter og l\u00e6r mer om Worklinq | Worklinq","isPartOf":{"@id":"https:\/\/worklinq.com\/no\/#website"},"primaryImageOfPage":{"@id":"https:\/\/worklinq.com\/no\/klar-for-en-prat\/#primaryimage"},"image":{"@id":"https:\/\/worklinq.com\/no\/klar-for-en-prat\/#primaryimage"},"thumbnailUrl":"https:\/\/worklinq.com\/wp-content\/uploads\/2025\/08\/Compliance-across-every-rule.svg","datePublished":"2023-01-18T11:47:59+00:00","dateModified":"2025-12-17T12:56:09+00:00","description":"Vi svarer gjerne p\u00e5 dine sp\u00f8rsm\u00e5l og gir deg en introduksjon til hvordan du kan \u00f8ke teamets produktivitet med Worklinq.","breadcrumb":{"@id":"https:\/\/worklinq.com\/no\/klar-for-en-prat\/#breadcrumb"},"inLanguage":"nb-NO","potentialAction":[{"@type":"ReadAction","target":["https:\/\/worklinq.com\/no\/klar-for-en-prat\/"]}]},{"@type":"ImageObject","inLanguage":"nb-NO","@id":"https:\/\/worklinq.com\/no\/klar-for-en-prat\/#primaryimage","url":"https:\/\/worklinq.com\/wp-content\/uploads\/2025\/08\/Compliance-across-every-rule.svg","contentUrl":"https:\/\/worklinq.com\/wp-content\/uploads\/2025\/08\/Compliance-across-every-rule.svg"},{"@type":"BreadcrumbList","@id":"https:\/\/worklinq.com\/no\/klar-for-en-prat\/#breadcrumb","itemListElement":[{"@type":"ListItem","position":1,"name":"Home","item":"https:\/\/worklinq.com\/no\/"},{"@type":"ListItem","position":2,"name":"Klar for en prat?"}]},{"@type":"WebSite","@id":"https:\/\/worklinq.com\/no\/#website","url":"https:\/\/worklinq.com\/no\/","name":"Worklinq","description":"Leading companies achieve results with Worklinq","publisher":{"@id":"https:\/\/worklinq.com\/no\/#organization"},"potentialAction":[{"@type":"SearchAction","target":{"@type":"EntryPoint","urlTemplate":"https:\/\/worklinq.com\/no\/?s={search_term_string}"},"query-input":{"@type":"PropertyValueSpecification","valueRequired":true,"valueName":"search_term_string"}}],"inLanguage":"nb-NO"},{"@type":"Organization","@id":"https:\/\/worklinq.com\/no\/#organization","name":"Worklinq","url":"https:\/\/worklinq.com\/no\/","logo":{"@type":"ImageObject","inLanguage":"nb-NO","@id":"https:\/\/worklinq.com\/no\/#\/schema\/logo\/image\/","url":"https:\/\/worklinq.com\/wp-content\/uploads\/2023\/01\/ProMark-compact-logo_trans.png","contentUrl":"https:\/\/worklinq.com\/wp-content\/uploads\/2023\/01\/ProMark-compact-logo_trans.png","width":1155,"height":1155,"caption":"Worklinq"},"image":{"@id":"https:\/\/worklinq.com\/no\/#\/schema\/logo\/image\/"},"sameAs":["https:\/\/www.linkedin.com\/company\/mark-information-as\/"]}]}},"_links":{"self":[{"href":"https:\/\/worklinq.com\/no\/wp-json\/wp\/v2\/pages\/248735","targetHints":{"allow":["GET"]}}],"collection":[{"href":"https:\/\/worklinq.com\/no\/wp-json\/wp\/v2\/pages"}],"about":[{"href":"https:\/\/worklinq.com\/no\/wp-json\/wp\/v2\/types\/page"}],"author":[{"embeddable":true,"href":"https:\/\/worklinq.com\/no\/wp-json\/wp\/v2\/users\/1"}],"replies":[{"embeddable":true,"href":"https:\/\/worklinq.com\/no\/wp-json\/wp\/v2\/comments?post=248735"}],"version-history":[{"count":4,"href":"https:\/\/worklinq.com\/no\/wp-json\/wp\/v2\/pages\/248735\/revisions"}],"predecessor-version":[{"id":282952,"href":"https:\/\/worklinq.com\/no\/wp-json\/wp\/v2\/pages\/248735\/revisions\/282952"}],"wp:featuredmedia":[{"embeddable":true,"href":"https:\/\/worklinq.com\/no\/wp-json\/wp\/v2\/media\/278378"}],"wp:attachment":[{"href":"https:\/\/worklinq.com\/no\/wp-json\/wp\/v2\/media?parent=248735"}],"curies":[{"name":"wp","href":"https:\/\/api.w.org\/{rel}","templated":true}]}}