{"id":249051,"date":"2023-01-27T08:20:26","date_gmt":"2023-01-27T08:20:26","guid":{"rendered":"https:\/\/promark365.com\/cases\/"},"modified":"2026-01-26T12:36:29","modified_gmt":"2026-01-26T12:36:29","slug":"kundecases","status":"publish","type":"page","link":"https:\/\/worklinq.com\/no\/kundecases\/","title":{"rendered":"Suksesshistorier"},"content":{"rendered":"<p>[et_pb_section fb_built=&raquo;1&#8243; _builder_version=&raquo;4.27.4&#8243; _module_preset=&raquo;default&raquo; background_image=&raquo;https:\/\/worklinq.com\/wp-content\/uploads\/2025\/08\/hero-background.svg&raquo; custom_margin=&raquo;||0px||false|false&raquo; custom_padding=&raquo;||0px||false|false&raquo; global_colors_info=&raquo;{}&raquo;][et_pb_row column_structure=&raquo;1_2,1_2&#8243; module_class=&raquo;chero subhero&raquo; _builder_version=&raquo;4.27.4&#8243; _module_preset=&raquo;default&raquo; global_colors_info=&raquo;{}&raquo;][et_pb_column type=&raquo;1_2&#8243; _builder_version=&raquo;4.27.4&#8243; _module_preset=&raquo;default&raquo; global_colors_info=&raquo;{}&raquo;][dsm_breadcrumbs show_home_icon=&raquo;off&raquo; _builder_version=&raquo;4.27.4&#8243; _module_preset=&raquo;default&raquo; global_colors_info=&raquo;{}&raquo;][\/dsm_breadcrumbs][et_pb_heading title=&raquo;Bevist i praksis \u2013 betrodd av bransjeledende selskaper i over 20 land &raquo; _builder_version=&raquo;4.27.4&#8243; _module_preset=&raquo;default&raquo; global_colors_info=&raquo;{}&raquo;][\/et_pb_heading][et_pb_text _builder_version=&raquo;4.27.4&#8243; _module_preset=&raquo;default&raquo; global_colors_info=&raquo;{}&raquo;]<\/p>\n<p>Ekte historier fra ekte selskaper. Oppdag hvordan selskaper bruker Worklinq til \u00e5 forenkle personaladministrasjonen, forbedre etterlevelsen og sikre en jevn drift \u2013 fra produksjonsgulvet til \u00f8konomiavdelingen.<\/p>\n<p>Utforsk resultatene. Les om effekten. H\u00f8r det med v\u00e5re kunders egne ord.<\/p>\n<p>[\/et_pb_text][dsm_button button_one_id=&raquo;blue&raquo; button_two_id=&raquo;white&raquo; button_one_text=&raquo;Klar for en prat?&raquo; button_one_url=&raquo;\/no\/klar-for-en-prat\/&raquo; _builder_version=&raquo;4.27.4&#8243; _module_preset=&raquo;default&raquo; global_colors_info=&raquo;{}&raquo;][\/dsm_button][et_pb_text module_class=&raquo;iconline&raquo; _builder_version=&raquo;4.27.4&#8243; _module_preset=&raquo;default&raquo; global_colors_info=&raquo;{}&raquo;]<\/p>\n<p><img decoding=\"async\" src=\"https:\/\/worklinq.com\/wp-content\/uploads\/2025\/08\/globe.svg\" width=\"undefined\" height=\"undefined\" alt=\"\" class=\"wp-image-276184 alignnone size-full\" \/> 400+ kunder i 20+ land <img decoding=\"async\" src=\"https:\/\/worklinq.com\/wp-content\/uploads\/2025\/08\/group.svg\" width=\"undefined\" height=\"undefined\" alt=\"\" class=\"wp-image-276188 alignnone size-full\" \/> 300 000+ daglige brukere<\/p>\n<p>[\/et_pb_text][\/et_pb_column][et_pb_column type=&raquo;1_2&#8243; _builder_version=&raquo;4.27.4&#8243; _module_preset=&raquo;default&raquo; background_enable_image=&raquo;off&raquo; global_colors_info=&raquo;{}&raquo;][et_pb_image src=&raquo;https:\/\/worklinq.com\/wp-content\/uploads\/2025\/08\/world-map.svg&raquo; title_text=&raquo;world map&raquo; _builder_version=&raquo;4.27.4&#8243; _module_preset=&raquo;default&raquo; custom_margin=&raquo;60px||||false|false&raquo; global_colors_info=&raquo;{}&raquo;][\/et_pb_image][\/et_pb_column][\/et_pb_row][\/et_pb_section][et_pb_section fb_built=&raquo;1&#8243; admin_label=&raquo;Sektion&raquo; _builder_version=&raquo;4.27.4&#8243; _module_preset=&raquo;default&raquo; background_enable_color=&raquo;off&raquo; use_background_color_gradient=&raquo;on&raquo; background_color_gradient_stops=&raquo;rgba(255,255,255,0.5) 0%|rgba(255,255,255,0.5) 100%&raquo; background_color_gradient_start=&raquo;rgba(255,255,255,0.5)&raquo; background_color_gradient_end=&raquo;rgba(255,255,255,0.5)&raquo; background_enable_image=&raquo;off&raquo; background_size=&raquo;initial&raquo; background_position=&raquo;center_left&raquo; custom_margin=&raquo;0px||0px||false|false&raquo; custom_padding=&raquo;0px||0px||false|false&raquo; animation_direction=&raquo;bottom&raquo; saved_tabs=&raquo;all&raquo; global_colors_info=&raquo;{}&raquo;][et_pb_row module_class=&raquo;nyheder&raquo; _builder_version=&raquo;4.19.2&#8243; _module_preset=&raquo;default&raquo; animation_direction=&raquo;bottom&raquo; global_colors_info=&raquo;%91%93&#8243;][et_pb_column type=&raquo;4_4&#8243; _builder_version=&raquo;4.16&#8243; _module_preset=&raquo;default&raquo; global_colors_info=&raquo;{}&raquo;][dpdfg_filtergrid custom_query=&raquo;advanced&raquo; multiple_cpt=&raquo;project&raquo; use_taxonomy_terms=&raquo;on&raquo; multiple_taxonomies=&raquo;project_category&raquo; include_children_terms=&raquo;off&raquo; exclude_terms=&raquo;44&#8243; use_overlay=&raquo;off&raquo; title_link=&raquo;on&raquo; show_author=&raquo;off&raquo; show_terms=&raquo;on&raquo; show_terms_taxonomy=&raquo;project_category&raquo; show_content=&raquo;on&raquo; read_more=&raquo;on&raquo; custom_content_container=&raquo;off&raquo; filter_taxonomies=&raquo;project_category&raquo; filter_layout=&raquo;select&raquo; filter_dropdown_placeholder=&raquo;Kategorier: &raquo; items_width=&raquo;30%&raquo; column_gutter=&raquo;4em&raquo; row_gutter=&raquo;4em&raquo; show_search=&raquo;on&raquo; search_placeholder=&raquo;S\u00f8k&raquo; search_position=&raquo;left&raquo; module_class=&raquo;cblogarchive&raquo; _builder_version=&raquo;4.27.5&#8243; _module_preset=&raquo;default&raquo; dpdfg_entry_title_level=&raquo;h4&#8243; custom_read_more_button=&raquo;on&raquo; read_more_button_use_icon=&raquo;off&raquo; hover_enabled=&raquo;0&#8243; locked=&raquo;off&raquo; global_colors_info=&raquo;{}&raquo; sticky_enabled=&raquo;0&#8243; previous_icon=&raquo;&#x34;||divi||400&#8243; next_icon=&raquo;&#x35;||divi||400&#8243;][\/dpdfg_filtergrid][\/et_pb_column][\/et_pb_row][\/et_pb_section][et_pb_section fb_built=&raquo;1&#8243; _builder_version=&raquo;4.27.4&#8243; _module_preset=&raquo;default&raquo; custom_margin=&raquo;0px||0px||false|false&raquo; custom_padding=&raquo;0px||0px||false|false&raquo; global_colors_info=&raquo;{}&raquo;][et_pb_row _builder_version=&raquo;4.19.2&#8243; _module_preset=&raquo;default&raquo; width=&raquo;100%&raquo; max_width=&raquo;1140px&raquo; custom_margin=&raquo;0px||0px||false|false&raquo; custom_padding=&raquo;0px||0px||false|false&raquo; animation_direction=&raquo;bottom&raquo; global_module=&raquo;241818&#8243; global_colors_info=&raquo;%91%93&#8243;][et_pb_column type=&raquo;4_4&#8243; _builder_version=&raquo;4.16&#8243; _module_preset=&raquo;default&raquo; global_colors_info=&raquo;{}&raquo;][et_pb_heading title=&raquo;Vi gir globale selskaper kontroll over arbeidsstyrken&raquo; _builder_version=&raquo;4.27.4&#8243; _module_preset=&raquo;default&raquo; title_level=&raquo;h6&#8243; title_font=&raquo;|700|||||||&raquo; title_text_align=&raquo;center&raquo; global_colors_info=&raquo;{}&raquo;][\/et_pb_heading][dsm_image_carousel gallery_ids=&raquo;276608,276624,276571,276613,276619,241223,276590,277830,241219&#8243; slide_to_show=&raquo;6&#8243; space_between=&raquo;100&#8243; arrows=&raquo;off&raquo; dots=&raquo;off&raquo; slide_to_show_tablet=&raquo;&raquo; slide_to_show_phone=&raquo;2&#8243; slide_to_show_last_edited=&raquo;on|phone&raquo; space_between_tablet=&raquo;&raquo; space_between_phone=&raquo;34&#8243; space_between_last_edited=&raquo;on|phone&raquo; admin_label=&raquo;Supreme Image Carousel&raquo; _builder_version=&raquo;4.27.4&#8243; _module_preset=&raquo;default&raquo; custom_margin=&raquo;||0px||false|false&raquo; global_colors_info=&raquo;{}&raquo;][\/dsm_image_carousel][\/et_pb_column][\/et_pb_row][\/et_pb_section]<\/p>\n","protected":false},"excerpt":{"rendered":"<p>Ekte historier fra ekte selskaper. Oppdag hvordan selskaper bruker Worklinq til \u00e5 forenkle h\u00e5ndteringen av arbeidsstyrken.<\/p>\n","protected":false},"author":1,"featured_media":276704,"parent":0,"menu_order":0,"comment_status":"closed","ping_status":"closed","template":"","meta":{"_acf_changed":false,"_et_pb_use_builder":"on","_et_pb_old_content":"","_et_gb_content_width":"","footnotes":""},"class_list":["post-249051","page","type-page","status-publish","has-post-thumbnail","hentry"],"featured_image_src":"https:\/\/worklinq.com\/wp-content\/uploads\/2025\/08\/world-map.svg","acf":[],"yoast_head":"<!-- This site is optimized with the Yoast SEO plugin v27.3 - https:\/\/yoast.com\/product\/yoast-seo-wordpress\/ -->\n<title>Kundehistorier om Worklinq i praksis | Worklinq<\/title>\n<meta name=\"description\" content=\"Ledende selskaper bruker Worklinq hver dag. Les historiene deres for \u00e5 l\u00e6re mer om resultatene vi har oppn\u00e5dd for bedrifter som din.\" \/>\n<meta name=\"robots\" content=\"index, follow, max-snippet:-1, max-image-preview:large, max-video-preview:-1\" \/>\n<link rel=\"canonical\" href=\"https:\/\/worklinq.com\/no\/kundecases\/\" \/>\n<meta property=\"og:locale\" content=\"nb_NO\" \/>\n<meta property=\"og:type\" content=\"article\" \/>\n<meta property=\"og:title\" content=\"Kundehistorier om Worklinq i praksis | Worklinq\" \/>\n<meta property=\"og:description\" content=\"Ledende selskaper bruker Worklinq hver dag. Les historiene deres for \u00e5 l\u00e6re mer om resultatene vi har oppn\u00e5dd for bedrifter som din.\" \/>\n<meta property=\"og:url\" content=\"https:\/\/worklinq.com\/no\/kundecases\/\" \/>\n<meta property=\"og:site_name\" content=\"Worklinq\" \/>\n<meta property=\"article:modified_time\" content=\"2026-01-26T12:36:29+00:00\" \/>\n<meta property=\"og:image\" content=\"https:\/\/worklinq.com\/wp-content\/uploads\/2025\/08\/Promo-PM-Worklinq.png\" \/>\n\t<meta property=\"og:image:width\" content=\"960\" \/>\n\t<meta property=\"og:image:height\" content=\"640\" \/>\n\t<meta property=\"og:image:type\" content=\"image\/png\" \/>\n<meta name=\"twitter:card\" content=\"summary_large_image\" \/>\n<meta name=\"twitter:label1\" content=\"Ansl. lesetid\" \/>\n\t<meta name=\"twitter:data1\" content=\"7 minutter\" \/>\n<script type=\"application\/ld+json\" class=\"yoast-schema-graph\">{\"@context\":\"https:\\\/\\\/schema.org\",\"@graph\":[{\"@type\":\"WebPage\",\"@id\":\"https:\\\/\\\/worklinq.com\\\/no\\\/kundecases\\\/\",\"url\":\"https:\\\/\\\/worklinq.com\\\/no\\\/kundecases\\\/\",\"name\":\"Kundehistorier om Worklinq i praksis | Worklinq\",\"isPartOf\":{\"@id\":\"https:\\\/\\\/worklinq.com\\\/no\\\/#website\"},\"primaryImageOfPage\":{\"@id\":\"https:\\\/\\\/worklinq.com\\\/no\\\/kundecases\\\/#primaryimage\"},\"image\":{\"@id\":\"https:\\\/\\\/worklinq.com\\\/no\\\/kundecases\\\/#primaryimage\"},\"thumbnailUrl\":\"https:\\\/\\\/worklinq.com\\\/wp-content\\\/uploads\\\/2025\\\/08\\\/world-map.svg\",\"datePublished\":\"2023-01-27T08:20:26+00:00\",\"dateModified\":\"2026-01-26T12:36:29+00:00\",\"description\":\"Ledende selskaper bruker Worklinq hver dag. Les historiene deres for \u00e5 l\u00e6re mer om resultatene vi har oppn\u00e5dd for bedrifter som din.\",\"breadcrumb\":{\"@id\":\"https:\\\/\\\/worklinq.com\\\/no\\\/kundecases\\\/#breadcrumb\"},\"inLanguage\":\"nb-NO\",\"potentialAction\":[{\"@type\":\"ReadAction\",\"target\":[\"https:\\\/\\\/worklinq.com\\\/no\\\/kundecases\\\/\"]}]},{\"@type\":\"ImageObject\",\"inLanguage\":\"nb-NO\",\"@id\":\"https:\\\/\\\/worklinq.com\\\/no\\\/kundecases\\\/#primaryimage\",\"url\":\"https:\\\/\\\/worklinq.com\\\/wp-content\\\/uploads\\\/2025\\\/08\\\/world-map.svg\",\"contentUrl\":\"https:\\\/\\\/worklinq.com\\\/wp-content\\\/uploads\\\/2025\\\/08\\\/world-map.svg\"},{\"@type\":\"BreadcrumbList\",\"@id\":\"https:\\\/\\\/worklinq.com\\\/no\\\/kundecases\\\/#breadcrumb\",\"itemListElement\":[{\"@type\":\"ListItem\",\"position\":1,\"name\":\"Home\",\"item\":\"https:\\\/\\\/worklinq.com\\\/no\\\/\"},{\"@type\":\"ListItem\",\"position\":2,\"name\":\"Suksesshistorier\"}]},{\"@type\":\"WebSite\",\"@id\":\"https:\\\/\\\/worklinq.com\\\/no\\\/#website\",\"url\":\"https:\\\/\\\/worklinq.com\\\/no\\\/\",\"name\":\"Worklinq\",\"description\":\"Leading companies achieve results with Worklinq\",\"publisher\":{\"@id\":\"https:\\\/\\\/worklinq.com\\\/no\\\/#organization\"},\"potentialAction\":[{\"@type\":\"SearchAction\",\"target\":{\"@type\":\"EntryPoint\",\"urlTemplate\":\"https:\\\/\\\/worklinq.com\\\/no\\\/?s={search_term_string}\"},\"query-input\":{\"@type\":\"PropertyValueSpecification\",\"valueRequired\":true,\"valueName\":\"search_term_string\"}}],\"inLanguage\":\"nb-NO\"},{\"@type\":\"Organization\",\"@id\":\"https:\\\/\\\/worklinq.com\\\/no\\\/#organization\",\"name\":\"Worklinq\",\"url\":\"https:\\\/\\\/worklinq.com\\\/no\\\/\",\"logo\":{\"@type\":\"ImageObject\",\"inLanguage\":\"nb-NO\",\"@id\":\"https:\\\/\\\/worklinq.com\\\/no\\\/#\\\/schema\\\/logo\\\/image\\\/\",\"url\":\"https:\\\/\\\/worklinq.com\\\/wp-content\\\/uploads\\\/2023\\\/01\\\/ProMark-compact-logo_trans.png\",\"contentUrl\":\"https:\\\/\\\/worklinq.com\\\/wp-content\\\/uploads\\\/2023\\\/01\\\/ProMark-compact-logo_trans.png\",\"width\":1155,\"height\":1155,\"caption\":\"Worklinq\"},\"image\":{\"@id\":\"https:\\\/\\\/worklinq.com\\\/no\\\/#\\\/schema\\\/logo\\\/image\\\/\"},\"sameAs\":[\"https:\\\/\\\/www.linkedin.com\\\/company\\\/mark-information-as\\\/\"]}]}<\/script>\n<!-- \/ Yoast SEO plugin. -->","yoast_head_json":{"title":"Kundehistorier om Worklinq i praksis | Worklinq","description":"Ledende selskaper bruker Worklinq hver dag. Les historiene deres for \u00e5 l\u00e6re mer om resultatene vi har oppn\u00e5dd for bedrifter som din.","robots":{"index":"index","follow":"follow","max-snippet":"max-snippet:-1","max-image-preview":"max-image-preview:large","max-video-preview":"max-video-preview:-1"},"canonical":"https:\/\/worklinq.com\/no\/kundecases\/","og_locale":"nb_NO","og_type":"article","og_title":"Kundehistorier om Worklinq i praksis | Worklinq","og_description":"Ledende selskaper bruker Worklinq hver dag. Les historiene deres for \u00e5 l\u00e6re mer om resultatene vi har oppn\u00e5dd for bedrifter som din.","og_url":"https:\/\/worklinq.com\/no\/kundecases\/","og_site_name":"Worklinq","article_modified_time":"2026-01-26T12:36:29+00:00","og_image":[{"width":960,"height":640,"url":"https:\/\/worklinq.com\/wp-content\/uploads\/2025\/08\/Promo-PM-Worklinq.png","type":"image\/png"}],"twitter_card":"summary_large_image","twitter_misc":{"Ansl. lesetid":"7 minutter"},"schema":{"@context":"https:\/\/schema.org","@graph":[{"@type":"WebPage","@id":"https:\/\/worklinq.com\/no\/kundecases\/","url":"https:\/\/worklinq.com\/no\/kundecases\/","name":"Kundehistorier om Worklinq i praksis | Worklinq","isPartOf":{"@id":"https:\/\/worklinq.com\/no\/#website"},"primaryImageOfPage":{"@id":"https:\/\/worklinq.com\/no\/kundecases\/#primaryimage"},"image":{"@id":"https:\/\/worklinq.com\/no\/kundecases\/#primaryimage"},"thumbnailUrl":"https:\/\/worklinq.com\/wp-content\/uploads\/2025\/08\/world-map.svg","datePublished":"2023-01-27T08:20:26+00:00","dateModified":"2026-01-26T12:36:29+00:00","description":"Ledende selskaper bruker Worklinq hver dag. Les historiene deres for \u00e5 l\u00e6re mer om resultatene vi har oppn\u00e5dd for bedrifter som din.","breadcrumb":{"@id":"https:\/\/worklinq.com\/no\/kundecases\/#breadcrumb"},"inLanguage":"nb-NO","potentialAction":[{"@type":"ReadAction","target":["https:\/\/worklinq.com\/no\/kundecases\/"]}]},{"@type":"ImageObject","inLanguage":"nb-NO","@id":"https:\/\/worklinq.com\/no\/kundecases\/#primaryimage","url":"https:\/\/worklinq.com\/wp-content\/uploads\/2025\/08\/world-map.svg","contentUrl":"https:\/\/worklinq.com\/wp-content\/uploads\/2025\/08\/world-map.svg"},{"@type":"BreadcrumbList","@id":"https:\/\/worklinq.com\/no\/kundecases\/#breadcrumb","itemListElement":[{"@type":"ListItem","position":1,"name":"Home","item":"https:\/\/worklinq.com\/no\/"},{"@type":"ListItem","position":2,"name":"Suksesshistorier"}]},{"@type":"WebSite","@id":"https:\/\/worklinq.com\/no\/#website","url":"https:\/\/worklinq.com\/no\/","name":"Worklinq","description":"Leading companies achieve results with Worklinq","publisher":{"@id":"https:\/\/worklinq.com\/no\/#organization"},"potentialAction":[{"@type":"SearchAction","target":{"@type":"EntryPoint","urlTemplate":"https:\/\/worklinq.com\/no\/?s={search_term_string}"},"query-input":{"@type":"PropertyValueSpecification","valueRequired":true,"valueName":"search_term_string"}}],"inLanguage":"nb-NO"},{"@type":"Organization","@id":"https:\/\/worklinq.com\/no\/#organization","name":"Worklinq","url":"https:\/\/worklinq.com\/no\/","logo":{"@type":"ImageObject","inLanguage":"nb-NO","@id":"https:\/\/worklinq.com\/no\/#\/schema\/logo\/image\/","url":"https:\/\/worklinq.com\/wp-content\/uploads\/2023\/01\/ProMark-compact-logo_trans.png","contentUrl":"https:\/\/worklinq.com\/wp-content\/uploads\/2023\/01\/ProMark-compact-logo_trans.png","width":1155,"height":1155,"caption":"Worklinq"},"image":{"@id":"https:\/\/worklinq.com\/no\/#\/schema\/logo\/image\/"},"sameAs":["https:\/\/www.linkedin.com\/company\/mark-information-as\/"]}]}},"_links":{"self":[{"href":"https:\/\/worklinq.com\/no\/wp-json\/wp\/v2\/pages\/249051","targetHints":{"allow":["GET"]}}],"collection":[{"href":"https:\/\/worklinq.com\/no\/wp-json\/wp\/v2\/pages"}],"about":[{"href":"https:\/\/worklinq.com\/no\/wp-json\/wp\/v2\/types\/page"}],"author":[{"embeddable":true,"href":"https:\/\/worklinq.com\/no\/wp-json\/wp\/v2\/users\/1"}],"replies":[{"embeddable":true,"href":"https:\/\/worklinq.com\/no\/wp-json\/wp\/v2\/comments?post=249051"}],"version-history":[{"count":4,"href":"https:\/\/worklinq.com\/no\/wp-json\/wp\/v2\/pages\/249051\/revisions"}],"predecessor-version":[{"id":283862,"href":"https:\/\/worklinq.com\/no\/wp-json\/wp\/v2\/pages\/249051\/revisions\/283862"}],"wp:featuredmedia":[{"embeddable":true,"href":"https:\/\/worklinq.com\/no\/wp-json\/wp\/v2\/media\/276704"}],"wp:attachment":[{"href":"https:\/\/worklinq.com\/no\/wp-json\/wp\/v2\/media?parent=249051"}],"curies":[{"name":"wp","href":"https:\/\/api.w.org\/{rel}","templated":true}]}}