{"id":254617,"date":"2023-05-25T09:00:24","date_gmt":"2023-05-25T09:00:24","guid":{"rendered":"https:\/\/promark365.com\/permissions-update-thank-you\/"},"modified":"2023-05-25T12:44:49","modified_gmt":"2023-05-25T12:44:49","slug":"oppdatering-av-permissions","status":"publish","type":"page","link":"https:\/\/worklinq.com\/no\/oppdatering-av-permissions\/","title":{"rendered":"Oppdatering av permissions"},"content":{"rendered":"<p>[et_pb_section fb_built=&raquo;1&#8243; _builder_version=&raquo;4.20.0&#8243; _module_preset=&raquo;default&raquo; global_colors_info=&raquo;{}&raquo;][et_pb_row _builder_version=&raquo;4.20.0&#8243; _module_preset=&raquo;default&raquo; global_colors_info=&raquo;{}&raquo;][et_pb_column type=&raquo;4_4&#8243; _builder_version=&raquo;4.20.0&#8243; _module_preset=&raquo;default&raquo; global_colors_info=&raquo;{}&raquo;][et_pb_text module_class=&raquo;title-hero&raquo; _builder_version=&raquo;4.21.0&#8243; _module_preset=&raquo;default&raquo; text_orientation=&raquo;center&raquo; global_colors_info=&raquo;{}&raquo;]<\/p>\n<h1>Takk!<\/h1>\n<p>[\/et_pb_text][et_pb_text module_class=&raquo;intro&raquo; _builder_version=&raquo;4.21.0&#8243; _module_preset=&raquo;default&raquo; text_orientation=&raquo;center&raquo; hover_enabled=&raquo;0&#8243; global_colors_info=&raquo;{}&raquo; sticky_enabled=&raquo;0&#8243;]<\/p>\n<p>Du har n\u00e5 oppdatert dine preferanser.<\/p>\n<p>Du kan <a href=\"https:\/\/worklinq.com\/permissions\/\" target=\"_blank\" rel=\"noopener\">bes\u00f8ke preferansesenteret<\/a> p\u00e5 nytt for \u00e5 oppdatere dine preferanser.<\/p>\n<p>[\/et_pb_text][\/et_pb_column][\/et_pb_row][\/et_pb_section]<\/p>\n","protected":false},"excerpt":{"rendered":"<p>Takk!Du har n\u00e5 oppdatert dine preferanser. Du kan bes\u00f8ke preferansesenteret p\u00e5 nytt for \u00e5 oppdatere dine preferanser.<\/p>\n","protected":false},"author":2,"featured_media":0,"parent":0,"menu_order":0,"comment_status":"closed","ping_status":"closed","template":"","meta":{"_acf_changed":false,"_et_pb_use_builder":"on","_et_pb_old_content":"","_et_gb_content_width":"","footnotes":""},"class_list":["post-254617","page","type-page","status-publish","hentry"],"featured_image_src":null,"acf":[],"yoast_head":"<!-- This site is optimized with the Yoast SEO plugin v27.3 - https:\/\/yoast.com\/product\/yoast-seo-wordpress\/ -->\n<title>Oppdatering av permissions | Worklinq<\/title>\n<meta name=\"robots\" content=\"index, follow, max-snippet:-1, max-image-preview:large, max-video-preview:-1\" \/>\n<link rel=\"canonical\" href=\"https:\/\/worklinq.com\/no\/oppdatering-av-permissions\/\" \/>\n<meta property=\"og:locale\" content=\"nb_NO\" \/>\n<meta property=\"og:type\" content=\"article\" \/>\n<meta property=\"og:title\" content=\"Oppdatering av permissions | Worklinq\" \/>\n<meta property=\"og:description\" content=\"Takk!Du har n\u00e5 oppdatert dine preferanser. Du kan bes\u00f8ke preferansesenteret p\u00e5 nytt for \u00e5 oppdatere dine preferanser.\" \/>\n<meta property=\"og:url\" content=\"https:\/\/worklinq.com\/no\/oppdatering-av-permissions\/\" \/>\n<meta property=\"og:site_name\" content=\"Worklinq\" \/>\n<meta property=\"article:modified_time\" content=\"2023-05-25T12:44:49+00:00\" \/>\n<meta property=\"og:image\" content=\"https:\/\/worklinq.com\/wp-content\/uploads\/2025\/08\/Promo-PM-Worklinq.png\" \/>\n\t<meta property=\"og:image:width\" content=\"960\" \/>\n\t<meta property=\"og:image:height\" content=\"640\" \/>\n\t<meta property=\"og:image:type\" content=\"image\/png\" \/>\n<meta name=\"twitter:card\" content=\"summary_large_image\" \/>\n<meta name=\"twitter:label1\" content=\"Ansl. lesetid\" \/>\n\t<meta name=\"twitter:data1\" content=\"1 minutt\" \/>\n<script type=\"application\/ld+json\" class=\"yoast-schema-graph\">{\"@context\":\"https:\\\/\\\/schema.org\",\"@graph\":[{\"@type\":\"WebPage\",\"@id\":\"https:\\\/\\\/worklinq.com\\\/no\\\/oppdatering-av-permissions\\\/\",\"url\":\"https:\\\/\\\/worklinq.com\\\/no\\\/oppdatering-av-permissions\\\/\",\"name\":\"Oppdatering av permissions | Worklinq\",\"isPartOf\":{\"@id\":\"https:\\\/\\\/worklinq.com\\\/no\\\/#website\"},\"datePublished\":\"2023-05-25T09:00:24+00:00\",\"dateModified\":\"2023-05-25T12:44:49+00:00\",\"breadcrumb\":{\"@id\":\"https:\\\/\\\/worklinq.com\\\/no\\\/oppdatering-av-permissions\\\/#breadcrumb\"},\"inLanguage\":\"nb-NO\",\"potentialAction\":[{\"@type\":\"ReadAction\",\"target\":[\"https:\\\/\\\/worklinq.com\\\/no\\\/oppdatering-av-permissions\\\/\"]}]},{\"@type\":\"BreadcrumbList\",\"@id\":\"https:\\\/\\\/worklinq.com\\\/no\\\/oppdatering-av-permissions\\\/#breadcrumb\",\"itemListElement\":[{\"@type\":\"ListItem\",\"position\":1,\"name\":\"Home\",\"item\":\"https:\\\/\\\/worklinq.com\\\/no\\\/\"},{\"@type\":\"ListItem\",\"position\":2,\"name\":\"Oppdatering av permissions\"}]},{\"@type\":\"WebSite\",\"@id\":\"https:\\\/\\\/worklinq.com\\\/no\\\/#website\",\"url\":\"https:\\\/\\\/worklinq.com\\\/no\\\/\",\"name\":\"Worklinq\",\"description\":\"Leading companies achieve results with Worklinq\",\"publisher\":{\"@id\":\"https:\\\/\\\/worklinq.com\\\/no\\\/#organization\"},\"potentialAction\":[{\"@type\":\"SearchAction\",\"target\":{\"@type\":\"EntryPoint\",\"urlTemplate\":\"https:\\\/\\\/worklinq.com\\\/no\\\/?s={search_term_string}\"},\"query-input\":{\"@type\":\"PropertyValueSpecification\",\"valueRequired\":true,\"valueName\":\"search_term_string\"}}],\"inLanguage\":\"nb-NO\"},{\"@type\":\"Organization\",\"@id\":\"https:\\\/\\\/worklinq.com\\\/no\\\/#organization\",\"name\":\"Worklinq\",\"url\":\"https:\\\/\\\/worklinq.com\\\/no\\\/\",\"logo\":{\"@type\":\"ImageObject\",\"inLanguage\":\"nb-NO\",\"@id\":\"https:\\\/\\\/worklinq.com\\\/no\\\/#\\\/schema\\\/logo\\\/image\\\/\",\"url\":\"https:\\\/\\\/worklinq.com\\\/wp-content\\\/uploads\\\/2025\\\/07\\\/Worklinq-Logo.svg\",\"contentUrl\":\"https:\\\/\\\/worklinq.com\\\/wp-content\\\/uploads\\\/2025\\\/07\\\/Worklinq-Logo.svg\",\"width\":1,\"height\":1,\"caption\":\"Worklinq\"},\"image\":{\"@id\":\"https:\\\/\\\/worklinq.com\\\/no\\\/#\\\/schema\\\/logo\\\/image\\\/\"},\"sameAs\":[\"https:\\\/\\\/www.linkedin.com\\\/company\\\/worklinq\\\/\"]}]}<\/script>\n<!-- \/ Yoast SEO plugin. -->","yoast_head_json":{"title":"Oppdatering av permissions | Worklinq","robots":{"index":"index","follow":"follow","max-snippet":"max-snippet:-1","max-image-preview":"max-image-preview:large","max-video-preview":"max-video-preview:-1"},"canonical":"https:\/\/worklinq.com\/no\/oppdatering-av-permissions\/","og_locale":"nb_NO","og_type":"article","og_title":"Oppdatering av permissions | Worklinq","og_description":"Takk!Du har n\u00e5 oppdatert dine preferanser. Du kan bes\u00f8ke preferansesenteret p\u00e5 nytt for \u00e5 oppdatere dine preferanser.","og_url":"https:\/\/worklinq.com\/no\/oppdatering-av-permissions\/","og_site_name":"Worklinq","article_modified_time":"2023-05-25T12:44:49+00:00","og_image":[{"width":960,"height":640,"url":"https:\/\/worklinq.com\/wp-content\/uploads\/2025\/08\/Promo-PM-Worklinq.png","type":"image\/png"}],"twitter_card":"summary_large_image","twitter_misc":{"Ansl. lesetid":"1 minutt"},"schema":{"@context":"https:\/\/schema.org","@graph":[{"@type":"WebPage","@id":"https:\/\/worklinq.com\/no\/oppdatering-av-permissions\/","url":"https:\/\/worklinq.com\/no\/oppdatering-av-permissions\/","name":"Oppdatering av permissions | Worklinq","isPartOf":{"@id":"https:\/\/worklinq.com\/no\/#website"},"datePublished":"2023-05-25T09:00:24+00:00","dateModified":"2023-05-25T12:44:49+00:00","breadcrumb":{"@id":"https:\/\/worklinq.com\/no\/oppdatering-av-permissions\/#breadcrumb"},"inLanguage":"nb-NO","potentialAction":[{"@type":"ReadAction","target":["https:\/\/worklinq.com\/no\/oppdatering-av-permissions\/"]}]},{"@type":"BreadcrumbList","@id":"https:\/\/worklinq.com\/no\/oppdatering-av-permissions\/#breadcrumb","itemListElement":[{"@type":"ListItem","position":1,"name":"Home","item":"https:\/\/worklinq.com\/no\/"},{"@type":"ListItem","position":2,"name":"Oppdatering av permissions"}]},{"@type":"WebSite","@id":"https:\/\/worklinq.com\/no\/#website","url":"https:\/\/worklinq.com\/no\/","name":"Worklinq","description":"Leading companies achieve results with Worklinq","publisher":{"@id":"https:\/\/worklinq.com\/no\/#organization"},"potentialAction":[{"@type":"SearchAction","target":{"@type":"EntryPoint","urlTemplate":"https:\/\/worklinq.com\/no\/?s={search_term_string}"},"query-input":{"@type":"PropertyValueSpecification","valueRequired":true,"valueName":"search_term_string"}}],"inLanguage":"nb-NO"},{"@type":"Organization","@id":"https:\/\/worklinq.com\/no\/#organization","name":"Worklinq","url":"https:\/\/worklinq.com\/no\/","logo":{"@type":"ImageObject","inLanguage":"nb-NO","@id":"https:\/\/worklinq.com\/no\/#\/schema\/logo\/image\/","url":"https:\/\/worklinq.com\/wp-content\/uploads\/2025\/07\/Worklinq-Logo.svg","contentUrl":"https:\/\/worklinq.com\/wp-content\/uploads\/2025\/07\/Worklinq-Logo.svg","width":1,"height":1,"caption":"Worklinq"},"image":{"@id":"https:\/\/worklinq.com\/no\/#\/schema\/logo\/image\/"},"sameAs":["https:\/\/www.linkedin.com\/company\/worklinq\/"]}]}},"_links":{"self":[{"href":"https:\/\/worklinq.com\/no\/wp-json\/wp\/v2\/pages\/254617","targetHints":{"allow":["GET"]}}],"collection":[{"href":"https:\/\/worklinq.com\/no\/wp-json\/wp\/v2\/pages"}],"about":[{"href":"https:\/\/worklinq.com\/no\/wp-json\/wp\/v2\/types\/page"}],"author":[{"embeddable":true,"href":"https:\/\/worklinq.com\/no\/wp-json\/wp\/v2\/users\/2"}],"replies":[{"embeddable":true,"href":"https:\/\/worklinq.com\/no\/wp-json\/wp\/v2\/comments?post=254617"}],"version-history":[{"count":0,"href":"https:\/\/worklinq.com\/no\/wp-json\/wp\/v2\/pages\/254617\/revisions"}],"wp:attachment":[{"href":"https:\/\/worklinq.com\/no\/wp-json\/wp\/v2\/media?parent=254617"}],"curies":[{"name":"wp","href":"https:\/\/api.w.org\/{rel}","templated":true}]}}