{"id":248542,"date":"2022-12-21T12:48:14","date_gmt":"2022-12-21T12:48:14","guid":{"rendered":"https:\/\/promark365.com\/insights\/"},"modified":"2025-12-09T14:39:56","modified_gmt":"2025-12-09T14:39:56","slug":"insikt","status":"publish","type":"page","link":"https:\/\/worklinq.com\/sv\/insikt\/","title":{"rendered":"Insikter"},"content":{"rendered":"<p>[et_pb_section fb_built=&#8221;1&#8243; admin_label=&#8221;Sektion&#8221; _builder_version=&#8221;4.19.2&#8243; _module_preset=&#8221;default&#8221; background_enable_color=&#8221;off&#8221; use_background_color_gradient=&#8221;on&#8221; background_color_gradient_stops=&#8221;rgba(255,255,255,0.5) 0%|rgba(255,255,255,0.5) 100%&#8221; background_color_gradient_start=&#8221;rgba(255,255,255,0.5)&#8221; background_color_gradient_end=&#8221;rgba(255,255,255,0.5)&#8221; background_enable_image=&#8221;off&#8221; background_size=&#8221;initial&#8221; background_position=&#8221;center_left&#8221; custom_margin=&#8221;||||false|false&#8221; custom_padding=&#8221;||||false|false&#8221; animation_direction=&#8221;bottom&#8221; saved_tabs=&#8221;all&#8221; global_colors_info=&#8221;{}&#8221;][et_pb_row column_structure=&#8221;2_3,1_3&#8243; _builder_version=&#8221;4.27.4&#8243; _module_preset=&#8221;default&#8221; custom_margin=&#8221;||0px||false|false&#8221; custom_padding=&#8221;||0px||false|false&#8221; locked=&#8221;off&#8221; global_colors_info=&#8221;{}&#8221;][et_pb_column type=&#8221;2_3&#8243; module_class=&#8221;vertical-align&#8221; _builder_version=&#8221;4.19.2&#8243; _module_preset=&#8221;default&#8221; global_colors_info=&#8221;{}&#8221;][dsm_breadcrumbs show_home_icon=&#8221;off&#8221; _builder_version=&#8221;4.27.4&#8243; _module_preset=&#8221;default&#8221; global_colors_info=&#8221;{}&#8221;][\/dsm_breadcrumbs][et_pb_heading title=&#8221;Smartare arbetsdagar b\u00f6rjar med b\u00e4ttre insikter&#8221; _builder_version=&#8221;4.27.4&#8243; _module_preset=&#8221;default&#8221; hover_enabled=&#8221;0&#8243; global_colors_info=&#8221;{}&#8221; sticky_enabled=&#8221;0&#8243;][\/et_pb_heading][et_pb_text module_class=&#8221;intro&#8221; _builder_version=&#8221;4.27.4&#8243; _module_preset=&#8221;4858b1ce-2105-4467-889d-e054ad94e761&#8243; custom_margin=&#8221;-40px||||false|false&#8221; custom_padding=&#8221;||||false|false&#8221; hover_enabled=&#8221;0&#8243; global_colors_info=&#8221;{}&#8221; sticky_enabled=&#8221;0&#8243;]<\/p>\n<p><span>B\u00e4ttre beslut om personalen b\u00f6rjar med b\u00e4ttre f\u00f6rst\u00e5else. I v\u00e5r insiktscenter delar vi med oss av forskning, trender och expertr\u00e5d f\u00f6r att hj\u00e4lpa dig att navigera i den st\u00e4ndigt f\u00f6r\u00e4nderliga v\u00e4rlden av workforce management.<\/span><\/p>\n<p><span>Oavsett om du arbetar inom HR, drift, IT eller ekonomi \u00e4r dessa insikter utformade f\u00f6r att hj\u00e4lpa dig att l\u00f6sa verkliga problem, l\u00e4ra av dina kollegor och leda din organisation mot mer produktiva och m\u00e4nniskocentrerade arbetss\u00e4tt.<br \/><\/span><\/p>\n<p>[\/et_pb_text][\/et_pb_column][et_pb_column type=&#8221;1_3&#8243; module_class=&#8221;vertical-align&#8221; _builder_version=&#8221;4.19.2&#8243; _module_preset=&#8221;default&#8221; global_colors_info=&#8221;{}&#8221;][\/et_pb_column][\/et_pb_row][et_pb_row module_class=&#8221;nyheder&#8221; _builder_version=&#8221;4.19.2&#8243; _module_preset=&#8221;default&#8221; animation_direction=&#8221;bottom&#8221; locked=&#8221;off&#8221; global_colors_info=&#8221;%91%93&#8243;][et_pb_column type=&#8221;4_4&#8243; _builder_version=&#8221;4.16&#8243; _module_preset=&#8221;default&#8221; global_colors_info=&#8221;{}&#8221;][et_pb_text module_class=&#8221;title-hero&#8221; _builder_version=&#8221;4.27.4&#8243; _module_preset=&#8221;default&#8221; custom_margin=&#8221;||0px||false|false&#8221; custom_padding=&#8221;||0px||false|false&#8221; hover_enabled=&#8221;0&#8243; global_colors_info=&#8221;{}&#8221; sticky_enabled=&#8221;0&#8243;]<\/p>\n<h2>V\u00e5ra senaste insikter<\/h2>\n<p>[\/et_pb_text][et_pb_code _builder_version=&#8221;4.27.4&#8243; _module_preset=&#8221;default&#8221; global_colors_info=&#8221;{}&#8221;]    <div class=\"dp-dfg-skin-default insightsfilter\"><!-- wrapper -->\n\n        <!-- Filters -->\n        <div id=\"ptf-filter\" class=\"dp-dfg-filters\" data-allowed=\"post,e-books,newsroom,project\">\n            <button type=\"button\" class=\"ptf-btn active\" data-type=\"all\">Alla<\/button>\n                            <button type=\"button\" class=\"ptf-btn\" data-type=\"post\">\n                    Artiklar                <\/button>\n                            <button type=\"button\" class=\"ptf-btn\" data-type=\"e-books\">\n                    Whitepapers                <\/button>\n                            <button type=\"button\" class=\"ptf-btn\" data-type=\"newsroom\">\n                    Nyheter                <\/button>\n                            <button type=\"button\" class=\"ptf-btn\" data-type=\"project\">\n                    Kundhistorier                <\/button>\n                    <\/div>\n\n        <!-- Divi style loader -->\n        <div id=\"ptf-spinner\" class=\"et-fb-loader-wrapper dp-dfg-loader\" style=\"display:none; top:100px; z-index: 99\">\n            <div class=\"et-fb-loader\"><\/div>\n        <\/div>\n\n        <!-- Results -->\n        <div id=\"ptf-results\"><\/div>\n\n    <\/div><!-- \/wrapper -->\n\n    <script>\n    jQuery(function ($) {\n      let currentType = \"all\"; \/\/ default to All on load\n\n      function loadResults(paged = 1) {\n        $(\"#ptf-spinner\").show();\n\n        const data = {\n          action: \"ptf_filter\",\n          ptype: currentType,\n          paged: paged\n        };\n\n        $.post(\"https:\/\/worklinq.com\/wp-admin\/admin-ajax.php\", data, function (res) {\n          $(\"#ptf-spinner\").hide();\n          if (res && res.success) {\n                $(\"#ptf-results\").fadeOut(150, function () {\n                    $(this).html(res.data).fadeIn(150);\n\n                    \/\/ Rebind pagination clicks\n                    $(\"#ptf-results .pagination-link\").off(\"click\").on(\"click\", function (e) {\n                    e.preventDefault();\n                    const page = $(this).data(\"page\");\n                    if (page) loadResults(page);\n                    });\n                });\n            }\n        });\n      }\n\n      \/\/ Initial load (All types)\n      loadResults();\n\n      \/\/ Button clicks\n      $(\"#ptf-filter\").on(\"click\", \".ptf-btn\", function () {\n        $(\"#ptf-filter .ptf-btn\").removeClass(\"active\");\n        $(this).addClass(\"active\");\n        currentType = $(this).data(\"type\") || \"all\";\n        loadResults(1);\n      });\n    });\n    <\/script>\n    [\/et_pb_code][\/et_pb_column][\/et_pb_row][\/et_pb_section]<\/p>\n","protected":false},"excerpt":{"rendered":"<p>B\u00e4ttre beslut om personalen b\u00f6rjar med b\u00e4ttre f\u00f6rst\u00e5else. Bes\u00f6k v\u00e5rt kunskapscenter f\u00f6r inspiration.<\/p>\n","protected":false},"author":1,"featured_media":278353,"parent":0,"menu_order":0,"comment_status":"closed","ping_status":"closed","template":"","meta":{"_acf_changed":false,"_et_pb_use_builder":"on","_et_pb_old_content":"","_et_gb_content_width":"","footnotes":""},"class_list":["post-248542","page","type-page","status-publish","has-post-thumbnail","hentry"],"featured_image_src":"https:\/\/worklinq.com\/wp-content\/uploads\/2025\/08\/Project-level-workforce-insights.svg","acf":[],"yoast_head":"<!-- This site is optimized with the Yoast SEO plugin v27.3 - https:\/\/yoast.com\/product\/yoast-seo-wordpress\/ -->\n<title>H\u00e5ll dig uppdaterad med insikt inom Workforce Management | Worklinq<\/title>\n<meta name=\"description\" content=\"L\u00e4s v\u00e5ra senaste tankar om Workforce Management f\u00f6r att f\u00e5 inspiration om hur du kan f\u00e5 ut mesta m\u00f6jliga av dina anst\u00e4llda och ditt f\u00f6retag.\" \/>\n<meta name=\"robots\" content=\"index, follow, max-snippet:-1, max-image-preview:large, max-video-preview:-1\" \/>\n<link rel=\"canonical\" href=\"https:\/\/worklinq.com\/sv\/insikt\/\" \/>\n<meta property=\"og:locale\" content=\"sv_SE\" \/>\n<meta property=\"og:type\" content=\"article\" \/>\n<meta property=\"og:title\" content=\"H\u00e5ll dig uppdaterad med insikt inom Workforce Management | Worklinq\" \/>\n<meta property=\"og:description\" content=\"L\u00e4s v\u00e5ra senaste tankar om Workforce Management f\u00f6r att f\u00e5 inspiration om hur du kan f\u00e5 ut mesta m\u00f6jliga av dina anst\u00e4llda och ditt f\u00f6retag.\" \/>\n<meta property=\"og:url\" content=\"https:\/\/worklinq.com\/sv\/insikt\/\" \/>\n<meta property=\"og:site_name\" content=\"Worklinq\" \/>\n<meta property=\"article:modified_time\" content=\"2025-12-09T14:39:56+00:00\" \/>\n<meta property=\"og:image\" content=\"https:\/\/worklinq.com\/wp-content\/uploads\/2025\/08\/Promo-PM-Worklinq.png\" \/>\n\t<meta property=\"og:image:width\" content=\"960\" \/>\n\t<meta property=\"og:image:height\" content=\"640\" \/>\n\t<meta property=\"og:image:type\" content=\"image\/png\" \/>\n<meta name=\"twitter:card\" content=\"summary_large_image\" \/>\n<meta name=\"twitter:label1\" content=\"Ber\u00e4knad l\u00e4stid\" \/>\n\t<meta name=\"twitter:data1\" content=\"1 minut\" \/>\n<script type=\"application\/ld+json\" class=\"yoast-schema-graph\">{\"@context\":\"https:\\\/\\\/schema.org\",\"@graph\":[{\"@type\":\"WebPage\",\"@id\":\"https:\\\/\\\/worklinq.com\\\/sv\\\/insikt\\\/\",\"url\":\"https:\\\/\\\/worklinq.com\\\/sv\\\/insikt\\\/\",\"name\":\"H\u00e5ll dig uppdaterad med insikt inom Workforce Management | Worklinq\",\"isPartOf\":{\"@id\":\"https:\\\/\\\/worklinq.com\\\/sv\\\/#website\"},\"primaryImageOfPage\":{\"@id\":\"https:\\\/\\\/worklinq.com\\\/sv\\\/insikt\\\/#primaryimage\"},\"image\":{\"@id\":\"https:\\\/\\\/worklinq.com\\\/sv\\\/insikt\\\/#primaryimage\"},\"thumbnailUrl\":\"https:\\\/\\\/worklinq.com\\\/wp-content\\\/uploads\\\/2025\\\/08\\\/Project-level-workforce-insights.svg\",\"datePublished\":\"2022-12-21T12:48:14+00:00\",\"dateModified\":\"2025-12-09T14:39:56+00:00\",\"description\":\"L\u00e4s v\u00e5ra senaste tankar om Workforce Management f\u00f6r att f\u00e5 inspiration om hur du kan f\u00e5 ut mesta m\u00f6jliga av dina anst\u00e4llda och ditt f\u00f6retag.\",\"breadcrumb\":{\"@id\":\"https:\\\/\\\/worklinq.com\\\/sv\\\/insikt\\\/#breadcrumb\"},\"inLanguage\":\"sv-SE\",\"potentialAction\":[{\"@type\":\"ReadAction\",\"target\":[\"https:\\\/\\\/worklinq.com\\\/sv\\\/insikt\\\/\"]}]},{\"@type\":\"ImageObject\",\"inLanguage\":\"sv-SE\",\"@id\":\"https:\\\/\\\/worklinq.com\\\/sv\\\/insikt\\\/#primaryimage\",\"url\":\"https:\\\/\\\/worklinq.com\\\/wp-content\\\/uploads\\\/2025\\\/08\\\/Project-level-workforce-insights.svg\",\"contentUrl\":\"https:\\\/\\\/worklinq.com\\\/wp-content\\\/uploads\\\/2025\\\/08\\\/Project-level-workforce-insights.svg\"},{\"@type\":\"BreadcrumbList\",\"@id\":\"https:\\\/\\\/worklinq.com\\\/sv\\\/insikt\\\/#breadcrumb\",\"itemListElement\":[{\"@type\":\"ListItem\",\"position\":1,\"name\":\"Home\",\"item\":\"https:\\\/\\\/worklinq.com\\\/sv\\\/\"},{\"@type\":\"ListItem\",\"position\":2,\"name\":\"Insikter\"}]},{\"@type\":\"WebSite\",\"@id\":\"https:\\\/\\\/worklinq.com\\\/sv\\\/#website\",\"url\":\"https:\\\/\\\/worklinq.com\\\/sv\\\/\",\"name\":\"Worklinq\",\"description\":\"Leading companies achieve results with ProMark\",\"publisher\":{\"@id\":\"https:\\\/\\\/worklinq.com\\\/sv\\\/#organization\"},\"potentialAction\":[{\"@type\":\"SearchAction\",\"target\":{\"@type\":\"EntryPoint\",\"urlTemplate\":\"https:\\\/\\\/worklinq.com\\\/sv\\\/?s={search_term_string}\"},\"query-input\":{\"@type\":\"PropertyValueSpecification\",\"valueRequired\":true,\"valueName\":\"search_term_string\"}}],\"inLanguage\":\"sv-SE\"},{\"@type\":\"Organization\",\"@id\":\"https:\\\/\\\/worklinq.com\\\/sv\\\/#organization\",\"name\":\"Worklinq\",\"url\":\"https:\\\/\\\/worklinq.com\\\/sv\\\/\",\"logo\":{\"@type\":\"ImageObject\",\"inLanguage\":\"sv-SE\",\"@id\":\"https:\\\/\\\/worklinq.com\\\/sv\\\/#\\\/schema\\\/logo\\\/image\\\/\",\"url\":\"https:\\\/\\\/worklinq.com\\\/wp-content\\\/uploads\\\/2023\\\/01\\\/ProMark-compact-logo_trans.png\",\"contentUrl\":\"https:\\\/\\\/worklinq.com\\\/wp-content\\\/uploads\\\/2023\\\/01\\\/ProMark-compact-logo_trans.png\",\"width\":1155,\"height\":1155,\"caption\":\"Worklinq\"},\"image\":{\"@id\":\"https:\\\/\\\/worklinq.com\\\/sv\\\/#\\\/schema\\\/logo\\\/image\\\/\"},\"sameAs\":[\"https:\\\/\\\/www.linkedin.com\\\/company\\\/mark-information-as\\\/\"]}]}<\/script>\n<!-- \/ Yoast SEO plugin. -->","yoast_head_json":{"title":"H\u00e5ll dig uppdaterad med insikt inom Workforce Management | Worklinq","description":"L\u00e4s v\u00e5ra senaste tankar om Workforce Management f\u00f6r att f\u00e5 inspiration om hur du kan f\u00e5 ut mesta m\u00f6jliga av dina anst\u00e4llda och ditt f\u00f6retag.","robots":{"index":"index","follow":"follow","max-snippet":"max-snippet:-1","max-image-preview":"max-image-preview:large","max-video-preview":"max-video-preview:-1"},"canonical":"https:\/\/worklinq.com\/sv\/insikt\/","og_locale":"sv_SE","og_type":"article","og_title":"H\u00e5ll dig uppdaterad med insikt inom Workforce Management | Worklinq","og_description":"L\u00e4s v\u00e5ra senaste tankar om Workforce Management f\u00f6r att f\u00e5 inspiration om hur du kan f\u00e5 ut mesta m\u00f6jliga av dina anst\u00e4llda och ditt f\u00f6retag.","og_url":"https:\/\/worklinq.com\/sv\/insikt\/","og_site_name":"Worklinq","article_modified_time":"2025-12-09T14:39:56+00:00","og_image":[{"width":960,"height":640,"url":"https:\/\/worklinq.com\/wp-content\/uploads\/2025\/08\/Promo-PM-Worklinq.png","type":"image\/png"}],"twitter_card":"summary_large_image","twitter_misc":{"Ber\u00e4knad l\u00e4stid":"1 minut"},"schema":{"@context":"https:\/\/schema.org","@graph":[{"@type":"WebPage","@id":"https:\/\/worklinq.com\/sv\/insikt\/","url":"https:\/\/worklinq.com\/sv\/insikt\/","name":"H\u00e5ll dig uppdaterad med insikt inom Workforce Management | Worklinq","isPartOf":{"@id":"https:\/\/worklinq.com\/sv\/#website"},"primaryImageOfPage":{"@id":"https:\/\/worklinq.com\/sv\/insikt\/#primaryimage"},"image":{"@id":"https:\/\/worklinq.com\/sv\/insikt\/#primaryimage"},"thumbnailUrl":"https:\/\/worklinq.com\/wp-content\/uploads\/2025\/08\/Project-level-workforce-insights.svg","datePublished":"2022-12-21T12:48:14+00:00","dateModified":"2025-12-09T14:39:56+00:00","description":"L\u00e4s v\u00e5ra senaste tankar om Workforce Management f\u00f6r att f\u00e5 inspiration om hur du kan f\u00e5 ut mesta m\u00f6jliga av dina anst\u00e4llda och ditt f\u00f6retag.","breadcrumb":{"@id":"https:\/\/worklinq.com\/sv\/insikt\/#breadcrumb"},"inLanguage":"sv-SE","potentialAction":[{"@type":"ReadAction","target":["https:\/\/worklinq.com\/sv\/insikt\/"]}]},{"@type":"ImageObject","inLanguage":"sv-SE","@id":"https:\/\/worklinq.com\/sv\/insikt\/#primaryimage","url":"https:\/\/worklinq.com\/wp-content\/uploads\/2025\/08\/Project-level-workforce-insights.svg","contentUrl":"https:\/\/worklinq.com\/wp-content\/uploads\/2025\/08\/Project-level-workforce-insights.svg"},{"@type":"BreadcrumbList","@id":"https:\/\/worklinq.com\/sv\/insikt\/#breadcrumb","itemListElement":[{"@type":"ListItem","position":1,"name":"Home","item":"https:\/\/worklinq.com\/sv\/"},{"@type":"ListItem","position":2,"name":"Insikter"}]},{"@type":"WebSite","@id":"https:\/\/worklinq.com\/sv\/#website","url":"https:\/\/worklinq.com\/sv\/","name":"Worklinq","description":"Leading companies achieve results with ProMark","publisher":{"@id":"https:\/\/worklinq.com\/sv\/#organization"},"potentialAction":[{"@type":"SearchAction","target":{"@type":"EntryPoint","urlTemplate":"https:\/\/worklinq.com\/sv\/?s={search_term_string}"},"query-input":{"@type":"PropertyValueSpecification","valueRequired":true,"valueName":"search_term_string"}}],"inLanguage":"sv-SE"},{"@type":"Organization","@id":"https:\/\/worklinq.com\/sv\/#organization","name":"Worklinq","url":"https:\/\/worklinq.com\/sv\/","logo":{"@type":"ImageObject","inLanguage":"sv-SE","@id":"https:\/\/worklinq.com\/sv\/#\/schema\/logo\/image\/","url":"https:\/\/worklinq.com\/wp-content\/uploads\/2023\/01\/ProMark-compact-logo_trans.png","contentUrl":"https:\/\/worklinq.com\/wp-content\/uploads\/2023\/01\/ProMark-compact-logo_trans.png","width":1155,"height":1155,"caption":"Worklinq"},"image":{"@id":"https:\/\/worklinq.com\/sv\/#\/schema\/logo\/image\/"},"sameAs":["https:\/\/www.linkedin.com\/company\/mark-information-as\/"]}]}},"_links":{"self":[{"href":"https:\/\/worklinq.com\/sv\/wp-json\/wp\/v2\/pages\/248542","targetHints":{"allow":["GET"]}}],"collection":[{"href":"https:\/\/worklinq.com\/sv\/wp-json\/wp\/v2\/pages"}],"about":[{"href":"https:\/\/worklinq.com\/sv\/wp-json\/wp\/v2\/types\/page"}],"author":[{"embeddable":true,"href":"https:\/\/worklinq.com\/sv\/wp-json\/wp\/v2\/users\/1"}],"replies":[{"embeddable":true,"href":"https:\/\/worklinq.com\/sv\/wp-json\/wp\/v2\/comments?post=248542"}],"version-history":[{"count":4,"href":"https:\/\/worklinq.com\/sv\/wp-json\/wp\/v2\/pages\/248542\/revisions"}],"predecessor-version":[{"id":282155,"href":"https:\/\/worklinq.com\/sv\/wp-json\/wp\/v2\/pages\/248542\/revisions\/282155"}],"wp:featuredmedia":[{"embeddable":true,"href":"https:\/\/worklinq.com\/sv\/wp-json\/wp\/v2\/media\/278353"}],"wp:attachment":[{"href":"https:\/\/worklinq.com\/sv\/wp-json\/wp\/v2\/media?parent=248542"}],"curies":[{"name":"wp","href":"https:\/\/api.w.org\/{rel}","templated":true}]}}