{"id":248684,"date":"2023-01-09T16:21:25","date_gmt":"2023-01-09T16:21:25","guid":{"rendered":"https:\/\/promark365.com\/contact\/"},"modified":"2026-02-16T10:05:15","modified_gmt":"2026-02-16T10:05:15","slug":"kontakta-oss","status":"publish","type":"page","link":"https:\/\/worklinq.com\/sv\/kontakta-oss\/","title":{"rendered":"Kontakta oss"},"content":{"rendered":"<p>[et_pb_section fb_built=&#8221;1&#8243; module_class=&#8221;hero-subpages&#8221; _builder_version=&#8221;4.27.4&#8243; _module_preset=&#8221;default&#8221; background_color=&#8221;#001A35&#8243; background_image=&#8221;https:\/\/worklinq.com\/wp-content\/uploads\/2025\/08\/contact-us.jpg&#8221; custom_padding=&#8221;8%||8%||false|false&#8221; global_colors_info=&#8221;{}&#8221;][et_pb_row _builder_version=&#8221;4.19.2&#8243; _module_preset=&#8221;default&#8221; max_width=&#8221;940px&#8221; module_alignment=&#8221;center&#8221; global_colors_info=&#8221;{}&#8221;][et_pb_column type=&#8221;4_4&#8243; _builder_version=&#8221;4.16&#8243; _module_preset=&#8221;default&#8221; global_colors_info=&#8221;%91%93&#8243;][et_pb_heading title=&#8221;Vi ser fram emot att h\u00f6ra fr\u00e5n dig. Du hittar v\u00e5ra kontaktuppgifter nedan.&#8221; module_class=&#8221;darkmode&#8221; _builder_version=&#8221;4.27.4&#8243; _module_preset=&#8221;default&#8221; title_text_align=&#8221;center&#8221; global_colors_info=&#8221;{}&#8221;][\/et_pb_heading][\/et_pb_column][\/et_pb_row][\/et_pb_section][et_pb_section fb_built=&#8221;1&#8243; _builder_version=&#8221;4.19.2&#8243; _module_preset=&#8221;default&#8221; background_color=&#8221;RGBA(255,255,255,0)&#8221; custom_padding=&#8221;0px||||false|false&#8221; global_colors_info=&#8221;{}&#8221;][et_pb_row column_structure=&#8221;1_2,1_2&#8243; _builder_version=&#8221;4.19.2&#8243; _module_preset=&#8221;default&#8221; custom_padding=&#8221;0px||||false|false&#8221; custom_css_main_element=&#8221;margin-top: -68px;&#8221; global_colors_info=&#8221;{}&#8221;][et_pb_column type=&#8221;1_2&#8243; module_class=&#8221;content-box&#8221; _builder_version=&#8221;4.19.2&#8243; _module_preset=&#8221;default&#8221; global_colors_info=&#8221;{}&#8221;][et_pb_image src=&#8221;https:\/\/worklinq.com\/wp-content\/uploads\/2025\/08\/Book-a-call.svg&#8221; title_text=&#8221;Book a call&#8221; _builder_version=&#8221;4.27.4&#8243; _module_preset=&#8221;default&#8221; width=&#8221;50px&#8221; max_width=&#8221;50px&#8221; module_alignment=&#8221;center&#8221; global_colors_info=&#8221;{}&#8221;][\/et_pb_image][et_pb_blurb image_icon_width=&#8221;46px&#8221; _builder_version=&#8221;4.27.4&#8243; _module_preset=&#8221;default&#8221; text_orientation=&#8221;center&#8221; global_colors_info=&#8221;{}&#8221;]<\/p>\n<h5>Boka ett samtal med v\u00e5ra experter<\/h5>\n<p>\u00c4r du intresserad av Worklinq Workforce Management? Dela dina uppgifter s\u00e5 kontaktar vi dig.[\/et_pb_blurb][et_pb_button button_url=&#8221;@ET-DC@eyJkeW5hbWljIjp0cnVlLCJjb250ZW50IjoicG9zdF9saW5rX3VybF9wYWdlIiwic2V0dGluZ3MiOnsicG9zdF9pZCI6IjI0MjcwMiJ9fQ==@&#8221; button_text=&#8221;Skicka in v\u00e5rt formul\u00e4r &#8221; button_alignment=&#8221;center&#8221; module_id=&#8221;blue&#8221; module_class=&#8221;btn-primary&#8221; _builder_version=&#8221;4.27.4&#8243; _dynamic_attributes=&#8221;button_url&#8221; _module_preset=&#8221;default&#8221; global_colors_info=&#8221;{}&#8221;][\/et_pb_button][\/et_pb_column][et_pb_column type=&#8221;1_2&#8243; module_class=&#8221;content-box&#8221; _builder_version=&#8221;4.19.2&#8243; _module_preset=&#8221;default&#8221; global_colors_info=&#8221;{}&#8221;][et_pb_image src=&#8221;https:\/\/worklinq.com\/wp-content\/uploads\/2025\/08\/Service-Desk.svg&#8221; title_text=&#8221;Service Desk&#8221; _builder_version=&#8221;4.27.4&#8243; _module_preset=&#8221;default&#8221; width=&#8221;50px&#8221; max_width=&#8221;50px&#8221; module_alignment=&#8221;center&#8221; global_colors_info=&#8221;{}&#8221;][\/et_pb_image][et_pb_blurb image_icon_width=&#8221;46px&#8221; _builder_version=&#8221;4.27.4&#8243; _module_preset=&#8221;default&#8221; text_orientation=&#8221;center&#8221; global_colors_info=&#8221;{}&#8221;]<\/p>\n<h5>Kontakta v\u00e5r Service Desk<\/h5>\n<p>Logga in f\u00f6r att skapa ett \u00e4rende. Du kan ocks\u00e5 <a href=\"mailto:servicedesk@worklinq.com\">skicka ett e-postmeddelande<\/a> eller ringa oss p\u00e5 +45 4525 8575.[\/et_pb_blurb][et_pb_button button_url=&#8221;https:\/\/servicedesk.worklinq.com\/&#8221; url_new_window=&#8221;on&#8221; button_text=&#8221;Skapa ett support\u00e4rende.&#8221; button_alignment=&#8221;center&#8221; module_id=&#8221;blue&#8221; module_class=&#8221;btn-primary&#8221; _builder_version=&#8221;4.27.4&#8243; _module_preset=&#8221;default&#8221; global_colors_info=&#8221;{}&#8221;][\/et_pb_button][\/et_pb_column][\/et_pb_row][et_pb_row _builder_version=&#8221;4.19.2&#8243; _module_preset=&#8221;default&#8221; custom_padding=&#8221;0px||0px|||&#8221; global_colors_info=&#8221;{}&#8221;][et_pb_column type=&#8221;4_4&#8243; _builder_version=&#8221;4.19.2&#8243; _module_preset=&#8221;default&#8221; global_colors_info=&#8221;{}&#8221;][et_pb_text _builder_version=&#8221;4.27.4&#8243; _module_preset=&#8221;default&#8221; text_orientation=&#8221;center&#8221; global_colors_info=&#8221;{}&#8221;]<\/p>\n<h2>\u00d6vriga fr\u00e5gor:<\/h2>\n<p>[\/et_pb_text][\/et_pb_column][\/et_pb_row][et_pb_row column_structure=&#8221;1_4,1_4,1_4,1_4&#8243; _builder_version=&#8221;4.19.2&#8243; _module_preset=&#8221;default&#8221; global_colors_info=&#8221;{}&#8221;][et_pb_column type=&#8221;1_4&#8243; _builder_version=&#8221;4.19.2&#8243; _module_preset=&#8221;default&#8221; global_colors_info=&#8221;{}&#8221;][et_pb_text _builder_version=&#8221;4.27.4&#8243; _module_preset=&#8221;default&#8221; custom_margin=&#8221;|||20px|false|false&#8221; custom_padding=&#8221;|||20px|false|false&#8221; border_color_all=&#8221;#002C5B&#8221; border_width_left=&#8221;4px&#8221; border_color_left=&#8221;#006af9&#8243; global_colors_info=&#8221;{}&#8221;]<strong>Allm\u00e4nna fr\u00e5gor<\/strong><br \/>\n<a href=\"mailto:info@worklinq.com\">info@worklinq.com<\/a>[\/et_pb_text][\/et_pb_column][et_pb_column type=&#8221;1_4&#8243; _builder_version=&#8221;4.19.2&#8243; _module_preset=&#8221;default&#8221; global_colors_info=&#8221;{}&#8221;][et_pb_text _builder_version=&#8221;4.27.4&#8243; _module_preset=&#8221;default&#8221; custom_margin=&#8221;|||20px|false|false&#8221; custom_padding=&#8221;|||20px|false|false&#8221; border_width_left=&#8221;4px&#8221; border_color_left=&#8221;#006af9&#8243; locked=&#8221;off&#8221; global_colors_info=&#8221;{}&#8221;]<strong>Ekonomi och redovisning<\/strong><br \/>\n<a href=\"mailto:finance@worklinq.com\">finance@worklinq.com<\/a>[\/et_pb_text][\/et_pb_column][et_pb_column type=&#8221;1_4&#8243; _builder_version=&#8221;4.19.2&#8243; _module_preset=&#8221;default&#8221; global_colors_info=&#8221;{}&#8221;][et_pb_text _builder_version=&#8221;4.27.4&#8243; _module_preset=&#8221;default&#8221; custom_margin=&#8221;|||20px|false|false&#8221; custom_padding=&#8221;|||20px|false|false&#8221; border_width_left=&#8221;4px&#8221; border_color_left=&#8221;#006af9&#8243; locked=&#8221;off&#8221; global_colors_info=&#8221;{}&#8221;]<strong>Jobbans\u00f6kningar<\/strong><br \/>\n<a href=\"mailto:job@worklinq.com\">job@worklinq.com<\/a>[\/et_pb_text][\/et_pb_column][et_pb_column type=&#8221;1_4&#8243; _builder_version=&#8221;4.19.2&#8243; _module_preset=&#8221;default&#8221; global_colors_info=&#8221;{}&#8221;][et_pb_text _builder_version=&#8221;4.27.4&#8243; _module_preset=&#8221;default&#8221; custom_margin=&#8221;|||20px|false|false&#8221; custom_padding=&#8221;|||20px|false|false&#8221; border_width_left=&#8221;4px&#8221; border_color_left=&#8221;#006af9&#8243; locked=&#8221;off&#8221; global_colors_info=&#8221;{}&#8221;]<\/p>\n<p><strong>GDPR &amp; s\u00e4kerhet<\/strong><br \/><a href=\"mailto:gdpr@worklinq.com\">gdpr@worklinq.com<\/a><\/p>\n<p>[\/et_pb_text][\/et_pb_column][\/et_pb_row][\/et_pb_section][et_pb_section fb_built=&#8221;1&#8243; _builder_version=&#8221;4.19.2&#8243; _module_preset=&#8221;default&#8221; background_color=&#8221;#F2F4F9&#8243; custom_margin=&#8221;||||false|false&#8221; global_colors_info=&#8221;{}&#8221;][et_pb_row column_structure=&#8221;2_5,3_5&#8243; module_class=&#8221;border-radius&#8221; _builder_version=&#8221;4.27.4&#8243; _module_preset=&#8221;default&#8221; background_image=&#8221;https:\/\/worklinq.com\/wp-content\/uploads\/2025\/08\/Tree-tops-foggy.jpeg&#8221; custom_padding=&#8221;5%|50px|15%|50px|false|false&#8221; global_colors_info=&#8221;{}&#8221;][et_pb_column type=&#8221;2_5&#8243; _builder_version=&#8221;4.16&#8243; _module_preset=&#8221;default&#8221; global_colors_info=&#8221;%91%93&#8243;][et_pb_text module_class=&#8221;content-box&#8221; _builder_version=&#8221;4.27.4&#8243; _module_preset=&#8221;default&#8221; global_colors_info=&#8221;{}&#8221;]<\/p>\n<h2 class=\"title-medium\"><i class=\"fa-light fa-location-dot\" aria-hidden=\"true\"><\/i> V\u00e5ra kontor<\/h2>\n<p>Worklinq har flera kontor i Europa fr\u00e5n vilka vi betj\u00e4nar kunder i mer \u00e4n 20 l\u00e4nder.[\/et_pb_text][\/et_pb_column][et_pb_column type=&#8221;3_5&#8243; _builder_version=&#8221;4.16&#8243; _module_preset=&#8221;default&#8221; global_colors_info=&#8221;%91%93&#8243;][\/et_pb_column][\/et_pb_row][et_pb_row column_structure=&#8221;1_3,1_3,1_3&#8243; _builder_version=&#8221;4.22.2&#8243; _module_preset=&#8221;default&#8221; global_colors_info=&#8221;{}&#8221;][et_pb_column type=&#8221;1_3&#8243; _builder_version=&#8221;4.16&#8243; _module_preset=&#8221;default&#8221; global_colors_info=&#8221;%91%93&#8243;][et_pb_text _builder_version=&#8221;4.27.5&#8243; _module_preset=&#8221;default&#8221; header_3_font_size=&#8221;26px&#8221; hover_enabled=&#8221;0&#8243; global_colors_info=&#8221;{}&#8221; sticky_enabled=&#8221;0&#8243;]<\/p>\n<h3><img decoding=\"async\" src=\"https:\/\/worklinq.com\/wp-content\/uploads\/2023\/01\/promark-sweden.webp\" width=\"36\" height=\"\" alt=\"\" class=\"wp-image-242097 alignnone size-full\" style=\"margin-right: 10px;\" \/>Sverige<\/h3>\n<p><strong>Worklinq AB<\/strong><br \/>Convendum, Kungsgatan 9<br \/>111 43 Stockholm<\/p>\n<p><span>Reg.no.: SE556479-715601<\/span><\/p>\n<p>+46 8 739 12 00<br \/><a href=\"mailto:info.se@worklinq.com\">info.se@worklinq.com<\/a><\/p>\n<p>[\/et_pb_text][\/et_pb_column][et_pb_column type=&#8221;1_3&#8243; _builder_version=&#8221;4.16&#8243; _module_preset=&#8221;default&#8221; global_colors_info=&#8221;%91%93&#8243;][et_pb_text _builder_version=&#8221;4.27.4&#8243; _module_preset=&#8221;default&#8221; header_3_font_size=&#8221;26px&#8221; global_colors_info=&#8221;{}&#8221;]<\/p>\n<h3><img decoding=\"async\" src=\"https:\/\/worklinq.com\/wp-content\/uploads\/2023\/01\/promark-denmark.webp\" width=\"36\" height=\"\" alt=\"\" class=\"wp-image-242097 alignnone size-full\" style=\"margin-right: 10px;\" \/>Danmark<\/h3>\n<p><strong>Worklinq A\/S<\/strong><br \/>Lyngby Hovedgade 4<br \/>2800 Kgs. Lyngby<\/p>\n<p>CVR: 31 07 52 62<\/p>\n<p>+45 4690 0000<br \/><a href=\"mailto:info@worklinq.com\">info@worklinq.com<\/a><\/p>\n<p>[\/et_pb_text][\/et_pb_column][et_pb_column type=&#8221;1_3&#8243; _builder_version=&#8221;4.16&#8243; _module_preset=&#8221;default&#8221; global_colors_info=&#8221;%91%93&#8243;][et_pb_text _builder_version=&#8221;4.27.4&#8243; _module_preset=&#8221;default&#8221; header_3_font_size=&#8221;26px&#8221; global_colors_info=&#8221;{}&#8221;]<\/p>\n<h3><img decoding=\"async\" src=\"https:\/\/worklinq.com\/wp-content\/uploads\/2023\/01\/promark-norway.webp\" width=\"36\" height=\"\" alt=\"\" class=\"wp-image-242097 alignnone size-full\" style=\"margin-right: 10px;\" \/>Norge<\/h3>\n<p><strong>Worklinq AS<\/strong><br \/>\n<span data-olk-copy-source=\"MessageBody\">Schweigaards Gate 14<\/span><br \/>\n0188 Oslo<\/p>\n<p><span>Reg.no.: 917233659MVA<\/span><\/p>\n<p>+47 2319 1450<br \/>\n<a href=\"mailto:info.no@worklinq.com\">info.no@worklinq.com<\/a>[\/et_pb_text][\/et_pb_column][\/et_pb_row][et_pb_row column_structure=&#8221;1_3,1_3,1_3&#8243; _builder_version=&#8221;4.22.2&#8243; _module_preset=&#8221;default&#8221; global_colors_info=&#8221;{}&#8221;][et_pb_column type=&#8221;1_3&#8243; _builder_version=&#8221;4.16&#8243; _module_preset=&#8221;default&#8221; global_colors_info=&#8221;%91%93&#8243;][et_pb_text disabled_on=&#8221;on|on|on&#8221; _builder_version=&#8221;4.22.2&#8243; _module_preset=&#8221;default&#8221; header_3_font_size=&#8221;26px&#8221; disabled=&#8221;on&#8221; global_colors_info=&#8221;{}&#8221;]<\/p>\n<h3><img decoding=\"async\" src=\"https:\/\/worklinq.com\/wp-content\/uploads\/2023\/01\/promark-uk.webp\" width=\"36\" height=\"\" alt=\"\" class=\"wp-image-242097 alignnone size-full\" style=\"margin-right: 10px;\" \/>UK<\/h3>\n<p><strong>ProMark Software UK Ltd.<br \/><\/strong>Gloucester House<br \/>399 Silbury Boulevard<br \/>MK9 2AH Milton Keynes<\/p>\n<p><span>Reg.no.: 815 6456 20<\/span><\/p>\n<p>Tel. <a href=\"tel:4545258575\">+45 4525 8575<\/a><br \/><a href=\"mailto:info.uk@worklinq.com\">info.uk@worklinq.com<\/a><\/p>\n<p>[\/et_pb_text][\/et_pb_column][et_pb_column type=&#8221;1_3&#8243; _builder_version=&#8221;4.16&#8243; _module_preset=&#8221;default&#8221; global_colors_info=&#8221;%91%93&#8243;][et_pb_text _builder_version=&#8221;4.27.4&#8243; _module_preset=&#8221;default&#8221; header_3_font_size=&#8221;26px&#8221; global_colors_info=&#8221;{}&#8221;]<\/p>\n<h3><img decoding=\"async\" src=\"https:\/\/worklinq.com\/wp-content\/uploads\/2023\/01\/promark-uk.webp\" width=\"36\" height=\"\" alt=\"\" class=\"wp-image-242097 alignnone size-full\" style=\"margin-right: 10px;\" \/>UK<\/h3>\n<p><strong>Worklinq UK Ltd.<br \/>\n<\/strong>Gloucester House<br \/>\n399 Silbury Boulevard<br \/>\nMK9 2AH Milton Keynes<\/p>\n<p><span>Reg.no.: 815 6456 20<\/span><\/p>\n<p>+45 4525 8575<br \/>\n<a href=\"mailto:info.uk@worklinq.com\">info.uk@worklinq.com<\/a>[\/et_pb_text][\/et_pb_column][et_pb_column type=&#8221;1_3&#8243; _builder_version=&#8221;4.16&#8243; _module_preset=&#8221;default&#8221; global_colors_info=&#8221;%91%93&#8243;][et_pb_text _builder_version=&#8221;4.27.4&#8243; _module_preset=&#8221;default&#8221; header_3_font_size=&#8221;26px&#8221; global_colors_info=&#8221;{}&#8221;]<\/p>\n<h3><img decoding=\"async\" src=\"https:\/\/worklinq.com\/wp-content\/uploads\/2023\/10\/RO-flag.jpg\" width=\"36\" height=\"\" alt=\"\" class=\"wp-image-242097 alignnone size-full\" style=\"margin-right: 10px;\" \/>Rum\u00e4nien<\/h3>\n<p><strong>Worklinq SRL<\/strong><br \/>Opera Center 1 building, 5th floor<br \/>Costache Negri nr. 1-5<br \/>District 5<br \/>050552 Bukarest<\/p>\n<p><span>Reg.no.: 37240525<\/span><\/p>\n<p>[\/et_pb_text][\/et_pb_column][\/et_pb_row][\/et_pb_section]<\/p>\n","protected":false},"excerpt":{"rendered":"<p>Boka ett samtal med v\u00e5ra experter \u00c4r du intresserad av Worklinq Workforce Management? Dela dina uppgifter s\u00e5 kontaktar vi dig.Kontakta v\u00e5r Service Desk Logga in f\u00f6r att skapa ett \u00e4rende. Du kan ocks\u00e5 skicka ett e-postmeddelande eller ringa oss p\u00e5 +45 4525 8575.\u00d6vriga fr\u00e5gor:Allm\u00e4nna fr\u00e5gor info@worklinq.comEkonomi och redovisning finance@worklinq.comJobbans\u00f6kningar job@worklinq.comGDPR &amp; s\u00e4kerhetgdpr@worklinq.com V\u00e5ra kontor Worklinq har flera kontor i Europa fr\u00e5n vilka vi betj\u00e4nar kunder i mer \u00e4n 20 l\u00e4nder.Sverige Worklinq ABConvendum, Kungsgatan 9111 43 Stockholm Reg.no.: SE556479-715601 +46 8 739 12 00info.se@worklinq.comDanmark Worklinq A\/SLyngby Hovedgade 42800 Kgs. Lyngby CVR: 31 07 52 62 +45 4690 0000info@worklinq.comNorge Worklinq AS Schweigaards Gate 14 0188 Oslo Reg.no.: 917233659MVA +47 2319 1450 info.no@worklinq.comUK ProMark Software UK Ltd.Gloucester House399 Silbury BoulevardMK9 2AH Milton Keynes Reg.no.: 815 6456 20 Tel. +45 4525 8575info.uk@worklinq.comUK Worklinq UK Ltd. Gloucester House 399 Silbury Boulevard MK9 2AH Milton Keynes Reg.no.: 815 6456 20 +45 4525 8575 info.uk@worklinq.comRum\u00e4nien Worklinq SRLOpera Center 1 building, 5th floorCostache Negri nr. 1-5District 5050552 Bukarest Reg.no.: 37240525<\/p>\n","protected":false},"author":1,"featured_media":0,"parent":0,"menu_order":0,"comment_status":"closed","ping_status":"closed","template":"","meta":{"_acf_changed":false,"_et_pb_use_builder":"on","_et_pb_old_content":"","_et_gb_content_width":"","footnotes":""},"class_list":["post-248684","page","type-page","status-publish","hentry"],"featured_image_src":null,"acf":[],"yoast_head":"<!-- This site is optimized with the Yoast SEO plugin v27.3 - https:\/\/yoast.com\/product\/yoast-seo-wordpress\/ -->\n<title>Hur du kontaktar oss | Worklinq<\/title>\n<meta name=\"description\" content=\"Vi ser fram emot att h\u00f6ra fr\u00e5n dig. H\u00e4r hittar du v\u00e5ra kontaktuppgifter \u2013 oavsett om du vill prata med kundtj\u00e4nsten, s\u00f6ka jobb eller annat.\" \/>\n<meta name=\"robots\" content=\"index, follow, max-snippet:-1, max-image-preview:large, max-video-preview:-1\" \/>\n<link rel=\"canonical\" href=\"https:\/\/worklinq.com\/sv\/kontakta-oss\/\" \/>\n<meta property=\"og:locale\" content=\"sv_SE\" \/>\n<meta property=\"og:type\" content=\"article\" \/>\n<meta property=\"og:title\" content=\"Hur du kontaktar oss | Worklinq\" \/>\n<meta property=\"og:description\" content=\"Vi ser fram emot att h\u00f6ra fr\u00e5n dig. H\u00e4r hittar du v\u00e5ra kontaktuppgifter \u2013 oavsett om du vill prata med kundtj\u00e4nsten, s\u00f6ka jobb eller annat.\" \/>\n<meta property=\"og:url\" content=\"https:\/\/worklinq.com\/sv\/kontakta-oss\/\" \/>\n<meta property=\"og:site_name\" content=\"Worklinq\" \/>\n<meta property=\"article:modified_time\" content=\"2026-02-16T10:05:15+00:00\" \/>\n<meta property=\"og:image\" content=\"https:\/\/worklinq.com\/wp-content\/uploads\/2025\/08\/Promo-PM-Worklinq.png\" \/>\n\t<meta property=\"og:image:width\" content=\"960\" \/>\n\t<meta property=\"og:image:height\" content=\"640\" \/>\n\t<meta property=\"og:image:type\" content=\"image\/png\" \/>\n<meta name=\"twitter:card\" content=\"summary_large_image\" \/>\n<meta name=\"twitter:label1\" content=\"Ber\u00e4knad l\u00e4stid\" \/>\n\t<meta name=\"twitter:data1\" content=\"3 minuter\" \/>\n<script type=\"application\/ld+json\" class=\"yoast-schema-graph\">{\"@context\":\"https:\\\/\\\/schema.org\",\"@graph\":[{\"@type\":\"WebPage\",\"@id\":\"https:\\\/\\\/worklinq.com\\\/sv\\\/kontakta-oss\\\/\",\"url\":\"https:\\\/\\\/worklinq.com\\\/sv\\\/kontakta-oss\\\/\",\"name\":\"Hur du kontaktar oss | Worklinq\",\"isPartOf\":{\"@id\":\"https:\\\/\\\/worklinq.com\\\/sv\\\/#website\"},\"primaryImageOfPage\":{\"@id\":\"https:\\\/\\\/worklinq.com\\\/sv\\\/kontakta-oss\\\/#primaryimage\"},\"image\":{\"@id\":\"https:\\\/\\\/worklinq.com\\\/sv\\\/kontakta-oss\\\/#primaryimage\"},\"thumbnailUrl\":\"https:\\\/\\\/worklinq.com\\\/wp-content\\\/uploads\\\/2023\\\/01\\\/promark-sweden.webp\",\"datePublished\":\"2023-01-09T16:21:25+00:00\",\"dateModified\":\"2026-02-16T10:05:15+00:00\",\"description\":\"Vi ser fram emot att h\u00f6ra fr\u00e5n dig. H\u00e4r hittar du v\u00e5ra kontaktuppgifter \u2013 oavsett om du vill prata med kundtj\u00e4nsten, s\u00f6ka jobb eller annat.\",\"breadcrumb\":{\"@id\":\"https:\\\/\\\/worklinq.com\\\/sv\\\/kontakta-oss\\\/#breadcrumb\"},\"inLanguage\":\"sv-SE\",\"potentialAction\":[{\"@type\":\"ReadAction\",\"target\":[\"https:\\\/\\\/worklinq.com\\\/sv\\\/kontakta-oss\\\/\"]}]},{\"@type\":\"ImageObject\",\"inLanguage\":\"sv-SE\",\"@id\":\"https:\\\/\\\/worklinq.com\\\/sv\\\/kontakta-oss\\\/#primaryimage\",\"url\":\"https:\\\/\\\/worklinq.com\\\/wp-content\\\/uploads\\\/2023\\\/01\\\/promark-sweden.webp\",\"contentUrl\":\"https:\\\/\\\/worklinq.com\\\/wp-content\\\/uploads\\\/2023\\\/01\\\/promark-sweden.webp\"},{\"@type\":\"BreadcrumbList\",\"@id\":\"https:\\\/\\\/worklinq.com\\\/sv\\\/kontakta-oss\\\/#breadcrumb\",\"itemListElement\":[{\"@type\":\"ListItem\",\"position\":1,\"name\":\"Home\",\"item\":\"https:\\\/\\\/worklinq.com\\\/sv\\\/\"},{\"@type\":\"ListItem\",\"position\":2,\"name\":\"Kontakta oss\"}]},{\"@type\":\"WebSite\",\"@id\":\"https:\\\/\\\/worklinq.com\\\/sv\\\/#website\",\"url\":\"https:\\\/\\\/worklinq.com\\\/sv\\\/\",\"name\":\"Worklinq\",\"description\":\"Leading companies achieve results with ProMark\",\"publisher\":{\"@id\":\"https:\\\/\\\/worklinq.com\\\/sv\\\/#organization\"},\"potentialAction\":[{\"@type\":\"SearchAction\",\"target\":{\"@type\":\"EntryPoint\",\"urlTemplate\":\"https:\\\/\\\/worklinq.com\\\/sv\\\/?s={search_term_string}\"},\"query-input\":{\"@type\":\"PropertyValueSpecification\",\"valueRequired\":true,\"valueName\":\"search_term_string\"}}],\"inLanguage\":\"sv-SE\"},{\"@type\":\"Organization\",\"@id\":\"https:\\\/\\\/worklinq.com\\\/sv\\\/#organization\",\"name\":\"Worklinq\",\"url\":\"https:\\\/\\\/worklinq.com\\\/sv\\\/\",\"logo\":{\"@type\":\"ImageObject\",\"inLanguage\":\"sv-SE\",\"@id\":\"https:\\\/\\\/worklinq.com\\\/sv\\\/#\\\/schema\\\/logo\\\/image\\\/\",\"url\":\"https:\\\/\\\/worklinq.com\\\/wp-content\\\/uploads\\\/2023\\\/01\\\/ProMark-compact-logo_trans.png\",\"contentUrl\":\"https:\\\/\\\/worklinq.com\\\/wp-content\\\/uploads\\\/2023\\\/01\\\/ProMark-compact-logo_trans.png\",\"width\":1155,\"height\":1155,\"caption\":\"Worklinq\"},\"image\":{\"@id\":\"https:\\\/\\\/worklinq.com\\\/sv\\\/#\\\/schema\\\/logo\\\/image\\\/\"},\"sameAs\":[\"https:\\\/\\\/www.linkedin.com\\\/company\\\/mark-information-as\\\/\"]}]}<\/script>\n<!-- \/ Yoast SEO plugin. -->","yoast_head_json":{"title":"Hur du kontaktar oss | Worklinq","description":"Vi ser fram emot att h\u00f6ra fr\u00e5n dig. H\u00e4r hittar du v\u00e5ra kontaktuppgifter \u2013 oavsett om du vill prata med kundtj\u00e4nsten, s\u00f6ka jobb eller annat.","robots":{"index":"index","follow":"follow","max-snippet":"max-snippet:-1","max-image-preview":"max-image-preview:large","max-video-preview":"max-video-preview:-1"},"canonical":"https:\/\/worklinq.com\/sv\/kontakta-oss\/","og_locale":"sv_SE","og_type":"article","og_title":"Hur du kontaktar oss | Worklinq","og_description":"Vi ser fram emot att h\u00f6ra fr\u00e5n dig. H\u00e4r hittar du v\u00e5ra kontaktuppgifter \u2013 oavsett om du vill prata med kundtj\u00e4nsten, s\u00f6ka jobb eller annat.","og_url":"https:\/\/worklinq.com\/sv\/kontakta-oss\/","og_site_name":"Worklinq","article_modified_time":"2026-02-16T10:05:15+00:00","og_image":[{"width":960,"height":640,"url":"https:\/\/worklinq.com\/wp-content\/uploads\/2025\/08\/Promo-PM-Worklinq.png","type":"image\/png"}],"twitter_card":"summary_large_image","twitter_misc":{"Ber\u00e4knad l\u00e4stid":"3 minuter"},"schema":{"@context":"https:\/\/schema.org","@graph":[{"@type":"WebPage","@id":"https:\/\/worklinq.com\/sv\/kontakta-oss\/","url":"https:\/\/worklinq.com\/sv\/kontakta-oss\/","name":"Hur du kontaktar oss | Worklinq","isPartOf":{"@id":"https:\/\/worklinq.com\/sv\/#website"},"primaryImageOfPage":{"@id":"https:\/\/worklinq.com\/sv\/kontakta-oss\/#primaryimage"},"image":{"@id":"https:\/\/worklinq.com\/sv\/kontakta-oss\/#primaryimage"},"thumbnailUrl":"https:\/\/worklinq.com\/wp-content\/uploads\/2023\/01\/promark-sweden.webp","datePublished":"2023-01-09T16:21:25+00:00","dateModified":"2026-02-16T10:05:15+00:00","description":"Vi ser fram emot att h\u00f6ra fr\u00e5n dig. H\u00e4r hittar du v\u00e5ra kontaktuppgifter \u2013 oavsett om du vill prata med kundtj\u00e4nsten, s\u00f6ka jobb eller annat.","breadcrumb":{"@id":"https:\/\/worklinq.com\/sv\/kontakta-oss\/#breadcrumb"},"inLanguage":"sv-SE","potentialAction":[{"@type":"ReadAction","target":["https:\/\/worklinq.com\/sv\/kontakta-oss\/"]}]},{"@type":"ImageObject","inLanguage":"sv-SE","@id":"https:\/\/worklinq.com\/sv\/kontakta-oss\/#primaryimage","url":"https:\/\/worklinq.com\/wp-content\/uploads\/2023\/01\/promark-sweden.webp","contentUrl":"https:\/\/worklinq.com\/wp-content\/uploads\/2023\/01\/promark-sweden.webp"},{"@type":"BreadcrumbList","@id":"https:\/\/worklinq.com\/sv\/kontakta-oss\/#breadcrumb","itemListElement":[{"@type":"ListItem","position":1,"name":"Home","item":"https:\/\/worklinq.com\/sv\/"},{"@type":"ListItem","position":2,"name":"Kontakta oss"}]},{"@type":"WebSite","@id":"https:\/\/worklinq.com\/sv\/#website","url":"https:\/\/worklinq.com\/sv\/","name":"Worklinq","description":"Leading companies achieve results with ProMark","publisher":{"@id":"https:\/\/worklinq.com\/sv\/#organization"},"potentialAction":[{"@type":"SearchAction","target":{"@type":"EntryPoint","urlTemplate":"https:\/\/worklinq.com\/sv\/?s={search_term_string}"},"query-input":{"@type":"PropertyValueSpecification","valueRequired":true,"valueName":"search_term_string"}}],"inLanguage":"sv-SE"},{"@type":"Organization","@id":"https:\/\/worklinq.com\/sv\/#organization","name":"Worklinq","url":"https:\/\/worklinq.com\/sv\/","logo":{"@type":"ImageObject","inLanguage":"sv-SE","@id":"https:\/\/worklinq.com\/sv\/#\/schema\/logo\/image\/","url":"https:\/\/worklinq.com\/wp-content\/uploads\/2023\/01\/ProMark-compact-logo_trans.png","contentUrl":"https:\/\/worklinq.com\/wp-content\/uploads\/2023\/01\/ProMark-compact-logo_trans.png","width":1155,"height":1155,"caption":"Worklinq"},"image":{"@id":"https:\/\/worklinq.com\/sv\/#\/schema\/logo\/image\/"},"sameAs":["https:\/\/www.linkedin.com\/company\/mark-information-as\/"]}]}},"_links":{"self":[{"href":"https:\/\/worklinq.com\/sv\/wp-json\/wp\/v2\/pages\/248684","targetHints":{"allow":["GET"]}}],"collection":[{"href":"https:\/\/worklinq.com\/sv\/wp-json\/wp\/v2\/pages"}],"about":[{"href":"https:\/\/worklinq.com\/sv\/wp-json\/wp\/v2\/types\/page"}],"author":[{"embeddable":true,"href":"https:\/\/worklinq.com\/sv\/wp-json\/wp\/v2\/users\/1"}],"replies":[{"embeddable":true,"href":"https:\/\/worklinq.com\/sv\/wp-json\/wp\/v2\/comments?post=248684"}],"version-history":[{"count":4,"href":"https:\/\/worklinq.com\/sv\/wp-json\/wp\/v2\/pages\/248684\/revisions"}],"predecessor-version":[{"id":284101,"href":"https:\/\/worklinq.com\/sv\/wp-json\/wp\/v2\/pages\/248684\/revisions\/284101"}],"wp:attachment":[{"href":"https:\/\/worklinq.com\/sv\/wp-json\/wp\/v2\/media?parent=248684"}],"curies":[{"name":"wp","href":"https:\/\/api.w.org\/{rel}","templated":true}]}}