{"id":248727,"date":"2023-02-01T15:07:14","date_gmt":"2023-02-01T15:07:14","guid":{"rendered":"https:\/\/promark365.com\/terms-of-use-of-our-website\/"},"modified":"2025-11-12T13:39:20","modified_gmt":"2025-11-12T13:39:20","slug":"terms-of-use-of-our-website","status":"publish","type":"page","link":"https:\/\/worklinq.com\/sv\/terms-of-use-of-our-website\/","title":{"rendered":"Villkor f\u00f6r anv\u00e4ndning av v\u00e5r webbplats"},"content":{"rendered":"\n<p>N\u00e4r du anv\u00e4nder den h\u00e4r webbplatsen accepterar du att f\u00f6lja nedanst\u00e5ende villkor. Om du inte accepterar villkoren, ber vi dig l\u00e4mna webbplatsen.<\/p>\n\n\n\n<h3 class=\"wp-block-heading\">Anv\u00e4ndning av material p\u00e5 denna webbplats<\/h3>\n\n\n\n<p>Material p\u00e5 denna webbplats eller andra webbplatser som \u00e4gs och f\u00f6rvaltas av Worklinq A\/S f\u00e5r inte \u00e5teranv\u00e4ndas utan tydlig specificering av k\u00e4lla eller f\u00f6rutg\u00e5ende medgivande fr\u00e5n Worklinq. Det \u00e4r till\u00e5tet att ladda ner en kopia av materialet p\u00e5 en dator f\u00f6r eget icke-kommersiellt bruk om du inte \u00e4ndrar p\u00e5 material som \u00e4r upphovsr\u00e4ttsskyddat eller p\u00e5 annat s\u00e4tt IP-skyddat. \u00c4ndring av material eller anv\u00e4ndning av materialet f\u00f6r andra \u00e4ndam\u00e5l \u00e4r i strid med Worklinq A\/S immateriella r\u00e4ttigheter, inklusive upphovsr\u00e4tt. Det \u00e4r f\u00f6rbjudet att anv\u00e4nda s\u00e5dant material p\u00e5 n\u00e5gon annan webbplats eller liknande.<\/p>\n\n\n\n<h3 class=\"wp-block-heading\">Ansvarsavskrivning\/disclaimer<\/h3>\n\n\n\n<p>Informationen p\u00e5 denna webbplats kan inneh\u00e5lla skrivfel eller felaktigheter som Worklinq A\/S inte kan h\u00e5llas ansvariga f\u00f6r. P\u00e5 samma s\u00e4tt skall Worklinq A\/S inte h\u00e5llas ansvarig f\u00f6r n\u00e5gon direkt eller indirekt f\u00f6rlust till f\u00f6ljd av anv\u00e4ndningen av denna webbplats eller n\u00e5gon plats som \u00e4gs av Worklinq A\/S, inklusive avbrott i verksamheten, f\u00f6rlust av data eller andra indirekta f\u00f6rluster.<\/p>\n","protected":false},"excerpt":{"rendered":"<p>N\u00e4r du anv\u00e4nder den h\u00e4r webbplatsen accepterar du att f\u00f6lja nedanst\u00e5ende villkor. Om du inte accepterar villkoren, ber vi dig l\u00e4mna webbplatsen. Anv\u00e4ndning av material p\u00e5 denna webbplats Material p\u00e5 denna webbplats eller andra webbplatser som \u00e4gs och f\u00f6rvaltas av Worklinq A\/S f\u00e5r inte \u00e5teranv\u00e4ndas utan tydlig specificering av k\u00e4lla eller f\u00f6rutg\u00e5ende medgivande fr\u00e5n Worklinq. [&hellip;]<\/p>\n","protected":false},"author":1,"featured_media":0,"parent":0,"menu_order":0,"comment_status":"closed","ping_status":"closed","template":"","meta":{"_acf_changed":false,"_et_pb_use_builder":"off","_et_pb_old_content":"<!-- wp:paragraph -->\n<p>When using this site, you agree to comply with the terms below. If you do not agree with the terms, please leave the website.<\/p>\n<!-- \/wp:paragraph -->\n\n<!-- wp:heading -->\n<h2>USE OF MATERIAL ON THIS WEBSITE<\/h2>\n<!-- \/wp:heading -->\n\n<!-- wp:paragraph -->\n<p>Material on this website or other websites that are owned and managed by Mark Information A\/S shall not be reused without clearly stating the source or prior consent from Mark Information. You are permitted to download a copy of the material on a computer for your own personal non-commercial use provided you do not change material that is copyrighted or otherwise IP protected. Changing the material or using the material for other purposes is contrary to Mark Information A\/S' intellectual property rights, including copyrights. Use of such material on any other website or the like is prohibited.<\/p>\n<!-- \/wp:paragraph -->\n\n<!-- wp:heading -->\n<h2>DISCLAIMER<\/h2>\n<!-- \/wp:heading -->\n\n<!-- wp:paragraph -->\n<p>The information on this website may contain typing errors or inaccuracies that Mark Information A\/S cannot be held responsible for. Similarly, Mark Information A\/S shall under no circumstances be liable for any direct or indirect loss arising from the use of this site or any site owned by Mark Information A\/S, including business interruption, loss of data or other indirect losses.<\/p>\n<!-- \/wp:paragraph -->","_et_gb_content_width":"","footnotes":""},"class_list":["post-248727","page","type-page","status-publish","hentry"],"featured_image_src":null,"acf":[],"yoast_head":"<!-- This site is optimized with the Yoast SEO plugin v27.3 - https:\/\/yoast.com\/product\/yoast-seo-wordpress\/ -->\n<title>Villkor f\u00f6r anv\u00e4ndning av v\u00e5r webbplats | Worklinq<\/title>\n<meta name=\"robots\" content=\"index, follow, max-snippet:-1, max-image-preview:large, max-video-preview:-1\" \/>\n<link rel=\"canonical\" href=\"https:\/\/worklinq.com\/sv\/terms-of-use-of-our-website\/\" \/>\n<meta property=\"og:locale\" content=\"sv_SE\" \/>\n<meta property=\"og:type\" content=\"article\" \/>\n<meta property=\"og:title\" content=\"Villkor f\u00f6r anv\u00e4ndning av v\u00e5r webbplats | Worklinq\" \/>\n<meta property=\"og:description\" content=\"N\u00e4r du anv\u00e4nder den h\u00e4r webbplatsen accepterar du att f\u00f6lja nedanst\u00e5ende villkor. Om du inte accepterar villkoren, ber vi dig l\u00e4mna webbplatsen. Anv\u00e4ndning av material p\u00e5 denna webbplats Material p\u00e5 denna webbplats eller andra webbplatser som \u00e4gs och f\u00f6rvaltas av Worklinq A\/S f\u00e5r inte \u00e5teranv\u00e4ndas utan tydlig specificering av k\u00e4lla eller f\u00f6rutg\u00e5ende medgivande fr\u00e5n Worklinq. [&hellip;]\" \/>\n<meta property=\"og:url\" content=\"https:\/\/worklinq.com\/sv\/terms-of-use-of-our-website\/\" \/>\n<meta property=\"og:site_name\" content=\"Worklinq\" \/>\n<meta property=\"article:modified_time\" content=\"2025-11-12T13:39:20+00:00\" \/>\n<meta property=\"og:image\" content=\"https:\/\/worklinq.com\/wp-content\/uploads\/2025\/08\/Promo-PM-Worklinq.png\" \/>\n\t<meta property=\"og:image:width\" content=\"960\" \/>\n\t<meta property=\"og:image:height\" content=\"640\" \/>\n\t<meta property=\"og:image:type\" content=\"image\/png\" \/>\n<meta name=\"twitter:card\" content=\"summary_large_image\" \/>\n<meta name=\"twitter:label1\" content=\"Ber\u00e4knad l\u00e4stid\" \/>\n\t<meta name=\"twitter:data1\" content=\"1 minut\" \/>\n<script type=\"application\/ld+json\" class=\"yoast-schema-graph\">{\"@context\":\"https:\\\/\\\/schema.org\",\"@graph\":[{\"@type\":\"WebPage\",\"@id\":\"https:\\\/\\\/worklinq.com\\\/sv\\\/terms-of-use-of-our-website\\\/\",\"url\":\"https:\\\/\\\/worklinq.com\\\/sv\\\/terms-of-use-of-our-website\\\/\",\"name\":\"Villkor f\u00f6r anv\u00e4ndning av v\u00e5r webbplats | Worklinq\",\"isPartOf\":{\"@id\":\"https:\\\/\\\/worklinq.com\\\/sv\\\/#website\"},\"datePublished\":\"2023-02-01T15:07:14+00:00\",\"dateModified\":\"2025-11-12T13:39:20+00:00\",\"breadcrumb\":{\"@id\":\"https:\\\/\\\/worklinq.com\\\/sv\\\/terms-of-use-of-our-website\\\/#breadcrumb\"},\"inLanguage\":\"sv-SE\",\"potentialAction\":[{\"@type\":\"ReadAction\",\"target\":[\"https:\\\/\\\/worklinq.com\\\/sv\\\/terms-of-use-of-our-website\\\/\"]}]},{\"@type\":\"BreadcrumbList\",\"@id\":\"https:\\\/\\\/worklinq.com\\\/sv\\\/terms-of-use-of-our-website\\\/#breadcrumb\",\"itemListElement\":[{\"@type\":\"ListItem\",\"position\":1,\"name\":\"Home\",\"item\":\"https:\\\/\\\/worklinq.com\\\/sv\\\/\"},{\"@type\":\"ListItem\",\"position\":2,\"name\":\"Villkor f\u00f6r anv\u00e4ndning av v\u00e5r webbplats\"}]},{\"@type\":\"WebSite\",\"@id\":\"https:\\\/\\\/worklinq.com\\\/sv\\\/#website\",\"url\":\"https:\\\/\\\/worklinq.com\\\/sv\\\/\",\"name\":\"Worklinq\",\"description\":\"Leading companies achieve results with ProMark\",\"publisher\":{\"@id\":\"https:\\\/\\\/worklinq.com\\\/sv\\\/#organization\"},\"potentialAction\":[{\"@type\":\"SearchAction\",\"target\":{\"@type\":\"EntryPoint\",\"urlTemplate\":\"https:\\\/\\\/worklinq.com\\\/sv\\\/?s={search_term_string}\"},\"query-input\":{\"@type\":\"PropertyValueSpecification\",\"valueRequired\":true,\"valueName\":\"search_term_string\"}}],\"inLanguage\":\"sv-SE\"},{\"@type\":\"Organization\",\"@id\":\"https:\\\/\\\/worklinq.com\\\/sv\\\/#organization\",\"name\":\"Worklinq\",\"url\":\"https:\\\/\\\/worklinq.com\\\/sv\\\/\",\"logo\":{\"@type\":\"ImageObject\",\"inLanguage\":\"sv-SE\",\"@id\":\"https:\\\/\\\/worklinq.com\\\/sv\\\/#\\\/schema\\\/logo\\\/image\\\/\",\"url\":\"https:\\\/\\\/worklinq.com\\\/wp-content\\\/uploads\\\/2023\\\/01\\\/ProMark-compact-logo_trans.png\",\"contentUrl\":\"https:\\\/\\\/worklinq.com\\\/wp-content\\\/uploads\\\/2023\\\/01\\\/ProMark-compact-logo_trans.png\",\"width\":1155,\"height\":1155,\"caption\":\"Worklinq\"},\"image\":{\"@id\":\"https:\\\/\\\/worklinq.com\\\/sv\\\/#\\\/schema\\\/logo\\\/image\\\/\"},\"sameAs\":[\"https:\\\/\\\/www.linkedin.com\\\/company\\\/mark-information-as\\\/\"]}]}<\/script>\n<!-- \/ Yoast SEO plugin. -->","yoast_head_json":{"title":"Villkor f\u00f6r anv\u00e4ndning av v\u00e5r webbplats | Worklinq","robots":{"index":"index","follow":"follow","max-snippet":"max-snippet:-1","max-image-preview":"max-image-preview:large","max-video-preview":"max-video-preview:-1"},"canonical":"https:\/\/worklinq.com\/sv\/terms-of-use-of-our-website\/","og_locale":"sv_SE","og_type":"article","og_title":"Villkor f\u00f6r anv\u00e4ndning av v\u00e5r webbplats | Worklinq","og_description":"N\u00e4r du anv\u00e4nder den h\u00e4r webbplatsen accepterar du att f\u00f6lja nedanst\u00e5ende villkor. Om du inte accepterar villkoren, ber vi dig l\u00e4mna webbplatsen. Anv\u00e4ndning av material p\u00e5 denna webbplats Material p\u00e5 denna webbplats eller andra webbplatser som \u00e4gs och f\u00f6rvaltas av Worklinq A\/S f\u00e5r inte \u00e5teranv\u00e4ndas utan tydlig specificering av k\u00e4lla eller f\u00f6rutg\u00e5ende medgivande fr\u00e5n Worklinq. [&hellip;]","og_url":"https:\/\/worklinq.com\/sv\/terms-of-use-of-our-website\/","og_site_name":"Worklinq","article_modified_time":"2025-11-12T13:39:20+00:00","og_image":[{"width":960,"height":640,"url":"https:\/\/worklinq.com\/wp-content\/uploads\/2025\/08\/Promo-PM-Worklinq.png","type":"image\/png"}],"twitter_card":"summary_large_image","twitter_misc":{"Ber\u00e4knad l\u00e4stid":"1 minut"},"schema":{"@context":"https:\/\/schema.org","@graph":[{"@type":"WebPage","@id":"https:\/\/worklinq.com\/sv\/terms-of-use-of-our-website\/","url":"https:\/\/worklinq.com\/sv\/terms-of-use-of-our-website\/","name":"Villkor f\u00f6r anv\u00e4ndning av v\u00e5r webbplats | Worklinq","isPartOf":{"@id":"https:\/\/worklinq.com\/sv\/#website"},"datePublished":"2023-02-01T15:07:14+00:00","dateModified":"2025-11-12T13:39:20+00:00","breadcrumb":{"@id":"https:\/\/worklinq.com\/sv\/terms-of-use-of-our-website\/#breadcrumb"},"inLanguage":"sv-SE","potentialAction":[{"@type":"ReadAction","target":["https:\/\/worklinq.com\/sv\/terms-of-use-of-our-website\/"]}]},{"@type":"BreadcrumbList","@id":"https:\/\/worklinq.com\/sv\/terms-of-use-of-our-website\/#breadcrumb","itemListElement":[{"@type":"ListItem","position":1,"name":"Home","item":"https:\/\/worklinq.com\/sv\/"},{"@type":"ListItem","position":2,"name":"Villkor f\u00f6r anv\u00e4ndning av v\u00e5r webbplats"}]},{"@type":"WebSite","@id":"https:\/\/worklinq.com\/sv\/#website","url":"https:\/\/worklinq.com\/sv\/","name":"Worklinq","description":"Leading companies achieve results with ProMark","publisher":{"@id":"https:\/\/worklinq.com\/sv\/#organization"},"potentialAction":[{"@type":"SearchAction","target":{"@type":"EntryPoint","urlTemplate":"https:\/\/worklinq.com\/sv\/?s={search_term_string}"},"query-input":{"@type":"PropertyValueSpecification","valueRequired":true,"valueName":"search_term_string"}}],"inLanguage":"sv-SE"},{"@type":"Organization","@id":"https:\/\/worklinq.com\/sv\/#organization","name":"Worklinq","url":"https:\/\/worklinq.com\/sv\/","logo":{"@type":"ImageObject","inLanguage":"sv-SE","@id":"https:\/\/worklinq.com\/sv\/#\/schema\/logo\/image\/","url":"https:\/\/worklinq.com\/wp-content\/uploads\/2023\/01\/ProMark-compact-logo_trans.png","contentUrl":"https:\/\/worklinq.com\/wp-content\/uploads\/2023\/01\/ProMark-compact-logo_trans.png","width":1155,"height":1155,"caption":"Worklinq"},"image":{"@id":"https:\/\/worklinq.com\/sv\/#\/schema\/logo\/image\/"},"sameAs":["https:\/\/www.linkedin.com\/company\/mark-information-as\/"]}]}},"_links":{"self":[{"href":"https:\/\/worklinq.com\/sv\/wp-json\/wp\/v2\/pages\/248727","targetHints":{"allow":["GET"]}}],"collection":[{"href":"https:\/\/worklinq.com\/sv\/wp-json\/wp\/v2\/pages"}],"about":[{"href":"https:\/\/worklinq.com\/sv\/wp-json\/wp\/v2\/types\/page"}],"author":[{"embeddable":true,"href":"https:\/\/worklinq.com\/sv\/wp-json\/wp\/v2\/users\/1"}],"replies":[{"embeddable":true,"href":"https:\/\/worklinq.com\/sv\/wp-json\/wp\/v2\/comments?post=248727"}],"version-history":[{"count":2,"href":"https:\/\/worklinq.com\/sv\/wp-json\/wp\/v2\/pages\/248727\/revisions"}],"predecessor-version":[{"id":280721,"href":"https:\/\/worklinq.com\/sv\/wp-json\/wp\/v2\/pages\/248727\/revisions\/280721"}],"wp:attachment":[{"href":"https:\/\/worklinq.com\/sv\/wp-json\/wp\/v2\/media?parent=248727"}],"curies":[{"name":"wp","href":"https:\/\/api.w.org\/{rel}","templated":true}]}}