{"id":248738,"date":"2023-01-18T11:47:59","date_gmt":"2023-01-18T11:47:59","guid":{"rendered":"https:\/\/promark365.com\/ready-to-talk\/"},"modified":"2025-12-17T09:29:40","modified_gmt":"2025-12-17T09:29:40","slug":"redo-att-prata","status":"publish","type":"page","link":"https:\/\/worklinq.com\/sv\/redo-att-prata\/","title":{"rendered":"Redo att prata?"},"content":{"rendered":"<p>[et_pb_section fb_built=&#8221;1&#8243; _builder_version=&#8221;4.27.4&#8243; _module_preset=&#8221;default&#8221; background_image=&#8221;https:\/\/worklinq.com\/wp-content\/uploads\/2025\/08\/hero-background.svg&#8221; global_colors_info=&#8221;{}&#8221;][et_pb_row column_structure=&#8221;1_2,1_2&#8243; module_class=&#8221;chero subhero hero50 contacthero&#8221; _builder_version=&#8221;4.27.4&#8243; _module_preset=&#8221;default&#8221; global_colors_info=&#8221;{}&#8221;][et_pb_column type=&#8221;1_2&#8243; _builder_version=&#8221;4.27.4&#8243; _module_preset=&#8221;default&#8221; global_colors_info=&#8221;{}&#8221;][dsm_breadcrumbs show_home_icon=&#8221;off&#8221; _builder_version=&#8221;4.27.4&#8243; _module_preset=&#8221;default&#8221; global_colors_info=&#8221;{}&#8221;][\/dsm_breadcrumbs][et_pb_heading title=&#8221;Prata med v\u00e5ra experter&#8221; _builder_version=&#8221;4.27.4&#8243; _module_preset=&#8221;default&#8221; global_colors_info=&#8221;{}&#8221;][\/et_pb_heading][et_pb_text module_class=&#8221;intro&#8221; _builder_version=&#8221;4.27.4&#8243; _module_preset=&#8221;default&#8221; global_colors_info=&#8221;{}&#8221;]<\/p>\n<p>Hundratals stora f\u00f6retag v\u00e4rlden \u00f6ver f\u00f6rlitar sig p\u00e5 Worklinq, den ledande allt-i-ett-l\u00f6sningen f\u00f6r workforce management, f\u00f6r att skapa en smartare arbetsdag, varje dag.<\/p>\n<p>Kontakta v\u00e5rt team av experter idag. Vi svarar g\u00e4rna p\u00e5 dina fr\u00e5gor och presenterar Worklinq f\u00f6r dig.<\/p>\n<ul class=\"dsm_icon_list_items dsm_icon_list_ltr_direction dsm_icon_list_layout_vertical\">\n<li class=\"dsm_icon_list_child dsm_icon_list_child_0\">L\u00e4r dig hur du kan \u00f6ka teamets produktivitet<\/li>\n<li class=\"dsm_icon_list_child dsm_icon_list_child_1\">Utforska anv\u00e4ndningsfall f\u00f6r ditt team<\/li>\n<li class=\"dsm_icon_list_child dsm_icon_list_child_2\">Upplev v\u00e5ra anv\u00e4ndargr\u00e4nssnitt som t\u00e4cker alla behov<\/li>\n<li class=\"dsm_icon_list_child dsm_icon_list_child_2\">L\u00e4r dig hur du kan komma ig\u00e5ng inom 3\u20136 m\u00e5nader<\/li>\n<\/ul>\n<p>[\/et_pb_text][et_pb_text _builder_version=&#8221;4.27.4&#8243; _module_preset=&#8221;default&#8221; custom_margin=&#8221;24px||||false|false&#8221; global_colors_info=&#8221;{}&#8221;]&nbsp;<\/p>\n<p>&nbsp;<\/p>\n<p>\u00c4r du kund och har en supportfr\u00e5ga?[\/et_pb_text][et_pb_button button_url=&#8221;\/sv\/kontakta-oss\/&#8221; button_text=&#8221;Kontakta v\u00e5r Service Desk&#8221; module_id=&#8221;blue&#8221; _builder_version=&#8221;4.27.4&#8243; _module_preset=&#8221;default&#8221; custom_margin=&#8221;24px||||false|false&#8221; global_colors_info=&#8221;{}&#8221;][\/et_pb_button][\/et_pb_column][et_pb_column type=&#8221;1_2&#8243; _builder_version=&#8221;4.27.4&#8243; _module_preset=&#8221;default&#8221; background_enable_image=&#8221;off&#8221; global_colors_info=&#8221;{}&#8221;][et_pb_heading title=&#8221;Ber\u00e4tta om dig sj\u00e4lv&#8221; _builder_version=&#8221;4.27.4&#8243; _module_preset=&#8221;default&#8221; title_level=&#8221;h3&#8243; global_colors_info=&#8221;{}&#8221;][\/et_pb_heading][et_pb_heading title=&#8221;Vi h\u00f6r av oss s\u00e5 snart vi kan!&#8221; _builder_version=&#8221;4.27.4&#8243; _module_preset=&#8221;default&#8221; title_level=&#8221;h4&#8243; global_colors_info=&#8221;{}&#8221;][\/et_pb_heading][et_pb_code _builder_version=&#8221;4.27.4&#8243; _module_preset=&#8221;default&#8221; hover_enabled=&#8221;0&#8243; global_colors_info=&#8221;{}&#8221; sticky_enabled=&#8221;0&#8243;]<iframe src=\"https:\/\/go.worklinq.com\/l\/1102452\/2025-12-02\/2d7fl3r\" width=\"100%\" height=\"500\" type=\"text\/html\" frameborder=\"0\" allowTransparency=\"true\" style=\"border: 0\"><\/iframe><!-- [et_pb_line_break_holder] --><!-- [et_pb_line_break_holder] --><script type=\"text\/javascript\"><!-- [et_pb_line_break_holder] -->  iFrameResize({<!-- [et_pb_line_break_holder] -->    log: false,<!-- [et_pb_line_break_holder] -->    checkOrigin: ['https:\/\/go.worklinq.com']<!-- [et_pb_line_break_holder] -->  });<!-- [et_pb_line_break_holder] --><\/script>[\/et_pb_code][\/et_pb_column][\/et_pb_row][\/et_pb_section][et_pb_section fb_built=&#8221;1&#8243; _builder_version=&#8221;4.27.4&#8243; _module_preset=&#8221;default&#8221; custom_margin=&#8221;||0px||false|false&#8221; custom_padding=&#8221;||0px||false|false&#8221; global_colors_info=&#8221;{}&#8221;][et_pb_row _builder_version=&#8221;4.19.2&#8243; _module_preset=&#8221;default&#8221; width=&#8221;100%&#8221; max_width=&#8221;1140px&#8221; custom_margin=&#8221;0px||0px||false|false&#8221; custom_padding=&#8221;0px||0px||false|false&#8221; animation_direction=&#8221;bottom&#8221; global_module=&#8221;241818&#8243; global_colors_info=&#8221;%91%93&#8243;][et_pb_column type=&#8221;4_4&#8243; _builder_version=&#8221;4.16&#8243; _module_preset=&#8221;default&#8221; global_colors_info=&#8221;{}&#8221;][dsm_image_carousel gallery_ids=&#8221;241214,241216,241217,241220,241221,241222,241224,241223,241215,241218,241219&#8243; slide_to_show=&#8221;6&#8243; autoplay=&#8221;off&#8221; space_between=&#8221;100&#8243; arrows=&#8221;off&#8221; dots=&#8221;off&#8221; slide_to_show_tablet=&#8221;&#8221; slide_to_show_phone=&#8221;2&#8243; slide_to_show_last_edited=&#8221;on|phone&#8221; space_between_tablet=&#8221;&#8221; space_between_phone=&#8221;34&#8243; space_between_last_edited=&#8221;on|phone&#8221; _builder_version=&#8221;4.19.2&#8243; _module_preset=&#8221;default&#8221; custom_margin=&#8221;||0px||false|false&#8221; global_colors_info=&#8221;{}&#8221;][\/dsm_image_carousel][\/et_pb_column][\/et_pb_row][\/et_pb_section]<\/p>\n","protected":false},"excerpt":{"rendered":"<p>Kontakta v\u00e5rt expertteam idag. Vi svarar g\u00e4rna p\u00e5 dina fr\u00e5gor och presenterar Worklinq f\u00f6r dig.<\/p>\n","protected":false},"author":1,"featured_media":278379,"parent":0,"menu_order":0,"comment_status":"closed","ping_status":"closed","template":"","meta":{"_acf_changed":false,"_et_pb_use_builder":"on","_et_pb_old_content":"","_et_gb_content_width":"","footnotes":""},"class_list":["post-248738","page","type-page","status-publish","has-post-thumbnail","hentry"],"featured_image_src":"https:\/\/worklinq.com\/wp-content\/uploads\/2025\/08\/Compliance-across-every-rule.svg","acf":[],"yoast_head":"<!-- This site is optimized with the Yoast SEO plugin v27.3 - https:\/\/yoast.com\/product\/yoast-seo-wordpress\/ -->\n<title>Prata med v\u00e5ra experter och l\u00e4r dig mer om Worklinq | Worklinq<\/title>\n<meta name=\"description\" content=\"Vi svarar g\u00e4rna p\u00e5 dina fr\u00e5gor och ger dig en introduktion till hur du kan \u00f6ka ditt teams produktivitet med Worklinq.\" \/>\n<meta name=\"robots\" content=\"index, follow, max-snippet:-1, max-image-preview:large, max-video-preview:-1\" \/>\n<link rel=\"canonical\" href=\"https:\/\/worklinq.com\/sv\/redo-att-prata\/\" \/>\n<meta property=\"og:locale\" content=\"sv_SE\" \/>\n<meta property=\"og:type\" content=\"article\" \/>\n<meta property=\"og:title\" content=\"Prata med v\u00e5ra experter och l\u00e4r dig mer om Worklinq | Worklinq\" \/>\n<meta property=\"og:description\" content=\"Vi svarar g\u00e4rna p\u00e5 dina fr\u00e5gor och ger dig en introduktion till hur du kan \u00f6ka ditt teams produktivitet med Worklinq.\" \/>\n<meta property=\"og:url\" content=\"https:\/\/worklinq.com\/sv\/redo-att-prata\/\" \/>\n<meta property=\"og:site_name\" content=\"Worklinq\" \/>\n<meta property=\"article:modified_time\" content=\"2025-12-17T09:29:40+00:00\" \/>\n<meta property=\"og:image\" content=\"https:\/\/worklinq.com\/wp-content\/uploads\/2025\/08\/Promo-PM-Worklinq.png\" \/>\n\t<meta property=\"og:image:width\" content=\"960\" \/>\n\t<meta property=\"og:image:height\" content=\"640\" \/>\n\t<meta property=\"og:image:type\" content=\"image\/png\" \/>\n<meta name=\"twitter:card\" content=\"summary_large_image\" \/>\n<meta name=\"twitter:label1\" content=\"Ber\u00e4knad l\u00e4stid\" \/>\n\t<meta name=\"twitter:data1\" content=\"3 minuter\" \/>\n<script type=\"application\/ld+json\" class=\"yoast-schema-graph\">{\"@context\":\"https:\\\/\\\/schema.org\",\"@graph\":[{\"@type\":\"WebPage\",\"@id\":\"https:\\\/\\\/worklinq.com\\\/sv\\\/redo-att-prata\\\/\",\"url\":\"https:\\\/\\\/worklinq.com\\\/sv\\\/redo-att-prata\\\/\",\"name\":\"Prata med v\u00e5ra experter och l\u00e4r dig mer om Worklinq | Worklinq\",\"isPartOf\":{\"@id\":\"https:\\\/\\\/worklinq.com\\\/sv\\\/#website\"},\"primaryImageOfPage\":{\"@id\":\"https:\\\/\\\/worklinq.com\\\/sv\\\/redo-att-prata\\\/#primaryimage\"},\"image\":{\"@id\":\"https:\\\/\\\/worklinq.com\\\/sv\\\/redo-att-prata\\\/#primaryimage\"},\"thumbnailUrl\":\"https:\\\/\\\/worklinq.com\\\/wp-content\\\/uploads\\\/2025\\\/08\\\/Compliance-across-every-rule.svg\",\"datePublished\":\"2023-01-18T11:47:59+00:00\",\"dateModified\":\"2025-12-17T09:29:40+00:00\",\"description\":\"Vi svarar g\u00e4rna p\u00e5 dina fr\u00e5gor och ger dig en introduktion till hur du kan \u00f6ka ditt teams produktivitet med Worklinq.\",\"breadcrumb\":{\"@id\":\"https:\\\/\\\/worklinq.com\\\/sv\\\/redo-att-prata\\\/#breadcrumb\"},\"inLanguage\":\"sv-SE\",\"potentialAction\":[{\"@type\":\"ReadAction\",\"target\":[\"https:\\\/\\\/worklinq.com\\\/sv\\\/redo-att-prata\\\/\"]}]},{\"@type\":\"ImageObject\",\"inLanguage\":\"sv-SE\",\"@id\":\"https:\\\/\\\/worklinq.com\\\/sv\\\/redo-att-prata\\\/#primaryimage\",\"url\":\"https:\\\/\\\/worklinq.com\\\/wp-content\\\/uploads\\\/2025\\\/08\\\/Compliance-across-every-rule.svg\",\"contentUrl\":\"https:\\\/\\\/worklinq.com\\\/wp-content\\\/uploads\\\/2025\\\/08\\\/Compliance-across-every-rule.svg\"},{\"@type\":\"BreadcrumbList\",\"@id\":\"https:\\\/\\\/worklinq.com\\\/sv\\\/redo-att-prata\\\/#breadcrumb\",\"itemListElement\":[{\"@type\":\"ListItem\",\"position\":1,\"name\":\"Home\",\"item\":\"https:\\\/\\\/worklinq.com\\\/sv\\\/\"},{\"@type\":\"ListItem\",\"position\":2,\"name\":\"Redo att prata?\"}]},{\"@type\":\"WebSite\",\"@id\":\"https:\\\/\\\/worklinq.com\\\/sv\\\/#website\",\"url\":\"https:\\\/\\\/worklinq.com\\\/sv\\\/\",\"name\":\"Worklinq\",\"description\":\"Leading companies achieve results with ProMark\",\"publisher\":{\"@id\":\"https:\\\/\\\/worklinq.com\\\/sv\\\/#organization\"},\"potentialAction\":[{\"@type\":\"SearchAction\",\"target\":{\"@type\":\"EntryPoint\",\"urlTemplate\":\"https:\\\/\\\/worklinq.com\\\/sv\\\/?s={search_term_string}\"},\"query-input\":{\"@type\":\"PropertyValueSpecification\",\"valueRequired\":true,\"valueName\":\"search_term_string\"}}],\"inLanguage\":\"sv-SE\"},{\"@type\":\"Organization\",\"@id\":\"https:\\\/\\\/worklinq.com\\\/sv\\\/#organization\",\"name\":\"Worklinq\",\"url\":\"https:\\\/\\\/worklinq.com\\\/sv\\\/\",\"logo\":{\"@type\":\"ImageObject\",\"inLanguage\":\"sv-SE\",\"@id\":\"https:\\\/\\\/worklinq.com\\\/sv\\\/#\\\/schema\\\/logo\\\/image\\\/\",\"url\":\"https:\\\/\\\/worklinq.com\\\/wp-content\\\/uploads\\\/2023\\\/01\\\/ProMark-compact-logo_trans.png\",\"contentUrl\":\"https:\\\/\\\/worklinq.com\\\/wp-content\\\/uploads\\\/2023\\\/01\\\/ProMark-compact-logo_trans.png\",\"width\":1155,\"height\":1155,\"caption\":\"Worklinq\"},\"image\":{\"@id\":\"https:\\\/\\\/worklinq.com\\\/sv\\\/#\\\/schema\\\/logo\\\/image\\\/\"},\"sameAs\":[\"https:\\\/\\\/www.linkedin.com\\\/company\\\/mark-information-as\\\/\"]}]}<\/script>\n<!-- \/ Yoast SEO plugin. -->","yoast_head_json":{"title":"Prata med v\u00e5ra experter och l\u00e4r dig mer om Worklinq | Worklinq","description":"Vi svarar g\u00e4rna p\u00e5 dina fr\u00e5gor och ger dig en introduktion till hur du kan \u00f6ka ditt teams produktivitet med Worklinq.","robots":{"index":"index","follow":"follow","max-snippet":"max-snippet:-1","max-image-preview":"max-image-preview:large","max-video-preview":"max-video-preview:-1"},"canonical":"https:\/\/worklinq.com\/sv\/redo-att-prata\/","og_locale":"sv_SE","og_type":"article","og_title":"Prata med v\u00e5ra experter och l\u00e4r dig mer om Worklinq | Worklinq","og_description":"Vi svarar g\u00e4rna p\u00e5 dina fr\u00e5gor och ger dig en introduktion till hur du kan \u00f6ka ditt teams produktivitet med Worklinq.","og_url":"https:\/\/worklinq.com\/sv\/redo-att-prata\/","og_site_name":"Worklinq","article_modified_time":"2025-12-17T09:29:40+00:00","og_image":[{"width":960,"height":640,"url":"https:\/\/worklinq.com\/wp-content\/uploads\/2025\/08\/Promo-PM-Worklinq.png","type":"image\/png"}],"twitter_card":"summary_large_image","twitter_misc":{"Ber\u00e4knad l\u00e4stid":"3 minuter"},"schema":{"@context":"https:\/\/schema.org","@graph":[{"@type":"WebPage","@id":"https:\/\/worklinq.com\/sv\/redo-att-prata\/","url":"https:\/\/worklinq.com\/sv\/redo-att-prata\/","name":"Prata med v\u00e5ra experter och l\u00e4r dig mer om Worklinq | Worklinq","isPartOf":{"@id":"https:\/\/worklinq.com\/sv\/#website"},"primaryImageOfPage":{"@id":"https:\/\/worklinq.com\/sv\/redo-att-prata\/#primaryimage"},"image":{"@id":"https:\/\/worklinq.com\/sv\/redo-att-prata\/#primaryimage"},"thumbnailUrl":"https:\/\/worklinq.com\/wp-content\/uploads\/2025\/08\/Compliance-across-every-rule.svg","datePublished":"2023-01-18T11:47:59+00:00","dateModified":"2025-12-17T09:29:40+00:00","description":"Vi svarar g\u00e4rna p\u00e5 dina fr\u00e5gor och ger dig en introduktion till hur du kan \u00f6ka ditt teams produktivitet med Worklinq.","breadcrumb":{"@id":"https:\/\/worklinq.com\/sv\/redo-att-prata\/#breadcrumb"},"inLanguage":"sv-SE","potentialAction":[{"@type":"ReadAction","target":["https:\/\/worklinq.com\/sv\/redo-att-prata\/"]}]},{"@type":"ImageObject","inLanguage":"sv-SE","@id":"https:\/\/worklinq.com\/sv\/redo-att-prata\/#primaryimage","url":"https:\/\/worklinq.com\/wp-content\/uploads\/2025\/08\/Compliance-across-every-rule.svg","contentUrl":"https:\/\/worklinq.com\/wp-content\/uploads\/2025\/08\/Compliance-across-every-rule.svg"},{"@type":"BreadcrumbList","@id":"https:\/\/worklinq.com\/sv\/redo-att-prata\/#breadcrumb","itemListElement":[{"@type":"ListItem","position":1,"name":"Home","item":"https:\/\/worklinq.com\/sv\/"},{"@type":"ListItem","position":2,"name":"Redo att prata?"}]},{"@type":"WebSite","@id":"https:\/\/worklinq.com\/sv\/#website","url":"https:\/\/worklinq.com\/sv\/","name":"Worklinq","description":"Leading companies achieve results with ProMark","publisher":{"@id":"https:\/\/worklinq.com\/sv\/#organization"},"potentialAction":[{"@type":"SearchAction","target":{"@type":"EntryPoint","urlTemplate":"https:\/\/worklinq.com\/sv\/?s={search_term_string}"},"query-input":{"@type":"PropertyValueSpecification","valueRequired":true,"valueName":"search_term_string"}}],"inLanguage":"sv-SE"},{"@type":"Organization","@id":"https:\/\/worklinq.com\/sv\/#organization","name":"Worklinq","url":"https:\/\/worklinq.com\/sv\/","logo":{"@type":"ImageObject","inLanguage":"sv-SE","@id":"https:\/\/worklinq.com\/sv\/#\/schema\/logo\/image\/","url":"https:\/\/worklinq.com\/wp-content\/uploads\/2023\/01\/ProMark-compact-logo_trans.png","contentUrl":"https:\/\/worklinq.com\/wp-content\/uploads\/2023\/01\/ProMark-compact-logo_trans.png","width":1155,"height":1155,"caption":"Worklinq"},"image":{"@id":"https:\/\/worklinq.com\/sv\/#\/schema\/logo\/image\/"},"sameAs":["https:\/\/www.linkedin.com\/company\/mark-information-as\/"]}]}},"_links":{"self":[{"href":"https:\/\/worklinq.com\/sv\/wp-json\/wp\/v2\/pages\/248738","targetHints":{"allow":["GET"]}}],"collection":[{"href":"https:\/\/worklinq.com\/sv\/wp-json\/wp\/v2\/pages"}],"about":[{"href":"https:\/\/worklinq.com\/sv\/wp-json\/wp\/v2\/types\/page"}],"author":[{"embeddable":true,"href":"https:\/\/worklinq.com\/sv\/wp-json\/wp\/v2\/users\/1"}],"replies":[{"embeddable":true,"href":"https:\/\/worklinq.com\/sv\/wp-json\/wp\/v2\/comments?post=248738"}],"version-history":[{"count":4,"href":"https:\/\/worklinq.com\/sv\/wp-json\/wp\/v2\/pages\/248738\/revisions"}],"predecessor-version":[{"id":282874,"href":"https:\/\/worklinq.com\/sv\/wp-json\/wp\/v2\/pages\/248738\/revisions\/282874"}],"wp:featuredmedia":[{"embeddable":true,"href":"https:\/\/worklinq.com\/sv\/wp-json\/wp\/v2\/media\/278379"}],"wp:attachment":[{"href":"https:\/\/worklinq.com\/sv\/wp-json\/wp\/v2\/media?parent=248738"}],"curies":[{"name":"wp","href":"https:\/\/api.w.org\/{rel}","templated":true}]}}