{"id":254628,"date":"2023-05-25T09:00:24","date_gmt":"2023-05-25T09:00:24","guid":{"rendered":"https:\/\/promark365.com\/permissions-update-thank-you\/"},"modified":"2023-06-23T14:11:57","modified_gmt":"2023-06-23T14:11:57","slug":"uppdatering-av-permissions","status":"publish","type":"page","link":"https:\/\/worklinq.com\/sv\/uppdatering-av-permissions\/","title":{"rendered":"Uppdatering av permissions"},"content":{"rendered":"<p>[et_pb_section fb_built=&#8221;1&#8243; _builder_version=&#8221;4.20.0&#8243; _module_preset=&#8221;default&#8221; global_colors_info=&#8221;{}&#8221;][et_pb_row _builder_version=&#8221;4.20.0&#8243; _module_preset=&#8221;default&#8221; global_colors_info=&#8221;{}&#8221;][et_pb_column type=&#8221;4_4&#8243; _builder_version=&#8221;4.20.0&#8243; _module_preset=&#8221;default&#8221; global_colors_info=&#8221;{}&#8221;][et_pb_text module_class=&#8221;title-hero&#8221; _builder_version=&#8221;4.21.0&#8243; _module_preset=&#8221;default&#8221; text_orientation=&#8221;center&#8221; global_colors_info=&#8221;{}&#8221;]<\/p>\n<h1>Tack!<\/h1>\n<p>[\/et_pb_text][et_pb_text module_class=&#8221;intro&#8221; _builder_version=&#8221;4.21.0&#8243; _module_preset=&#8221;default&#8221; text_orientation=&#8221;center&#8221; global_colors_info=&#8221;{}&#8221; hover_enabled=&#8221;0&#8243; sticky_enabled=&#8221;0&#8243;]<\/p>\n<p>Du har uppdaterat dina preferenser.<\/p>\n<p>Du kan <a href=\"https:\/\/worklinq.com\/permissions\/\" target=\"_blank\" rel=\"noopener\">bes\u00f6ke preferenscentret h\u00e4r<\/a> f\u00f6r att uppdatera dine preferenser.<\/p>\n<p>[\/et_pb_text][\/et_pb_column][\/et_pb_row][\/et_pb_section]<\/p>\n","protected":false},"excerpt":{"rendered":"<p>Tack!Du har uppdaterat dina preferenser. Du kan bes\u00f6ke preferenscentret h\u00e4r f\u00f6r att uppdatera dine preferenser.<\/p>\n","protected":false},"author":2,"featured_media":0,"parent":0,"menu_order":0,"comment_status":"closed","ping_status":"closed","template":"","meta":{"_acf_changed":false,"_et_pb_use_builder":"on","_et_pb_old_content":"","_et_gb_content_width":"","footnotes":""},"class_list":["post-254628","page","type-page","status-publish","hentry"],"featured_image_src":null,"acf":[],"yoast_head":"<!-- This site is optimized with the Yoast SEO plugin v27.3 - https:\/\/yoast.com\/product\/yoast-seo-wordpress\/ -->\n<title>Uppdatering av permissions | Worklinq<\/title>\n<meta name=\"robots\" content=\"index, follow, max-snippet:-1, max-image-preview:large, max-video-preview:-1\" \/>\n<link rel=\"canonical\" href=\"https:\/\/worklinq.com\/sv\/uppdatering-av-permissions\/\" \/>\n<meta property=\"og:locale\" content=\"sv_SE\" \/>\n<meta property=\"og:type\" content=\"article\" \/>\n<meta property=\"og:title\" content=\"Uppdatering av permissions | Worklinq\" \/>\n<meta property=\"og:description\" content=\"Tack!Du har uppdaterat dina preferenser. Du kan bes\u00f6ke preferenscentret h\u00e4r f\u00f6r att uppdatera dine preferenser.\" \/>\n<meta property=\"og:url\" content=\"https:\/\/worklinq.com\/sv\/uppdatering-av-permissions\/\" \/>\n<meta property=\"og:site_name\" content=\"Worklinq\" \/>\n<meta property=\"article:modified_time\" content=\"2023-06-23T14:11:57+00:00\" \/>\n<meta property=\"og:image\" content=\"https:\/\/worklinq.com\/wp-content\/uploads\/2025\/08\/Promo-PM-Worklinq.png\" \/>\n\t<meta property=\"og:image:width\" content=\"960\" \/>\n\t<meta property=\"og:image:height\" content=\"640\" \/>\n\t<meta property=\"og:image:type\" content=\"image\/png\" \/>\n<meta name=\"twitter:card\" content=\"summary_large_image\" \/>\n<meta name=\"twitter:label1\" content=\"Ber\u00e4knad l\u00e4stid\" \/>\n\t<meta name=\"twitter:data1\" content=\"1 minut\" \/>\n<script type=\"application\/ld+json\" class=\"yoast-schema-graph\">{\"@context\":\"https:\\\/\\\/schema.org\",\"@graph\":[{\"@type\":\"WebPage\",\"@id\":\"https:\\\/\\\/worklinq.com\\\/sv\\\/uppdatering-av-permissions\\\/\",\"url\":\"https:\\\/\\\/worklinq.com\\\/sv\\\/uppdatering-av-permissions\\\/\",\"name\":\"Uppdatering av permissions | Worklinq\",\"isPartOf\":{\"@id\":\"https:\\\/\\\/worklinq.com\\\/sv\\\/#website\"},\"datePublished\":\"2023-05-25T09:00:24+00:00\",\"dateModified\":\"2023-06-23T14:11:57+00:00\",\"breadcrumb\":{\"@id\":\"https:\\\/\\\/worklinq.com\\\/sv\\\/uppdatering-av-permissions\\\/#breadcrumb\"},\"inLanguage\":\"sv-SE\",\"potentialAction\":[{\"@type\":\"ReadAction\",\"target\":[\"https:\\\/\\\/worklinq.com\\\/sv\\\/uppdatering-av-permissions\\\/\"]}]},{\"@type\":\"BreadcrumbList\",\"@id\":\"https:\\\/\\\/worklinq.com\\\/sv\\\/uppdatering-av-permissions\\\/#breadcrumb\",\"itemListElement\":[{\"@type\":\"ListItem\",\"position\":1,\"name\":\"Home\",\"item\":\"https:\\\/\\\/worklinq.com\\\/sv\\\/\"},{\"@type\":\"ListItem\",\"position\":2,\"name\":\"Uppdatering av permissions\"}]},{\"@type\":\"WebSite\",\"@id\":\"https:\\\/\\\/worklinq.com\\\/sv\\\/#website\",\"url\":\"https:\\\/\\\/worklinq.com\\\/sv\\\/\",\"name\":\"Worklinq\",\"description\":\"Leading companies achieve results with ProMark\",\"publisher\":{\"@id\":\"https:\\\/\\\/worklinq.com\\\/sv\\\/#organization\"},\"potentialAction\":[{\"@type\":\"SearchAction\",\"target\":{\"@type\":\"EntryPoint\",\"urlTemplate\":\"https:\\\/\\\/worklinq.com\\\/sv\\\/?s={search_term_string}\"},\"query-input\":{\"@type\":\"PropertyValueSpecification\",\"valueRequired\":true,\"valueName\":\"search_term_string\"}}],\"inLanguage\":\"sv-SE\"},{\"@type\":\"Organization\",\"@id\":\"https:\\\/\\\/worklinq.com\\\/sv\\\/#organization\",\"name\":\"Worklinq\",\"url\":\"https:\\\/\\\/worklinq.com\\\/sv\\\/\",\"logo\":{\"@type\":\"ImageObject\",\"inLanguage\":\"sv-SE\",\"@id\":\"https:\\\/\\\/worklinq.com\\\/sv\\\/#\\\/schema\\\/logo\\\/image\\\/\",\"url\":\"https:\\\/\\\/worklinq.com\\\/wp-content\\\/uploads\\\/2025\\\/07\\\/Worklinq-Logo.svg\",\"contentUrl\":\"https:\\\/\\\/worklinq.com\\\/wp-content\\\/uploads\\\/2025\\\/07\\\/Worklinq-Logo.svg\",\"width\":1,\"height\":1,\"caption\":\"Worklinq\"},\"image\":{\"@id\":\"https:\\\/\\\/worklinq.com\\\/sv\\\/#\\\/schema\\\/logo\\\/image\\\/\"},\"sameAs\":[\"https:\\\/\\\/www.linkedin.com\\\/company\\\/worklinq\\\/\"]}]}<\/script>\n<!-- \/ Yoast SEO plugin. -->","yoast_head_json":{"title":"Uppdatering av permissions | Worklinq","robots":{"index":"index","follow":"follow","max-snippet":"max-snippet:-1","max-image-preview":"max-image-preview:large","max-video-preview":"max-video-preview:-1"},"canonical":"https:\/\/worklinq.com\/sv\/uppdatering-av-permissions\/","og_locale":"sv_SE","og_type":"article","og_title":"Uppdatering av permissions | Worklinq","og_description":"Tack!Du har uppdaterat dina preferenser. Du kan bes\u00f6ke preferenscentret h\u00e4r f\u00f6r att uppdatera dine preferenser.","og_url":"https:\/\/worklinq.com\/sv\/uppdatering-av-permissions\/","og_site_name":"Worklinq","article_modified_time":"2023-06-23T14:11:57+00:00","og_image":[{"width":960,"height":640,"url":"https:\/\/worklinq.com\/wp-content\/uploads\/2025\/08\/Promo-PM-Worklinq.png","type":"image\/png"}],"twitter_card":"summary_large_image","twitter_misc":{"Ber\u00e4knad l\u00e4stid":"1 minut"},"schema":{"@context":"https:\/\/schema.org","@graph":[{"@type":"WebPage","@id":"https:\/\/worklinq.com\/sv\/uppdatering-av-permissions\/","url":"https:\/\/worklinq.com\/sv\/uppdatering-av-permissions\/","name":"Uppdatering av permissions | Worklinq","isPartOf":{"@id":"https:\/\/worklinq.com\/sv\/#website"},"datePublished":"2023-05-25T09:00:24+00:00","dateModified":"2023-06-23T14:11:57+00:00","breadcrumb":{"@id":"https:\/\/worklinq.com\/sv\/uppdatering-av-permissions\/#breadcrumb"},"inLanguage":"sv-SE","potentialAction":[{"@type":"ReadAction","target":["https:\/\/worklinq.com\/sv\/uppdatering-av-permissions\/"]}]},{"@type":"BreadcrumbList","@id":"https:\/\/worklinq.com\/sv\/uppdatering-av-permissions\/#breadcrumb","itemListElement":[{"@type":"ListItem","position":1,"name":"Home","item":"https:\/\/worklinq.com\/sv\/"},{"@type":"ListItem","position":2,"name":"Uppdatering av permissions"}]},{"@type":"WebSite","@id":"https:\/\/worklinq.com\/sv\/#website","url":"https:\/\/worklinq.com\/sv\/","name":"Worklinq","description":"Leading companies achieve results with ProMark","publisher":{"@id":"https:\/\/worklinq.com\/sv\/#organization"},"potentialAction":[{"@type":"SearchAction","target":{"@type":"EntryPoint","urlTemplate":"https:\/\/worklinq.com\/sv\/?s={search_term_string}"},"query-input":{"@type":"PropertyValueSpecification","valueRequired":true,"valueName":"search_term_string"}}],"inLanguage":"sv-SE"},{"@type":"Organization","@id":"https:\/\/worklinq.com\/sv\/#organization","name":"Worklinq","url":"https:\/\/worklinq.com\/sv\/","logo":{"@type":"ImageObject","inLanguage":"sv-SE","@id":"https:\/\/worklinq.com\/sv\/#\/schema\/logo\/image\/","url":"https:\/\/worklinq.com\/wp-content\/uploads\/2025\/07\/Worklinq-Logo.svg","contentUrl":"https:\/\/worklinq.com\/wp-content\/uploads\/2025\/07\/Worklinq-Logo.svg","width":1,"height":1,"caption":"Worklinq"},"image":{"@id":"https:\/\/worklinq.com\/sv\/#\/schema\/logo\/image\/"},"sameAs":["https:\/\/www.linkedin.com\/company\/worklinq\/"]}]}},"_links":{"self":[{"href":"https:\/\/worklinq.com\/sv\/wp-json\/wp\/v2\/pages\/254628","targetHints":{"allow":["GET"]}}],"collection":[{"href":"https:\/\/worklinq.com\/sv\/wp-json\/wp\/v2\/pages"}],"about":[{"href":"https:\/\/worklinq.com\/sv\/wp-json\/wp\/v2\/types\/page"}],"author":[{"embeddable":true,"href":"https:\/\/worklinq.com\/sv\/wp-json\/wp\/v2\/users\/2"}],"replies":[{"embeddable":true,"href":"https:\/\/worklinq.com\/sv\/wp-json\/wp\/v2\/comments?post=254628"}],"version-history":[{"count":0,"href":"https:\/\/worklinq.com\/sv\/wp-json\/wp\/v2\/pages\/254628\/revisions"}],"wp:attachment":[{"href":"https:\/\/worklinq.com\/sv\/wp-json\/wp\/v2\/media?parent=254628"}],"curies":[{"name":"wp","href":"https:\/\/api.w.org\/{rel}","templated":true}]}}